{"id":136,"date":"2024-11-20T15:04:55","date_gmt":"2024-11-20T13:04:55","guid":{"rendered":"http:\/\/bridge9.qodeinteractive.com\/?page_id=136"},"modified":"2025-05-06T18:02:43","modified_gmt":"2025-05-06T15:02:43","slug":"kognitiivsete-funktsioonide-uuring","status":"publish","type":"page","link":"https:\/\/cerveau.ee\/en\/kognitiivsete-funktsioonide-uuring\/","title":{"rendered":"Cognitive studies \u2013 assessment of thinking abilities and cognitive skills"},"content":{"rendered":"<div class=\"wpb-content-wrapper\"><p>[vc_row css_animation=&#8221;&#8221; row_type=&#8221;row&#8221; use_row_as_full_screen_section=&#8221;no&#8221; type=&#8221;grid&#8221; angled_section=&#8221;no&#8221; text_align=&#8221;left&#8221; background_image_as_pattern=&#8221;without_pattern&#8221; z_index=&#8221;&#8221; padding_top=&#8221;80&#8243; padding_bottom=&#8221;80&#8243;][vc_column width=&#8221;1\/2&#8243;][vc_column_text css=&#8221;&#8221;]The study of cognitive functions is a comprehensive assessment process that aims to measure and analyze a person&#8217;s thinking abilities and various cognitive skills. This includes assessing memory, thinking speed, perceptual reasoning, and verbal ability. The study provides a clear picture of a person&#8217;s cognitive abilities and allows us to identify possible cognitive impairments that can affect daily life and learning ability.[\/vc_column_text][vc_separator type=&#8221;transparent&#8221; thickness=&#8221;0&#8243; up=&#8221;41&#8243; down=&#8221;0&#8243;]<a  itemprop=\"url\" href=\"https:\/\/connectedserver.eu\/ConnectedOnlineX\/default.aspx?key=h2Dj7Ukg&#038;lang=et\" target=\"_blank\"  class=\"qbutton  medium default\" style=\"\">BOOKING<\/a>[vc_separator type=&#8221;transparent&#8221; thickness=&#8221;0&#8243; up=&#8221;61&#8243; down=&#8221;0&#8243;][\/vc_column][vc_column width=&#8221;1\/2&#8243;][vc_single_image image=&#8221;497&#8243; img_size=&#8221;full&#8221; css=&#8221;&#8221; qode_css_animation=&#8221;&#8221;][\/vc_column][\/vc_row][vc_row css_animation=&#8221;&#8221; row_type=&#8221;row&#8221; use_row_as_full_screen_section=&#8221;no&#8221; type=&#8221;grid&#8221; angled_section=&#8221;no&#8221; text_align=&#8221;left&#8221; background_image_as_pattern=&#8221;without_pattern&#8221; css=&#8221;.vc_custom_1741160156347{background-color: #F5F5F5 !important;}&#8221; z_index=&#8221;&#8221; padding_top=&#8221;80&#8243; padding_bottom=&#8221;80&#8243;][vc_column][vc_column_text css=&#8221;&#8221;]<\/p>\n<h3>Who is the study of cognitive functions intended for?<\/h3>\n<p>&nbsp;<\/p>\n<p>This examination is especially suitable for people who experience problems with certain neurological or psychiatric conditions or want an accurate assessment of their cognitive abilities. The main target groups are:<\/p>\n<ul>\n<li><strong>People with suspected attention deficit hyperactivity disorder (ADHD)<\/strong> &#8211; If there is difficulty concentrating, impulsivity, or hyperactivity, an examination can help clarify the diagnosis and find appropriate support.<\/li>\n<li><strong>For students and parents<\/strong> &#8211; the study can help in choosing the appropriate educational program if the child has learning difficulties or specific cognitive impairments.<\/li>\n<li><strong>People with memory problems<\/strong> &#8211; if there are problems with forgetfulness, attention or suspected neurological problems such as dementia, an examination will help to find out the causes of these difficulties.<\/li>\n<li><strong>People with a history of traumatic brain injury or neurological disease<\/strong> &#8211; the study helps assess the impact of brain damage or disease on thinking functions and daily coping.<\/li>\n<li><strong>The need for differential diagnosis<\/strong> &#8211; when it is necessary to differentiate between different diagnoses, such as:<br \/>\n&#8211; Speech Problems vs. Autism<br \/>\n&#8211; Attention Deficit Hyperactivity Disorder vs. Autism<br \/>\n&#8211; Attention deficit hyperactivity disorder vs. borderline personality disorder<br \/>\n&#8211; Schizophrenia Spectrum Disorder and Its Impact on Thinking Function<br \/>\n&#8211; Dementia or brain injury and associated personality changes<\/li>\n<\/ul>\n<p><strong>Important!<\/strong> If the purpose of the examination is to identify possible personality patterns and their impact on cognitive abilities, it is also recommended to conduct a <a href=\"https:\/\/cerveau.ee\/en\/isiksuse-uuring\/\" target=\"_blank\" rel=\"noopener\">personality study<\/a>.<\/p>\n<p>&nbsp;<\/p>\n<h3>How is the study performed?<\/h3>\n<p>&nbsp;<\/p>\n<p>The study of cognitive functions lasts approximately 2 hours, during which a number of special tests and tasks are carried out to get a complete picture of a person&#8217;s cognitive abilities. Based on the results of the study, the patient or their loved ones are given personalized recommendations that help in further decisions &#8211; whether it is treatment, adaptation of the learning environment or lifestyle changes to support cognitive skills.<br \/>\nIf you would like more information or would like to make an appointment for a cognitive examination, please <a href=\"https:\/\/cerveau.ee\/en\/kontakt\/\">contact us<\/a>![\/vc_column_text][\/vc_column][\/vc_row][vc_row css_animation=&#8221;&#8221; row_type=&#8221;row&#8221; use_row_as_full_screen_section=&#8221;no&#8221; type=&#8221;grid&#8221; angled_section=&#8221;no&#8221; text_align=&#8221;left&#8221; background_image_as_pattern=&#8221;without_pattern&#8221; css=&#8221;.vc_custom_1467646641143{padding-top: 51px !important;padding-bottom: 51px !important;background-color: #4c87ca !important;}&#8221;][vc_column]<div class='qode_carousels_holder clearfix'><div class='qode_carousels' data-number-of-visible-items=''><ul class='slides'><li class='item'><div class=\"carousel_item_holder\"><span class='first_image_holder '><img decoding=\"async\" itemprop=\"image\" src=\"https:\/\/cerveau.ee\/wp-content\/uploads\/2024\/12\/terviseamet1-1.png\" alt=\"carousel image\" \/><\/span><\/div><\/li><li class='item'><div class=\"carousel_item_holder\"><span class='first_image_holder '><img decoding=\"async\" itemprop=\"image\" src=\"https:\/\/cerveau.ee\/wp-content\/uploads\/2025\/01\/pzu.png\" alt=\"carousel image\" \/><\/span><\/div><\/li><li class='item'><div class=\"carousel_item_holder\"><span class='first_image_holder '><img decoding=\"async\" itemprop=\"image\" src=\"https:\/\/cerveau.ee\/wp-content\/uploads\/2024\/12\/1.png\" alt=\"carousel image\" \/><\/span><\/div><\/li><li class='item'><div class=\"carousel_item_holder\"><span class='first_image_holder '><img decoding=\"async\" itemprop=\"image\" src=\"https:\/\/cerveau.ee\/wp-content\/uploads\/2025\/02\/ohvriabi-logo_varviline-kirjaga3.png\" alt=\"carousel image\" \/><\/span><\/div><\/li><\/ul><\/div><\/div>[\/vc_column][\/vc_row]<\/p>\n<\/div>","protected":false},"excerpt":{"rendered":"<p>[vc_row css_animation=&#8221;&#8221; row_type=&#8221;row&#8221; use_row_as_full_screen_section=&#8221;no&#8221; type=&#8221;grid&#8221; angled_section=&#8221;no&#8221; text_align=&#8221;left&#8221; background_image_as_pattern=&#8221;without_pattern&#8221; z_index=&#8221;&#8221; padding_top=&#8221;80&#8243; padding_bottom=&#8221;80&#8243;][vc_column width=&#8221;1\/2&#8243;][vc_column_text css=&#8221;&#8221;]The study of cognitive functions is a comprehensive assessment process that aims to measure and analyze a person&#8217;s thinking abilities and various cognitive skills. This includes assessing memory, thinking speed, perceptual reasoning, and&#8230;<\/p>\n","protected":false},"author":1,"featured_media":0,"parent":0,"menu_order":0,"comment_status":"closed","ping_status":"closed","template":"full_width.php","meta":{"footnotes":""},"class_list":["post-136","page","type-page","status-publish","hentry"],"yoast_head":"<!-- This site is optimized with the Yoast SEO plugin v27.5 - https:\/\/yoast.com\/product\/yoast-seo-wordpress\/ -->\n<title>Kognitiivsete funktsioonide uuring - kognitiivsete v\u00f5imete hindamine<\/title>\n<meta name=\"description\" content=\"Kognitiivsete funktsioonide uuringu eesm\u00e4rk on m\u00f5\u00f5ta ja anal\u00fc\u00fcsida inimese m\u00f5tlemisv\u00f5imeid ja erinevaid kognitiivseid oskusi.\" \/>\n<meta name=\"robots\" content=\"index, follow, max-snippet:-1, max-image-preview:large, max-video-preview:-1\" \/>\n<link rel=\"canonical\" href=\"https:\/\/cerveau.ee\/kognitiivsete-funktsioonide-uuring\/\" \/>\n<meta property=\"og:locale\" content=\"en_US\" \/>\n<meta property=\"og:type\" content=\"article\" \/>\n<meta property=\"og:title\" content=\"Kognitiivsete funktsioonide uuring - kognitiivsete v\u00f5imete hindamine\" \/>\n<meta property=\"og:description\" content=\"Kognitiivsete funktsioonide uuringu eesm\u00e4rk on m\u00f5\u00f5ta ja anal\u00fc\u00fcsida inimese m\u00f5tlemisv\u00f5imeid ja erinevaid kognitiivseid oskusi.\" \/>\n<meta property=\"og:url\" content=\"https:\/\/cerveau.ee\/kognitiivsete-funktsioonide-uuring\/\" \/>\n<meta property=\"og:site_name\" content=\"[:et]Cerveau ps\u00fchholoogiakliinik[:ru]\u041f\u0441\u0438\u0445\u043e\u043b\u043e\u0433\u0438\u0447\u0435\u0441\u043a\u0430\u044f \u043a\u043b\u0438\u043d\u0438\u043a\u0430 Cerveau[:en]Cerveau Psychological Clinic[:]\" \/>\n<meta property=\"article:modified_time\" content=\"2025-05-06T15:02:43+00:00\" \/>\n<meta name=\"twitter:card\" content=\"summary_large_image\" \/>\n<meta name=\"twitter:label1\" content=\"Est. reading time\" \/>\n\t<meta name=\"twitter:data1\" content=\"3 minutes\" \/>\n<script type=\"application\/ld+json\" class=\"yoast-schema-graph\">{\"@context\":\"https:\\\/\\\/schema.org\",\"@graph\":[{\"@type\":\"WebPage\",\"@id\":\"https:\\\/\\\/cerveau.ee\\\/kognitiivsete-funktsioonide-uuring\\\/\",\"url\":\"https:\\\/\\\/cerveau.ee\\\/kognitiivsete-funktsioonide-uuring\\\/\",\"name\":\"Kognitiivsete funktsioonide uuring - kognitiivsete v\u00f5imete hindamine\",\"isPartOf\":{\"@id\":\"https:\\\/\\\/cerveau.ee\\\/en\\\/#website\"},\"datePublished\":\"2024-11-20T13:04:55+00:00\",\"dateModified\":\"2025-05-06T15:02:43+00:00\",\"description\":\"Kognitiivsete funktsioonide uuringu eesm\u00e4rk on m\u00f5\u00f5ta ja anal\u00fc\u00fcsida inimese m\u00f5tlemisv\u00f5imeid ja erinevaid kognitiivseid oskusi.\",\"breadcrumb\":{\"@id\":\"https:\\\/\\\/cerveau.ee\\\/kognitiivsete-funktsioonide-uuring\\\/#breadcrumb\"},\"inLanguage\":\"en-US\",\"potentialAction\":[{\"@type\":\"ReadAction\",\"target\":[\"https:\\\/\\\/cerveau.ee\\\/kognitiivsete-funktsioonide-uuring\\\/\"]}]},{\"@type\":\"BreadcrumbList\",\"@id\":\"https:\\\/\\\/cerveau.ee\\\/kognitiivsete-funktsioonide-uuring\\\/#breadcrumb\",\"itemListElement\":[{\"@type\":\"ListItem\",\"position\":1,\"name\":\"Home\",\"item\":\"https:\\\/\\\/cerveau.ee\\\/\"},{\"@type\":\"ListItem\",\"position\":2,\"name\":\"Kognitiivsete funktsioonide uuring &#8211; m\u00f5tlemisv\u00f5ime ja kognitiivsete oskuste hindamine\"}]},{\"@type\":\"WebSite\",\"@id\":\"https:\\\/\\\/cerveau.ee\\\/en\\\/#website\",\"url\":\"https:\\\/\\\/cerveau.ee\\\/en\\\/\",\"name\":\"Cerveau\",\"description\":\"\",\"publisher\":{\"@id\":\"https:\\\/\\\/cerveau.ee\\\/en\\\/#organization\"},\"potentialAction\":[{\"@type\":\"SearchAction\",\"target\":{\"@type\":\"EntryPoint\",\"urlTemplate\":\"https:\\\/\\\/cerveau.ee\\\/en\\\/?s={search_term_string}\"},\"query-input\":{\"@type\":\"PropertyValueSpecification\",\"valueRequired\":true,\"valueName\":\"search_term_string\"}}],\"inLanguage\":\"en-US\"},{\"@type\":\"Organization\",\"@id\":\"https:\\\/\\\/cerveau.ee\\\/en\\\/#organization\",\"name\":\"Cerveau\",\"url\":\"https:\\\/\\\/cerveau.ee\\\/en\\\/\",\"logo\":{\"@type\":\"ImageObject\",\"inLanguage\":\"en-US\",\"@id\":\"https:\\\/\\\/cerveau.ee\\\/en\\\/#\\\/schema\\\/logo\\\/image\\\/\",\"url\":\"https:\\\/\\\/cerveau.ee\\\/wp-content\\\/uploads\\\/2024\\\/11\\\/logo2.png\",\"contentUrl\":\"https:\\\/\\\/cerveau.ee\\\/wp-content\\\/uploads\\\/2024\\\/11\\\/logo2.png\",\"width\":319,\"height\":70,\"caption\":\"Cerveau\"},\"image\":{\"@id\":\"https:\\\/\\\/cerveau.ee\\\/en\\\/#\\\/schema\\\/logo\\\/image\\\/\"}}]}<\/script>\n<!-- \/ Yoast SEO plugin. -->","yoast_head_json":{"title":"Kognitiivsete funktsioonide uuring - kognitiivsete v\u00f5imete hindamine","description":"Kognitiivsete funktsioonide uuringu eesm\u00e4rk on m\u00f5\u00f5ta ja anal\u00fc\u00fcsida inimese m\u00f5tlemisv\u00f5imeid ja erinevaid kognitiivseid oskusi.","robots":{"index":"index","follow":"follow","max-snippet":"max-snippet:-1","max-image-preview":"max-image-preview:large","max-video-preview":"max-video-preview:-1"},"canonical":"https:\/\/cerveau.ee\/kognitiivsete-funktsioonide-uuring\/","og_locale":"en_US","og_type":"article","og_title":"Kognitiivsete funktsioonide uuring - kognitiivsete v\u00f5imete hindamine","og_description":"Kognitiivsete funktsioonide uuringu eesm\u00e4rk on m\u00f5\u00f5ta ja anal\u00fc\u00fcsida inimese m\u00f5tlemisv\u00f5imeid ja erinevaid kognitiivseid oskusi.","og_url":"https:\/\/cerveau.ee\/kognitiivsete-funktsioonide-uuring\/","og_site_name":"[:et]Cerveau ps\u00fchholoogiakliinik[:ru]\u041f\u0441\u0438\u0445\u043e\u043b\u043e\u0433\u0438\u0447\u0435\u0441\u043a\u0430\u044f \u043a\u043b\u0438\u043d\u0438\u043a\u0430 Cerveau[:en]Cerveau Psychological Clinic[:]","article_modified_time":"2025-05-06T15:02:43+00:00","twitter_card":"summary_large_image","twitter_misc":{"Est. reading time":"3 minutes"},"schema":{"@context":"https:\/\/schema.org","@graph":[{"@type":"WebPage","@id":"https:\/\/cerveau.ee\/kognitiivsete-funktsioonide-uuring\/","url":"https:\/\/cerveau.ee\/kognitiivsete-funktsioonide-uuring\/","name":"Kognitiivsete funktsioonide uuring - kognitiivsete v\u00f5imete hindamine","isPartOf":{"@id":"https:\/\/cerveau.ee\/en\/#website"},"datePublished":"2024-11-20T13:04:55+00:00","dateModified":"2025-05-06T15:02:43+00:00","description":"Kognitiivsete funktsioonide uuringu eesm\u00e4rk on m\u00f5\u00f5ta ja anal\u00fc\u00fcsida inimese m\u00f5tlemisv\u00f5imeid ja erinevaid kognitiivseid oskusi.","breadcrumb":{"@id":"https:\/\/cerveau.ee\/kognitiivsete-funktsioonide-uuring\/#breadcrumb"},"inLanguage":"en-US","potentialAction":[{"@type":"ReadAction","target":["https:\/\/cerveau.ee\/kognitiivsete-funktsioonide-uuring\/"]}]},{"@type":"BreadcrumbList","@id":"https:\/\/cerveau.ee\/kognitiivsete-funktsioonide-uuring\/#breadcrumb","itemListElement":[{"@type":"ListItem","position":1,"name":"Home","item":"https:\/\/cerveau.ee\/"},{"@type":"ListItem","position":2,"name":"Kognitiivsete funktsioonide uuring &#8211; m\u00f5tlemisv\u00f5ime ja kognitiivsete oskuste hindamine"}]},{"@type":"WebSite","@id":"https:\/\/cerveau.ee\/en\/#website","url":"https:\/\/cerveau.ee\/en\/","name":"Cerveau","description":"","publisher":{"@id":"https:\/\/cerveau.ee\/en\/#organization"},"potentialAction":[{"@type":"SearchAction","target":{"@type":"EntryPoint","urlTemplate":"https:\/\/cerveau.ee\/en\/?s={search_term_string}"},"query-input":{"@type":"PropertyValueSpecification","valueRequired":true,"valueName":"search_term_string"}}],"inLanguage":"en-US"},{"@type":"Organization","@id":"https:\/\/cerveau.ee\/en\/#organization","name":"Cerveau","url":"https:\/\/cerveau.ee\/en\/","logo":{"@type":"ImageObject","inLanguage":"en-US","@id":"https:\/\/cerveau.ee\/en\/#\/schema\/logo\/image\/","url":"https:\/\/cerveau.ee\/wp-content\/uploads\/2024\/11\/logo2.png","contentUrl":"https:\/\/cerveau.ee\/wp-content\/uploads\/2024\/11\/logo2.png","width":319,"height":70,"caption":"Cerveau"},"image":{"@id":"https:\/\/cerveau.ee\/en\/#\/schema\/logo\/image\/"}}]}},"_links":{"self":[{"href":"https:\/\/cerveau.ee\/en\/wp-json\/wp\/v2\/pages\/136","targetHints":{"allow":["GET"]}}],"collection":[{"href":"https:\/\/cerveau.ee\/en\/wp-json\/wp\/v2\/pages"}],"about":[{"href":"https:\/\/cerveau.ee\/en\/wp-json\/wp\/v2\/types\/page"}],"author":[{"embeddable":true,"href":"https:\/\/cerveau.ee\/en\/wp-json\/wp\/v2\/users\/1"}],"replies":[{"embeddable":true,"href":"https:\/\/cerveau.ee\/en\/wp-json\/wp\/v2\/comments?post=136"}],"version-history":[{"count":5,"href":"https:\/\/cerveau.ee\/en\/wp-json\/wp\/v2\/pages\/136\/revisions"}],"predecessor-version":[{"id":1097,"href":"https:\/\/cerveau.ee\/en\/wp-json\/wp\/v2\/pages\/136\/revisions\/1097"}],"wp:attachment":[{"href":"https:\/\/cerveau.ee\/en\/wp-json\/wp\/v2\/media?parent=136"}],"curies":[{"name":"wp","href":"https:\/\/api.w.org\/{rel}","templated":true}]}}