{"id":281,"date":"2024-11-21T18:14:26","date_gmt":"2024-11-21T16:14:26","guid":{"rendered":"https:\/\/cerveau.ee\/?page_id=281"},"modified":"2025-05-06T18:04:03","modified_gmt":"2025-05-06T15:04:03","slug":"isiksuse-uuring","status":"publish","type":"page","link":"https:\/\/cerveau.ee\/en\/isiksuse-uuring\/","title":{"rendered":"Personality study &#8211; an in-depth analysis of personality and behavior patterns"},"content":{"rendered":"<div class=\"wpb-content-wrapper\"><p>[vc_row css_animation=&#8221;&#8221; row_type=&#8221;row&#8221; use_row_as_full_screen_section=&#8221;no&#8221; type=&#8221;grid&#8221; angled_section=&#8221;no&#8221; text_align=&#8221;left&#8221; background_image_as_pattern=&#8221;without_pattern&#8221; z_index=&#8221;&#8221; padding_top=&#8221;80&#8243; padding_bottom=&#8221;80&#8243;][vc_column width=&#8221;1\/2&#8243;][vc_column_text css=&#8221;&#8221;]Personality study is a complex assessment process aimed at analyzing a person&#8217;s personality and related behavioral patterns. Our personality affects how we react in different situations, as well as how we perceive the world around us. However, certain behavioral patterns can affect a person&#8217;s well-being, relationships, and daily life. A personality test and survey help identify these patterns and provide recommendations on how to better manage emotions, communication, and decision-making.[\/vc_column_text][vc_separator type=&#8221;transparent&#8221; thickness=&#8221;0&#8243; up=&#8221;41&#8243; down=&#8221;0&#8243;]<a  itemprop=\"url\" href=\"https:\/\/connectedserver.eu\/ConnectedOnlineX\/default.aspx?key=h2Dj7Ukg&#038;lang=et\" target=\"_blank\"  class=\"qbutton  medium default\" style=\"\">BOOKING<\/a>[vc_separator type=&#8221;transparent&#8221; thickness=&#8221;0&#8243; up=&#8221;61&#8243; down=&#8221;0&#8243;][\/vc_column][vc_column width=&#8221;1\/2&#8243;][vc_single_image image=&#8221;491&#8243; img_size=&#8221;full&#8221; css=&#8221;&#8221; qode_css_animation=&#8221;&#8221;][\/vc_column][\/vc_row][vc_row css_animation=&#8221;&#8221; row_type=&#8221;row&#8221; use_row_as_full_screen_section=&#8221;no&#8221; type=&#8221;grid&#8221; angled_section=&#8221;no&#8221; text_align=&#8221;left&#8221; background_image_as_pattern=&#8221;without_pattern&#8221; z_index=&#8221;&#8221; padding_top=&#8221;80&#8243; padding_bottom=&#8221;80&#8243; css=&#8221;.vc_custom_1741159884508{background-color: #F5F5F5 !important;}&#8221;][vc_column][vc_column_text css=&#8221;&#8221;]<\/p>\n<h3>Who is the personality test for?<\/h3>\n<p>&nbsp;<\/p>\n<p>A personality test is an important tool for assessing psychological states, as well as for a better understanding of oneself. The study is useful in the following cases:<\/p>\n<ul>\n<li>If you suspect autism spectrum disorder \u2013 autism may be accompanied by certain behavioral patterns and communication difficulties, understanding which helps you better adapt to your living environment and maintain daily life.<\/li>\n<li>When a personality disorder is suspected \u2013 for example, borderline personality disorder or avoidant personality disorder can affect a person&#8217;s emotional stability, relationships, and self-esteem.<\/li>\n<li>Schizophrenia Spectrum Disorder Assessment \u2013 Personality research helps to understand how these disorders affect a person&#8217;s thinking, behavior, and daily life.<\/li>\n<li>Differential diagnosis of traumatic and dissociative disorders \u2013 the study helps to differentiate mental states and identify whether the symptoms are related to trauma or indicate another mental state.<\/li>\n<li>Diagnosis of dementia \u2013 If dementia or brain damage is suspected, a personality examination is also recommended to understand how personality changes may affect cognitive ability and daily coping.<\/li>\n<li>Personal development and self-development \u2013 Even if there are no mental disorders, a personality test can help you understand your strengths, weaknesses and subconscious patterns that affect different areas of life.<\/li>\n<\/ul>\n<p>&nbsp;<\/p>\n<h3>How is the personality test conducted?<\/h3>\n<p>&nbsp;<\/p>\n<p>The personality test lasts about 2 hours and includes a variety of evidence-based tests and interviews that help assess personality traits, emotional balance, and behavioral patterns. Based on the results of the study, the patient or their relatives are given recommendations on how to better cope with the challenges of everyday life and what changes could be made to improve their well-being.<\/p>\n<p>If you are interested in a personality test or want to understand your behavioral patterns and reactions in more detail, <a href=\"https:\/\/cerveau.ee\/en\/kontakt\/\">contact us<\/a> and sign up for a personality test![\/vc_column_text][\/vc_column][\/vc_row][vc_row css_animation=&#8221;&#8221; row_type=&#8221;row&#8221; use_row_as_full_screen_section=&#8221;no&#8221; type=&#8221;grid&#8221; angled_section=&#8221;no&#8221; text_align=&#8221;left&#8221; background_image_as_pattern=&#8221;without_pattern&#8221; css=&#8221;.vc_custom_1467646641143{padding-top: 51px !important;padding-bottom: 51px !important;background-color: #4c87ca !important;}&#8221;][vc_column]<div class='qode_carousels_holder clearfix'><div class='qode_carousels' data-number-of-visible-items=''><ul class='slides'><li class='item'><div class=\"carousel_item_holder\"><span class='first_image_holder '><img decoding=\"async\" itemprop=\"image\" src=\"https:\/\/cerveau.ee\/wp-content\/uploads\/2024\/12\/terviseamet1-1.png\" alt=\"carousel image\" \/><\/span><\/div><\/li><li class='item'><div class=\"carousel_item_holder\"><span class='first_image_holder '><img decoding=\"async\" itemprop=\"image\" src=\"https:\/\/cerveau.ee\/wp-content\/uploads\/2025\/01\/pzu.png\" alt=\"carousel image\" \/><\/span><\/div><\/li><li class='item'><div class=\"carousel_item_holder\"><span class='first_image_holder '><img decoding=\"async\" itemprop=\"image\" src=\"https:\/\/cerveau.ee\/wp-content\/uploads\/2024\/12\/1.png\" alt=\"carousel image\" \/><\/span><\/div><\/li><li class='item'><div class=\"carousel_item_holder\"><span class='first_image_holder '><img decoding=\"async\" itemprop=\"image\" src=\"https:\/\/cerveau.ee\/wp-content\/uploads\/2025\/02\/ohvriabi-logo_varviline-kirjaga3.png\" alt=\"carousel image\" \/><\/span><\/div><\/li><\/ul><\/div><\/div>[\/vc_column][\/vc_row]<\/p>\n<\/div>","protected":false},"excerpt":{"rendered":"<p>[vc_row css_animation=&#8221;&#8221; row_type=&#8221;row&#8221; use_row_as_full_screen_section=&#8221;no&#8221; type=&#8221;grid&#8221; angled_section=&#8221;no&#8221; text_align=&#8221;left&#8221; background_image_as_pattern=&#8221;without_pattern&#8221; z_index=&#8221;&#8221; padding_top=&#8221;80&#8243; padding_bottom=&#8221;80&#8243;][vc_column width=&#8221;1\/2&#8243;][vc_column_text css=&#8221;&#8221;]Personality study is a complex assessment process aimed at analyzing a person&#8217;s personality and related behavioral patterns. Our personality affects how we react in different situations, as well as how we perceive the&#8230;<\/p>\n","protected":false},"author":1,"featured_media":0,"parent":0,"menu_order":0,"comment_status":"closed","ping_status":"closed","template":"full_width.php","meta":{"footnotes":""},"class_list":["post-281","page","type-page","status-publish","hentry"],"yoast_head":"<!-- This site is optimized with the Yoast SEO plugin v27.5 - https:\/\/yoast.com\/product\/yoast-seo-wordpress\/ -->\n<title>Isiksuse uuring - s\u00fcvitsi isiksuse ja k\u00e4itumismustrite anal\u00fc\u00fcs<\/title>\n<meta name=\"description\" content=\"Isiksuse uuring on oluline t\u00f6\u00f6riist nii ps\u00fchholoogiliste seisundite hindamiseks kui ka enese paremaks m\u00f5istmiseks.\" \/>\n<meta name=\"robots\" content=\"index, follow, max-snippet:-1, max-image-preview:large, max-video-preview:-1\" \/>\n<link rel=\"canonical\" href=\"https:\/\/cerveau.ee\/isiksuse-uuring\/\" \/>\n<meta property=\"og:locale\" content=\"en_US\" \/>\n<meta property=\"og:type\" content=\"article\" \/>\n<meta property=\"og:title\" content=\"Isiksuse uuring - s\u00fcvitsi isiksuse ja k\u00e4itumismustrite anal\u00fc\u00fcs\" \/>\n<meta property=\"og:description\" content=\"Isiksuse uuring on oluline t\u00f6\u00f6riist nii ps\u00fchholoogiliste seisundite hindamiseks kui ka enese paremaks m\u00f5istmiseks.\" \/>\n<meta property=\"og:url\" content=\"https:\/\/cerveau.ee\/isiksuse-uuring\/\" \/>\n<meta property=\"og:site_name\" content=\"[:et]Cerveau ps\u00fchholoogiakliinik[:ru]\u041f\u0441\u0438\u0445\u043e\u043b\u043e\u0433\u0438\u0447\u0435\u0441\u043a\u0430\u044f \u043a\u043b\u0438\u043d\u0438\u043a\u0430 Cerveau[:en]Cerveau Psychological Clinic[:]\" \/>\n<meta property=\"article:modified_time\" content=\"2025-05-06T15:04:03+00:00\" \/>\n<meta name=\"twitter:card\" content=\"summary_large_image\" \/>\n<meta name=\"twitter:label1\" content=\"Est. reading time\" \/>\n\t<meta name=\"twitter:data1\" content=\"2 minutes\" \/>\n<script type=\"application\/ld+json\" class=\"yoast-schema-graph\">{\"@context\":\"https:\\\/\\\/schema.org\",\"@graph\":[{\"@type\":\"WebPage\",\"@id\":\"https:\\\/\\\/cerveau.ee\\\/isiksuse-uuring\\\/\",\"url\":\"https:\\\/\\\/cerveau.ee\\\/isiksuse-uuring\\\/\",\"name\":\"Isiksuse uuring - s\u00fcvitsi isiksuse ja k\u00e4itumismustrite anal\u00fc\u00fcs\",\"isPartOf\":{\"@id\":\"https:\\\/\\\/cerveau.ee\\\/en\\\/#website\"},\"datePublished\":\"2024-11-21T16:14:26+00:00\",\"dateModified\":\"2025-05-06T15:04:03+00:00\",\"description\":\"Isiksuse uuring on oluline t\u00f6\u00f6riist nii ps\u00fchholoogiliste seisundite hindamiseks kui ka enese paremaks m\u00f5istmiseks.\",\"breadcrumb\":{\"@id\":\"https:\\\/\\\/cerveau.ee\\\/isiksuse-uuring\\\/#breadcrumb\"},\"inLanguage\":\"en-US\",\"potentialAction\":[{\"@type\":\"ReadAction\",\"target\":[\"https:\\\/\\\/cerveau.ee\\\/isiksuse-uuring\\\/\"]}]},{\"@type\":\"BreadcrumbList\",\"@id\":\"https:\\\/\\\/cerveau.ee\\\/isiksuse-uuring\\\/#breadcrumb\",\"itemListElement\":[{\"@type\":\"ListItem\",\"position\":1,\"name\":\"Home\",\"item\":\"https:\\\/\\\/cerveau.ee\\\/\"},{\"@type\":\"ListItem\",\"position\":2,\"name\":\"Isiksuse uuring &#8211; s\u00fcvitsi isiksuse ja k\u00e4itumismustrite anal\u00fc\u00fcs\"}]},{\"@type\":\"WebSite\",\"@id\":\"https:\\\/\\\/cerveau.ee\\\/en\\\/#website\",\"url\":\"https:\\\/\\\/cerveau.ee\\\/en\\\/\",\"name\":\"Cerveau\",\"description\":\"\",\"publisher\":{\"@id\":\"https:\\\/\\\/cerveau.ee\\\/en\\\/#organization\"},\"potentialAction\":[{\"@type\":\"SearchAction\",\"target\":{\"@type\":\"EntryPoint\",\"urlTemplate\":\"https:\\\/\\\/cerveau.ee\\\/en\\\/?s={search_term_string}\"},\"query-input\":{\"@type\":\"PropertyValueSpecification\",\"valueRequired\":true,\"valueName\":\"search_term_string\"}}],\"inLanguage\":\"en-US\"},{\"@type\":\"Organization\",\"@id\":\"https:\\\/\\\/cerveau.ee\\\/en\\\/#organization\",\"name\":\"Cerveau\",\"url\":\"https:\\\/\\\/cerveau.ee\\\/en\\\/\",\"logo\":{\"@type\":\"ImageObject\",\"inLanguage\":\"en-US\",\"@id\":\"https:\\\/\\\/cerveau.ee\\\/en\\\/#\\\/schema\\\/logo\\\/image\\\/\",\"url\":\"https:\\\/\\\/cerveau.ee\\\/wp-content\\\/uploads\\\/2024\\\/11\\\/logo2.png\",\"contentUrl\":\"https:\\\/\\\/cerveau.ee\\\/wp-content\\\/uploads\\\/2024\\\/11\\\/logo2.png\",\"width\":319,\"height\":70,\"caption\":\"Cerveau\"},\"image\":{\"@id\":\"https:\\\/\\\/cerveau.ee\\\/en\\\/#\\\/schema\\\/logo\\\/image\\\/\"}}]}<\/script>\n<!-- \/ Yoast SEO plugin. -->","yoast_head_json":{"title":"Isiksuse uuring - s\u00fcvitsi isiksuse ja k\u00e4itumismustrite anal\u00fc\u00fcs","description":"Isiksuse uuring on oluline t\u00f6\u00f6riist nii ps\u00fchholoogiliste seisundite hindamiseks kui ka enese paremaks m\u00f5istmiseks.","robots":{"index":"index","follow":"follow","max-snippet":"max-snippet:-1","max-image-preview":"max-image-preview:large","max-video-preview":"max-video-preview:-1"},"canonical":"https:\/\/cerveau.ee\/isiksuse-uuring\/","og_locale":"en_US","og_type":"article","og_title":"Isiksuse uuring - s\u00fcvitsi isiksuse ja k\u00e4itumismustrite anal\u00fc\u00fcs","og_description":"Isiksuse uuring on oluline t\u00f6\u00f6riist nii ps\u00fchholoogiliste seisundite hindamiseks kui ka enese paremaks m\u00f5istmiseks.","og_url":"https:\/\/cerveau.ee\/isiksuse-uuring\/","og_site_name":"[:et]Cerveau ps\u00fchholoogiakliinik[:ru]\u041f\u0441\u0438\u0445\u043e\u043b\u043e\u0433\u0438\u0447\u0435\u0441\u043a\u0430\u044f \u043a\u043b\u0438\u043d\u0438\u043a\u0430 Cerveau[:en]Cerveau Psychological Clinic[:]","article_modified_time":"2025-05-06T15:04:03+00:00","twitter_card":"summary_large_image","twitter_misc":{"Est. reading time":"2 minutes"},"schema":{"@context":"https:\/\/schema.org","@graph":[{"@type":"WebPage","@id":"https:\/\/cerveau.ee\/isiksuse-uuring\/","url":"https:\/\/cerveau.ee\/isiksuse-uuring\/","name":"Isiksuse uuring - s\u00fcvitsi isiksuse ja k\u00e4itumismustrite anal\u00fc\u00fcs","isPartOf":{"@id":"https:\/\/cerveau.ee\/en\/#website"},"datePublished":"2024-11-21T16:14:26+00:00","dateModified":"2025-05-06T15:04:03+00:00","description":"Isiksuse uuring on oluline t\u00f6\u00f6riist nii ps\u00fchholoogiliste seisundite hindamiseks kui ka enese paremaks m\u00f5istmiseks.","breadcrumb":{"@id":"https:\/\/cerveau.ee\/isiksuse-uuring\/#breadcrumb"},"inLanguage":"en-US","potentialAction":[{"@type":"ReadAction","target":["https:\/\/cerveau.ee\/isiksuse-uuring\/"]}]},{"@type":"BreadcrumbList","@id":"https:\/\/cerveau.ee\/isiksuse-uuring\/#breadcrumb","itemListElement":[{"@type":"ListItem","position":1,"name":"Home","item":"https:\/\/cerveau.ee\/"},{"@type":"ListItem","position":2,"name":"Isiksuse uuring &#8211; s\u00fcvitsi isiksuse ja k\u00e4itumismustrite anal\u00fc\u00fcs"}]},{"@type":"WebSite","@id":"https:\/\/cerveau.ee\/en\/#website","url":"https:\/\/cerveau.ee\/en\/","name":"Cerveau","description":"","publisher":{"@id":"https:\/\/cerveau.ee\/en\/#organization"},"potentialAction":[{"@type":"SearchAction","target":{"@type":"EntryPoint","urlTemplate":"https:\/\/cerveau.ee\/en\/?s={search_term_string}"},"query-input":{"@type":"PropertyValueSpecification","valueRequired":true,"valueName":"search_term_string"}}],"inLanguage":"en-US"},{"@type":"Organization","@id":"https:\/\/cerveau.ee\/en\/#organization","name":"Cerveau","url":"https:\/\/cerveau.ee\/en\/","logo":{"@type":"ImageObject","inLanguage":"en-US","@id":"https:\/\/cerveau.ee\/en\/#\/schema\/logo\/image\/","url":"https:\/\/cerveau.ee\/wp-content\/uploads\/2024\/11\/logo2.png","contentUrl":"https:\/\/cerveau.ee\/wp-content\/uploads\/2024\/11\/logo2.png","width":319,"height":70,"caption":"Cerveau"},"image":{"@id":"https:\/\/cerveau.ee\/en\/#\/schema\/logo\/image\/"}}]}},"_links":{"self":[{"href":"https:\/\/cerveau.ee\/en\/wp-json\/wp\/v2\/pages\/281","targetHints":{"allow":["GET"]}}],"collection":[{"href":"https:\/\/cerveau.ee\/en\/wp-json\/wp\/v2\/pages"}],"about":[{"href":"https:\/\/cerveau.ee\/en\/wp-json\/wp\/v2\/types\/page"}],"author":[{"embeddable":true,"href":"https:\/\/cerveau.ee\/en\/wp-json\/wp\/v2\/users\/1"}],"replies":[{"embeddable":true,"href":"https:\/\/cerveau.ee\/en\/wp-json\/wp\/v2\/comments?post=281"}],"version-history":[{"count":5,"href":"https:\/\/cerveau.ee\/en\/wp-json\/wp\/v2\/pages\/281\/revisions"}],"predecessor-version":[{"id":1098,"href":"https:\/\/cerveau.ee\/en\/wp-json\/wp\/v2\/pages\/281\/revisions\/1098"}],"wp:attachment":[{"href":"https:\/\/cerveau.ee\/en\/wp-json\/wp\/v2\/media?parent=281"}],"curies":[{"name":"wp","href":"https:\/\/api.w.org\/{rel}","templated":true}]}}