{"id":283,"date":"2024-11-21T18:15:22","date_gmt":"2024-11-21T16:15:22","guid":{"rendered":"https:\/\/cerveau.ee\/?page_id=283"},"modified":"2025-12-30T10:14:57","modified_gmt":"2025-12-30T08:14:57","slug":"psuhhoteraapia","status":"publish","type":"page","link":"https:\/\/cerveau.ee\/en\/psuhhoteraapia\/","title":{"rendered":"Psychotherapy in Tallinn &#8211; find the right therapy for you"},"content":{"rendered":"<div class=\"wpb-content-wrapper\"><p>[vc_row css_animation=&#8221;&#8221; row_type=&#8221;row&#8221; use_row_as_full_screen_section=&#8221;no&#8221; type=&#8221;grid&#8221; angled_section=&#8221;no&#8221; text_align=&#8221;left&#8221; background_image_as_pattern=&#8221;without_pattern&#8221; z_index=&#8221;&#8221; padding_top=&#8221;80&#8243; padding_bottom=&#8221;80&#8243;][vc_column width=&#8221;1\/2&#8243;][vc_column_text css=&#8221;&#8221;]At our pcychology center, we offer a wide range of psychotherapeutic services for individual clients, families, and couples.<\/p>\n<p>Each person is unique, so it is important to find a psychotherapeutic approach that fits your needs.<\/p>\n<p>If you are looking for professional psychotherapy in Tallinn, you can choose from various therapy methods.<\/p>\n<p>&nbsp;<\/p>\n<h3>Our psychotherapy options:<\/h3>\n<p>&nbsp;<\/p>\n<p>1. <strong>Crisis counseling<\/strong> is quick and practical help in unexpected crisis situations, such as loss, separation or trauma.<br \/>\n2. <strong>Solution-oriented therapy<\/strong> is a future-oriented method that helps to find practical solutions to specific problems.<br \/>\n3. <strong>Dialectical Behavior Therapy (DCT)<\/strong> for people who have experienced trauma is an effective therapy method that helps regulate emotions and cope with difficult feelings.<br \/>\n4. <strong>Trauma survivor therapy<\/strong> &#8211; specifically for those who have experienced trauma and need support to recover.<br \/>\n5. <strong>Family therapy for transgender people<\/strong> &#8211; helps families understand and support the transgender family member&#8217;s journey.<br \/>\n6. <strong>Therapy for people with sexual difficulties<\/strong> &#8211; aimed at those who are experiencing problems related to sexuality and want to feel better.<br \/>\n7. <strong>Psychodynamic group therapy<\/strong> and group analysis is an opportunity for deeper self-reflection in a group, where participants share experiences and receive support under the guidance of a specialist.<br \/>\n8. <strong>Restoring and maintaining relationships<\/strong> \u2013 designed for adults who want to strengthen their relationships or find solutions to conflicts.<br \/>\n9. <strong>Cognitive behavioral therapy (beginner course)<\/strong> is an evidence-based form of therapy that focuses on changing thought patterns and behaviors.<br \/>\n10. <strong>Improving the relationship between child and parent<\/strong> \u2013 helps to strengthen the bond between child and parent and improve communication between them.<\/p>\n<p>&nbsp;<\/p>\n<h3>How to find the right psychotherapy for you in Tallinn?<\/h3>\n<p>&nbsp;<\/p>\n<p>If you are not sure which psychotherapy is right for you, <a href=\"https:\/\/cerveau.ee\/en\/kontakt\/\">contact<\/a> us \u2013 we will help you choose the best therapy method according to your needs.[\/vc_column_text][vc_separator type=&#8221;transparent&#8221; thickness=&#8221;0&#8243; up=&#8221;41&#8243; down=&#8221;0&#8243;]<a  itemprop=\"url\" href=\"https:\/\/connectedserver.eu\/ConnectedOnlineX\/default.aspx?key=h2Dj7Ukg&#038;lang=et\" target=\"_blank\"  class=\"qbutton  medium default\" style=\"\">BOOKING<\/a>[vc_separator type=&#8221;transparent&#8221; thickness=&#8221;0&#8243; up=&#8221;61&#8243; down=&#8221;0&#8243;][\/vc_column][vc_column width=&#8221;1\/2&#8243;][vc_video link=&#8221;https:\/\/youtu.be\/asxjHIHxvNc&#8221;][\/vc_column][\/vc_row][vc_row css_animation=&#8221;&#8221; row_type=&#8221;row&#8221; use_row_as_full_screen_section=&#8221;no&#8221; type=&#8221;grid&#8221; angled_section=&#8221;no&#8221; text_align=&#8221;left&#8221; background_image_as_pattern=&#8221;without_pattern&#8221; css=&#8221;.vc_custom_1467646641143{padding-top: 51px !important;padding-bottom: 51px !important;background-color: #4c87ca !important;}&#8221;][vc_column]<div class='qode_carousels_holder clearfix'><div class='qode_carousels' data-number-of-visible-items=''><ul class='slides'><li class='item'><div class=\"carousel_item_holder\"><span class='first_image_holder '><img decoding=\"async\" itemprop=\"image\" src=\"https:\/\/cerveau.ee\/wp-content\/uploads\/2024\/12\/terviseamet1-1.png\" alt=\"carousel image\" \/><\/span><\/div><\/li><li class='item'><div class=\"carousel_item_holder\"><span class='first_image_holder '><img decoding=\"async\" itemprop=\"image\" src=\"https:\/\/cerveau.ee\/wp-content\/uploads\/2025\/01\/pzu.png\" alt=\"carousel image\" \/><\/span><\/div><\/li><li class='item'><div class=\"carousel_item_holder\"><span class='first_image_holder '><img decoding=\"async\" itemprop=\"image\" src=\"https:\/\/cerveau.ee\/wp-content\/uploads\/2024\/12\/1.png\" alt=\"carousel image\" \/><\/span><\/div><\/li><li class='item'><div class=\"carousel_item_holder\"><span class='first_image_holder '><img decoding=\"async\" itemprop=\"image\" src=\"https:\/\/cerveau.ee\/wp-content\/uploads\/2025\/02\/ohvriabi-logo_varviline-kirjaga3.png\" alt=\"carousel image\" \/><\/span><\/div><\/li><\/ul><\/div><\/div>[\/vc_column][\/vc_row]<\/p>\n<\/div>","protected":false},"excerpt":{"rendered":"<p>[vc_row css_animation=&#8221;&#8221; row_type=&#8221;row&#8221; use_row_as_full_screen_section=&#8221;no&#8221; type=&#8221;grid&#8221; angled_section=&#8221;no&#8221; text_align=&#8221;left&#8221; background_image_as_pattern=&#8221;without_pattern&#8221; z_index=&#8221;&#8221; padding_top=&#8221;80&#8243; padding_bottom=&#8221;80&#8243;][vc_column width=&#8221;1\/2&#8243;][vc_column_text css=&#8221;&#8221;]At our pcychology center, we offer a wide range of psychotherapeutic services for individual clients, families, and couples. Each person is unique, so it is important to find a psychotherapeutic approach that fits&#8230;<\/p>\n","protected":false},"author":1,"featured_media":0,"parent":0,"menu_order":0,"comment_status":"closed","ping_status":"closed","template":"full_width.php","meta":{"footnotes":""},"class_list":["post-283","page","type-page","status-publish","hentry"],"yoast_head":"<!-- This site is optimized with the Yoast SEO plugin v27.5 - https:\/\/yoast.com\/product\/yoast-seo-wordpress\/ -->\n<title>Ps\u00fchhoteraapia Tallinnas - leia endale sobiv teraapia<\/title>\n<meta name=\"description\" content=\"Cerveau ps\u00fchholoogiakeskuses Tallinnas pakume ps\u00fchhoteraapia teenuseid nii individuaalsetele klientidele, peredele kui ka paaridele.\" \/>\n<meta name=\"robots\" content=\"index, follow, max-snippet:-1, max-image-preview:large, max-video-preview:-1\" \/>\n<link rel=\"canonical\" href=\"https:\/\/cerveau.ee\/psuhhoteraapia\/\" \/>\n<meta property=\"og:locale\" content=\"en_US\" \/>\n<meta property=\"og:type\" content=\"article\" \/>\n<meta property=\"og:title\" content=\"Ps\u00fchhoteraapia Tallinnas - leia endale sobiv teraapia\" \/>\n<meta property=\"og:description\" content=\"Cerveau ps\u00fchholoogiakeskuses Tallinnas pakume ps\u00fchhoteraapia teenuseid nii individuaalsetele klientidele, peredele kui ka paaridele.\" \/>\n<meta property=\"og:url\" content=\"https:\/\/cerveau.ee\/psuhhoteraapia\/\" \/>\n<meta property=\"og:site_name\" content=\"[:et]Cerveau ps\u00fchholoogiakliinik[:ru]\u041f\u0441\u0438\u0445\u043e\u043b\u043e\u0433\u0438\u0447\u0435\u0441\u043a\u0430\u044f \u043a\u043b\u0438\u043d\u0438\u043a\u0430 Cerveau[:en]Cerveau Psychological Clinic[:]\" \/>\n<meta property=\"article:modified_time\" content=\"2025-12-30T08:14:57+00:00\" \/>\n<meta name=\"twitter:card\" content=\"summary_large_image\" \/>\n<meta name=\"twitter:label1\" content=\"Est. reading time\" \/>\n\t<meta name=\"twitter:data1\" content=\"2 minutes\" \/>\n<script type=\"application\/ld+json\" class=\"yoast-schema-graph\">{\"@context\":\"https:\\\/\\\/schema.org\",\"@graph\":[{\"@type\":\"WebPage\",\"@id\":\"https:\\\/\\\/cerveau.ee\\\/psuhhoteraapia\\\/\",\"url\":\"https:\\\/\\\/cerveau.ee\\\/psuhhoteraapia\\\/\",\"name\":\"Ps\u00fchhoteraapia Tallinnas - leia endale sobiv teraapia\",\"isPartOf\":{\"@id\":\"https:\\\/\\\/cerveau.ee\\\/en\\\/#website\"},\"datePublished\":\"2024-11-21T16:15:22+00:00\",\"dateModified\":\"2025-12-30T08:14:57+00:00\",\"description\":\"Cerveau ps\u00fchholoogiakeskuses Tallinnas pakume ps\u00fchhoteraapia teenuseid nii individuaalsetele klientidele, peredele kui ka paaridele.\",\"breadcrumb\":{\"@id\":\"https:\\\/\\\/cerveau.ee\\\/psuhhoteraapia\\\/#breadcrumb\"},\"inLanguage\":\"en-US\",\"potentialAction\":[{\"@type\":\"ReadAction\",\"target\":[\"https:\\\/\\\/cerveau.ee\\\/psuhhoteraapia\\\/\"]}]},{\"@type\":\"BreadcrumbList\",\"@id\":\"https:\\\/\\\/cerveau.ee\\\/psuhhoteraapia\\\/#breadcrumb\",\"itemListElement\":[{\"@type\":\"ListItem\",\"position\":1,\"name\":\"Home\",\"item\":\"https:\\\/\\\/cerveau.ee\\\/\"},{\"@type\":\"ListItem\",\"position\":2,\"name\":\"Ps\u00fchhoteraapia Tallinnas &#8211; leia endale sobiv teraapia\"}]},{\"@type\":\"WebSite\",\"@id\":\"https:\\\/\\\/cerveau.ee\\\/en\\\/#website\",\"url\":\"https:\\\/\\\/cerveau.ee\\\/en\\\/\",\"name\":\"Cerveau\",\"description\":\"\",\"publisher\":{\"@id\":\"https:\\\/\\\/cerveau.ee\\\/en\\\/#organization\"},\"potentialAction\":[{\"@type\":\"SearchAction\",\"target\":{\"@type\":\"EntryPoint\",\"urlTemplate\":\"https:\\\/\\\/cerveau.ee\\\/en\\\/?s={search_term_string}\"},\"query-input\":{\"@type\":\"PropertyValueSpecification\",\"valueRequired\":true,\"valueName\":\"search_term_string\"}}],\"inLanguage\":\"en-US\"},{\"@type\":\"Organization\",\"@id\":\"https:\\\/\\\/cerveau.ee\\\/en\\\/#organization\",\"name\":\"Cerveau\",\"url\":\"https:\\\/\\\/cerveau.ee\\\/en\\\/\",\"logo\":{\"@type\":\"ImageObject\",\"inLanguage\":\"en-US\",\"@id\":\"https:\\\/\\\/cerveau.ee\\\/en\\\/#\\\/schema\\\/logo\\\/image\\\/\",\"url\":\"https:\\\/\\\/cerveau.ee\\\/wp-content\\\/uploads\\\/2024\\\/11\\\/logo2.png\",\"contentUrl\":\"https:\\\/\\\/cerveau.ee\\\/wp-content\\\/uploads\\\/2024\\\/11\\\/logo2.png\",\"width\":319,\"height\":70,\"caption\":\"Cerveau\"},\"image\":{\"@id\":\"https:\\\/\\\/cerveau.ee\\\/en\\\/#\\\/schema\\\/logo\\\/image\\\/\"}}]}<\/script>\n<!-- \/ Yoast SEO plugin. -->","yoast_head_json":{"title":"Ps\u00fchhoteraapia Tallinnas - leia endale sobiv teraapia","description":"Cerveau ps\u00fchholoogiakeskuses Tallinnas pakume ps\u00fchhoteraapia teenuseid nii individuaalsetele klientidele, peredele kui ka paaridele.","robots":{"index":"index","follow":"follow","max-snippet":"max-snippet:-1","max-image-preview":"max-image-preview:large","max-video-preview":"max-video-preview:-1"},"canonical":"https:\/\/cerveau.ee\/psuhhoteraapia\/","og_locale":"en_US","og_type":"article","og_title":"Ps\u00fchhoteraapia Tallinnas - leia endale sobiv teraapia","og_description":"Cerveau ps\u00fchholoogiakeskuses Tallinnas pakume ps\u00fchhoteraapia teenuseid nii individuaalsetele klientidele, peredele kui ka paaridele.","og_url":"https:\/\/cerveau.ee\/psuhhoteraapia\/","og_site_name":"[:et]Cerveau ps\u00fchholoogiakliinik[:ru]\u041f\u0441\u0438\u0445\u043e\u043b\u043e\u0433\u0438\u0447\u0435\u0441\u043a\u0430\u044f \u043a\u043b\u0438\u043d\u0438\u043a\u0430 Cerveau[:en]Cerveau Psychological Clinic[:]","article_modified_time":"2025-12-30T08:14:57+00:00","twitter_card":"summary_large_image","twitter_misc":{"Est. reading time":"2 minutes"},"schema":{"@context":"https:\/\/schema.org","@graph":[{"@type":"WebPage","@id":"https:\/\/cerveau.ee\/psuhhoteraapia\/","url":"https:\/\/cerveau.ee\/psuhhoteraapia\/","name":"Ps\u00fchhoteraapia Tallinnas - leia endale sobiv teraapia","isPartOf":{"@id":"https:\/\/cerveau.ee\/en\/#website"},"datePublished":"2024-11-21T16:15:22+00:00","dateModified":"2025-12-30T08:14:57+00:00","description":"Cerveau ps\u00fchholoogiakeskuses Tallinnas pakume ps\u00fchhoteraapia teenuseid nii individuaalsetele klientidele, peredele kui ka paaridele.","breadcrumb":{"@id":"https:\/\/cerveau.ee\/psuhhoteraapia\/#breadcrumb"},"inLanguage":"en-US","potentialAction":[{"@type":"ReadAction","target":["https:\/\/cerveau.ee\/psuhhoteraapia\/"]}]},{"@type":"BreadcrumbList","@id":"https:\/\/cerveau.ee\/psuhhoteraapia\/#breadcrumb","itemListElement":[{"@type":"ListItem","position":1,"name":"Home","item":"https:\/\/cerveau.ee\/"},{"@type":"ListItem","position":2,"name":"Ps\u00fchhoteraapia Tallinnas &#8211; leia endale sobiv teraapia"}]},{"@type":"WebSite","@id":"https:\/\/cerveau.ee\/en\/#website","url":"https:\/\/cerveau.ee\/en\/","name":"Cerveau","description":"","publisher":{"@id":"https:\/\/cerveau.ee\/en\/#organization"},"potentialAction":[{"@type":"SearchAction","target":{"@type":"EntryPoint","urlTemplate":"https:\/\/cerveau.ee\/en\/?s={search_term_string}"},"query-input":{"@type":"PropertyValueSpecification","valueRequired":true,"valueName":"search_term_string"}}],"inLanguage":"en-US"},{"@type":"Organization","@id":"https:\/\/cerveau.ee\/en\/#organization","name":"Cerveau","url":"https:\/\/cerveau.ee\/en\/","logo":{"@type":"ImageObject","inLanguage":"en-US","@id":"https:\/\/cerveau.ee\/en\/#\/schema\/logo\/image\/","url":"https:\/\/cerveau.ee\/wp-content\/uploads\/2024\/11\/logo2.png","contentUrl":"https:\/\/cerveau.ee\/wp-content\/uploads\/2024\/11\/logo2.png","width":319,"height":70,"caption":"Cerveau"},"image":{"@id":"https:\/\/cerveau.ee\/en\/#\/schema\/logo\/image\/"}}]}},"_links":{"self":[{"href":"https:\/\/cerveau.ee\/en\/wp-json\/wp\/v2\/pages\/283","targetHints":{"allow":["GET"]}}],"collection":[{"href":"https:\/\/cerveau.ee\/en\/wp-json\/wp\/v2\/pages"}],"about":[{"href":"https:\/\/cerveau.ee\/en\/wp-json\/wp\/v2\/types\/page"}],"author":[{"embeddable":true,"href":"https:\/\/cerveau.ee\/en\/wp-json\/wp\/v2\/users\/1"}],"replies":[{"embeddable":true,"href":"https:\/\/cerveau.ee\/en\/wp-json\/wp\/v2\/comments?post=283"}],"version-history":[{"count":5,"href":"https:\/\/cerveau.ee\/en\/wp-json\/wp\/v2\/pages\/283\/revisions"}],"predecessor-version":[{"id":1410,"href":"https:\/\/cerveau.ee\/en\/wp-json\/wp\/v2\/pages\/283\/revisions\/1410"}],"wp:attachment":[{"href":"https:\/\/cerveau.ee\/en\/wp-json\/wp\/v2\/media?parent=283"}],"curies":[{"name":"wp","href":"https:\/\/api.w.org\/{rel}","templated":true}]}}