{"id":287,"date":"2024-11-21T18:16:15","date_gmt":"2024-11-21T16:16:15","guid":{"rendered":"https:\/\/cerveau.ee\/?page_id=287"},"modified":"2025-10-14T10:03:10","modified_gmt":"2025-10-14T07:03:10","slug":"toitumisnoustamine","status":"publish","type":"page","link":"https:\/\/cerveau.ee\/en\/toitumisnoustamine\/","title":{"rendered":"Nutrition counseling &#8211; healthy eating and living a balanced lifestyle"},"content":{"rendered":"<div class=\"wpb-content-wrapper\"><p>[vc_row css_animation=&#8221;&#8221; row_type=&#8221;row&#8221; use_row_as_full_screen_section=&#8221;no&#8221; type=&#8221;grid&#8221; angled_section=&#8221;no&#8221; text_align=&#8221;left&#8221; background_image_as_pattern=&#8221;without_pattern&#8221; z_index=&#8221;&#8221; padding_top=&#8221;80&#8243; padding_bottom=&#8221;80&#8243;][vc_column width=&#8221;1\/2&#8243;][vc_column_text css=&#8221;&#8221;]Nutrition counseling helps to lead a healthy and balanced lifestyle, providing professional support in the formation of eating habits and the correction of physical activity.<\/p>\n<p>A nutrition consultation in Tallinn is a great opportunity to get expert advice to help you improve your daily well-being and maintain your long-term health.<\/p>\n<p>&nbsp;<\/p>\n<h3>Who is the nutrition consultation for?<\/h3>\n<p>&nbsp;<\/p>\n<p><strong>Nutritional counseling is suitable for people of all ages, but is especially useful in the following cases:<\/strong><\/p>\n<p>1. Being overweight or underweight is achieving and maintaining a healthy weight.<br \/>\n2. Diabetes mellitus (especially type II diabetes) is balancing blood sugar levels with proper nutrition.<br \/>\n3. Digestive problems and food intolerances \u2013 finding suitable products and adjusting the menu.<br \/>\n4. &#8220;Irritable bowel syndrome&#8221; and other gastrointestinal disorders \u2013 creating a specially adapted eating plan.<br \/>\n5. Nutrition for athletes and people with an active lifestyle is a support for performance and recovery.<br \/>\n6. Lifestyle changes and healthy habits are long-term improvements in health and well-being.<\/p>\n<p>&nbsp;<\/p>\n<h3>What does nutrition counseling include?<\/h3>\n<p>&nbsp;<\/p>\n<p>1. <strong>Individual nutritional analysis<\/strong> \u2013 existing eating habits are evaluated and necessary adjustments are made.<br \/>\n2. <strong>Menu planning<\/strong> &#8211; we will create a balanced meal plan according to your needs and goals.<br \/>\n3. <strong>Physical activity recommendations<\/strong> \u2013 how to combine diet and exercise for best results.<br \/>\n4. <strong>Healthy food choices and myths about nutrition<\/strong> &#8211; we provide practical recommendations on how to make conscious choices and avoid bad habits.<\/p>\n<p>&nbsp;<\/p>\n<h3>How long does a nutrition consultation last?<\/h3>\n<p>&nbsp;<\/p>\n<p>The duration of one nutrition counseling session is 1 hour. If necessary, a long-term consultation can be organized to monitor the development and make the necessary adjustments.<\/p>\n<p>&nbsp;<\/p>\n<p>If you want to improve your eating habits, maintain your health and lead a balanced lifestyle, book a nutrition consultation in Tallinn today![\/vc_column_text][vc_separator type=&#8221;transparent&#8221; thickness=&#8221;0&#8243; up=&#8221;41&#8243; down=&#8221;0&#8243;]<a  itemprop=\"url\" href=\"https:\/\/connectedserver.eu\/ConnectedOnlineX\/default.aspx?key=h2Dj7Ukg&#038;lang=et\" target=\"_blank\"  class=\"qbutton  medium default\" style=\"\">BOOKING<\/a>[vc_separator type=&#8221;transparent&#8221; thickness=&#8221;0&#8243; up=&#8221;61&#8243; down=&#8221;0&#8243;][\/vc_column][vc_column width=&#8221;1\/2&#8243;][\/vc_column][\/vc_row][vc_row css_animation=&#8221;&#8221; row_type=&#8221;row&#8221; use_row_as_full_screen_section=&#8221;no&#8221; type=&#8221;grid&#8221; angled_section=&#8221;no&#8221; text_align=&#8221;left&#8221; background_image_as_pattern=&#8221;without_pattern&#8221; css=&#8221;.vc_custom_1467646641143{padding-top: 51px !important;padding-bottom: 51px !important;background-color: #4c87ca !important;}&#8221;][vc_column]<div class='qode_carousels_holder clearfix'><div class='qode_carousels' data-number-of-visible-items=''><ul class='slides'><li class='item'><div class=\"carousel_item_holder\"><span class='first_image_holder '><img decoding=\"async\" itemprop=\"image\" src=\"https:\/\/cerveau.ee\/wp-content\/uploads\/2024\/12\/terviseamet1-1.png\" alt=\"carousel image\" \/><\/span><\/div><\/li><li class='item'><div class=\"carousel_item_holder\"><span class='first_image_holder '><img decoding=\"async\" itemprop=\"image\" src=\"https:\/\/cerveau.ee\/wp-content\/uploads\/2025\/01\/pzu.png\" alt=\"carousel image\" \/><\/span><\/div><\/li><li class='item'><div class=\"carousel_item_holder\"><span class='first_image_holder '><img decoding=\"async\" itemprop=\"image\" src=\"https:\/\/cerveau.ee\/wp-content\/uploads\/2024\/12\/1.png\" alt=\"carousel image\" \/><\/span><\/div><\/li><li class='item'><div class=\"carousel_item_holder\"><span class='first_image_holder '><img decoding=\"async\" itemprop=\"image\" src=\"https:\/\/cerveau.ee\/wp-content\/uploads\/2025\/02\/ohvriabi-logo_varviline-kirjaga3.png\" alt=\"carousel image\" \/><\/span><\/div><\/li><\/ul><\/div><\/div>[\/vc_column][\/vc_row]<\/p>\n<\/div>","protected":false},"excerpt":{"rendered":"<p>[vc_row css_animation=&#8221;&#8221; row_type=&#8221;row&#8221; use_row_as_full_screen_section=&#8221;no&#8221; type=&#8221;grid&#8221; angled_section=&#8221;no&#8221; text_align=&#8221;left&#8221; background_image_as_pattern=&#8221;without_pattern&#8221; z_index=&#8221;&#8221; padding_top=&#8221;80&#8243; padding_bottom=&#8221;80&#8243;][vc_column width=&#8221;1\/2&#8243;][vc_column_text css=&#8221;&#8221;]Nutrition counseling helps to lead a healthy and balanced lifestyle, providing professional support in the formation of eating habits and the correction of physical activity. A nutrition consultation in Tallinn is a great&#8230;<\/p>\n","protected":false},"author":1,"featured_media":0,"parent":0,"menu_order":0,"comment_status":"closed","ping_status":"closed","template":"full_width.php","meta":{"footnotes":""},"class_list":["post-287","page","type-page","status-publish","hentry"],"yoast_head":"<!-- This site is optimized with the Yoast SEO plugin v27.5 - https:\/\/yoast.com\/product\/yoast-seo-wordpress\/ -->\n<title>Toitumisn\u00f5ustamine Tallinnas - tervislik men\u00fc\u00fc ja harjumused<\/title>\n<meta name=\"description\" content=\"Cerveau toitumisn\u00f5ustamine Tallinnas on hea v\u00f5imalus saada asjatundlikke soovitusi, et parandada enesetunnet ja toetada pikaajalist tervist.\" \/>\n<meta name=\"robots\" content=\"index, follow, max-snippet:-1, max-image-preview:large, max-video-preview:-1\" \/>\n<link rel=\"canonical\" href=\"https:\/\/cerveau.ee\/toitumisnoustamine\/\" \/>\n<meta property=\"og:locale\" content=\"en_US\" \/>\n<meta property=\"og:type\" content=\"article\" \/>\n<meta property=\"og:title\" content=\"Toitumisn\u00f5ustamine Tallinnas - tervislik men\u00fc\u00fc ja harjumused\" \/>\n<meta property=\"og:description\" content=\"Cerveau toitumisn\u00f5ustamine Tallinnas on hea v\u00f5imalus saada asjatundlikke soovitusi, et parandada enesetunnet ja toetada pikaajalist tervist.\" \/>\n<meta property=\"og:url\" content=\"https:\/\/cerveau.ee\/toitumisnoustamine\/\" \/>\n<meta property=\"og:site_name\" content=\"[:et]Cerveau ps\u00fchholoogiakliinik[:ru]\u041f\u0441\u0438\u0445\u043e\u043b\u043e\u0433\u0438\u0447\u0435\u0441\u043a\u0430\u044f \u043a\u043b\u0438\u043d\u0438\u043a\u0430 Cerveau[:en]Cerveau Psychological Clinic[:]\" \/>\n<meta property=\"article:modified_time\" content=\"2025-10-14T07:03:10+00:00\" \/>\n<meta name=\"twitter:card\" content=\"summary_large_image\" \/>\n<meta name=\"twitter:label1\" content=\"Est. reading time\" \/>\n\t<meta name=\"twitter:data1\" content=\"2 minutes\" \/>\n<script type=\"application\/ld+json\" class=\"yoast-schema-graph\">{\"@context\":\"https:\\\/\\\/schema.org\",\"@graph\":[{\"@type\":\"WebPage\",\"@id\":\"https:\\\/\\\/cerveau.ee\\\/toitumisnoustamine\\\/\",\"url\":\"https:\\\/\\\/cerveau.ee\\\/toitumisnoustamine\\\/\",\"name\":\"Toitumisn\u00f5ustamine Tallinnas - tervislik men\u00fc\u00fc ja harjumused\",\"isPartOf\":{\"@id\":\"https:\\\/\\\/cerveau.ee\\\/en\\\/#website\"},\"datePublished\":\"2024-11-21T16:16:15+00:00\",\"dateModified\":\"2025-10-14T07:03:10+00:00\",\"description\":\"Cerveau toitumisn\u00f5ustamine Tallinnas on hea v\u00f5imalus saada asjatundlikke soovitusi, et parandada enesetunnet ja toetada pikaajalist tervist.\",\"breadcrumb\":{\"@id\":\"https:\\\/\\\/cerveau.ee\\\/toitumisnoustamine\\\/#breadcrumb\"},\"inLanguage\":\"en-US\",\"potentialAction\":[{\"@type\":\"ReadAction\",\"target\":[\"https:\\\/\\\/cerveau.ee\\\/toitumisnoustamine\\\/\"]}]},{\"@type\":\"BreadcrumbList\",\"@id\":\"https:\\\/\\\/cerveau.ee\\\/toitumisnoustamine\\\/#breadcrumb\",\"itemListElement\":[{\"@type\":\"ListItem\",\"position\":1,\"name\":\"Home\",\"item\":\"https:\\\/\\\/cerveau.ee\\\/\"},{\"@type\":\"ListItem\",\"position\":2,\"name\":\"Toitumisn\u00f5ustamine &#8211; tervislikud toitumisharjumused ja tasakaalustatud eluviis\"}]},{\"@type\":\"WebSite\",\"@id\":\"https:\\\/\\\/cerveau.ee\\\/en\\\/#website\",\"url\":\"https:\\\/\\\/cerveau.ee\\\/en\\\/\",\"name\":\"Cerveau\",\"description\":\"\",\"publisher\":{\"@id\":\"https:\\\/\\\/cerveau.ee\\\/en\\\/#organization\"},\"potentialAction\":[{\"@type\":\"SearchAction\",\"target\":{\"@type\":\"EntryPoint\",\"urlTemplate\":\"https:\\\/\\\/cerveau.ee\\\/en\\\/?s={search_term_string}\"},\"query-input\":{\"@type\":\"PropertyValueSpecification\",\"valueRequired\":true,\"valueName\":\"search_term_string\"}}],\"inLanguage\":\"en-US\"},{\"@type\":\"Organization\",\"@id\":\"https:\\\/\\\/cerveau.ee\\\/en\\\/#organization\",\"name\":\"Cerveau\",\"url\":\"https:\\\/\\\/cerveau.ee\\\/en\\\/\",\"logo\":{\"@type\":\"ImageObject\",\"inLanguage\":\"en-US\",\"@id\":\"https:\\\/\\\/cerveau.ee\\\/en\\\/#\\\/schema\\\/logo\\\/image\\\/\",\"url\":\"https:\\\/\\\/cerveau.ee\\\/wp-content\\\/uploads\\\/2024\\\/11\\\/logo2.png\",\"contentUrl\":\"https:\\\/\\\/cerveau.ee\\\/wp-content\\\/uploads\\\/2024\\\/11\\\/logo2.png\",\"width\":319,\"height\":70,\"caption\":\"Cerveau\"},\"image\":{\"@id\":\"https:\\\/\\\/cerveau.ee\\\/en\\\/#\\\/schema\\\/logo\\\/image\\\/\"}}]}<\/script>\n<!-- \/ Yoast SEO plugin. -->","yoast_head_json":{"title":"Toitumisn\u00f5ustamine Tallinnas - tervislik men\u00fc\u00fc ja harjumused","description":"Cerveau toitumisn\u00f5ustamine Tallinnas on hea v\u00f5imalus saada asjatundlikke soovitusi, et parandada enesetunnet ja toetada pikaajalist tervist.","robots":{"index":"index","follow":"follow","max-snippet":"max-snippet:-1","max-image-preview":"max-image-preview:large","max-video-preview":"max-video-preview:-1"},"canonical":"https:\/\/cerveau.ee\/toitumisnoustamine\/","og_locale":"en_US","og_type":"article","og_title":"Toitumisn\u00f5ustamine Tallinnas - tervislik men\u00fc\u00fc ja harjumused","og_description":"Cerveau toitumisn\u00f5ustamine Tallinnas on hea v\u00f5imalus saada asjatundlikke soovitusi, et parandada enesetunnet ja toetada pikaajalist tervist.","og_url":"https:\/\/cerveau.ee\/toitumisnoustamine\/","og_site_name":"[:et]Cerveau ps\u00fchholoogiakliinik[:ru]\u041f\u0441\u0438\u0445\u043e\u043b\u043e\u0433\u0438\u0447\u0435\u0441\u043a\u0430\u044f \u043a\u043b\u0438\u043d\u0438\u043a\u0430 Cerveau[:en]Cerveau Psychological Clinic[:]","article_modified_time":"2025-10-14T07:03:10+00:00","twitter_card":"summary_large_image","twitter_misc":{"Est. reading time":"2 minutes"},"schema":{"@context":"https:\/\/schema.org","@graph":[{"@type":"WebPage","@id":"https:\/\/cerveau.ee\/toitumisnoustamine\/","url":"https:\/\/cerveau.ee\/toitumisnoustamine\/","name":"Toitumisn\u00f5ustamine Tallinnas - tervislik men\u00fc\u00fc ja harjumused","isPartOf":{"@id":"https:\/\/cerveau.ee\/en\/#website"},"datePublished":"2024-11-21T16:16:15+00:00","dateModified":"2025-10-14T07:03:10+00:00","description":"Cerveau toitumisn\u00f5ustamine Tallinnas on hea v\u00f5imalus saada asjatundlikke soovitusi, et parandada enesetunnet ja toetada pikaajalist tervist.","breadcrumb":{"@id":"https:\/\/cerveau.ee\/toitumisnoustamine\/#breadcrumb"},"inLanguage":"en-US","potentialAction":[{"@type":"ReadAction","target":["https:\/\/cerveau.ee\/toitumisnoustamine\/"]}]},{"@type":"BreadcrumbList","@id":"https:\/\/cerveau.ee\/toitumisnoustamine\/#breadcrumb","itemListElement":[{"@type":"ListItem","position":1,"name":"Home","item":"https:\/\/cerveau.ee\/"},{"@type":"ListItem","position":2,"name":"Toitumisn\u00f5ustamine &#8211; tervislikud toitumisharjumused ja tasakaalustatud eluviis"}]},{"@type":"WebSite","@id":"https:\/\/cerveau.ee\/en\/#website","url":"https:\/\/cerveau.ee\/en\/","name":"Cerveau","description":"","publisher":{"@id":"https:\/\/cerveau.ee\/en\/#organization"},"potentialAction":[{"@type":"SearchAction","target":{"@type":"EntryPoint","urlTemplate":"https:\/\/cerveau.ee\/en\/?s={search_term_string}"},"query-input":{"@type":"PropertyValueSpecification","valueRequired":true,"valueName":"search_term_string"}}],"inLanguage":"en-US"},{"@type":"Organization","@id":"https:\/\/cerveau.ee\/en\/#organization","name":"Cerveau","url":"https:\/\/cerveau.ee\/en\/","logo":{"@type":"ImageObject","inLanguage":"en-US","@id":"https:\/\/cerveau.ee\/en\/#\/schema\/logo\/image\/","url":"https:\/\/cerveau.ee\/wp-content\/uploads\/2024\/11\/logo2.png","contentUrl":"https:\/\/cerveau.ee\/wp-content\/uploads\/2024\/11\/logo2.png","width":319,"height":70,"caption":"Cerveau"},"image":{"@id":"https:\/\/cerveau.ee\/en\/#\/schema\/logo\/image\/"}}]}},"_links":{"self":[{"href":"https:\/\/cerveau.ee\/en\/wp-json\/wp\/v2\/pages\/287","targetHints":{"allow":["GET"]}}],"collection":[{"href":"https:\/\/cerveau.ee\/en\/wp-json\/wp\/v2\/pages"}],"about":[{"href":"https:\/\/cerveau.ee\/en\/wp-json\/wp\/v2\/types\/page"}],"author":[{"embeddable":true,"href":"https:\/\/cerveau.ee\/en\/wp-json\/wp\/v2\/users\/1"}],"replies":[{"embeddable":true,"href":"https:\/\/cerveau.ee\/en\/wp-json\/wp\/v2\/comments?post=287"}],"version-history":[{"count":5,"href":"https:\/\/cerveau.ee\/en\/wp-json\/wp\/v2\/pages\/287\/revisions"}],"predecessor-version":[{"id":1259,"href":"https:\/\/cerveau.ee\/en\/wp-json\/wp\/v2\/pages\/287\/revisions\/1259"}],"wp:attachment":[{"href":"https:\/\/cerveau.ee\/en\/wp-json\/wp\/v2\/media?parent=287"}],"curies":[{"name":"wp","href":"https:\/\/api.w.org\/{rel}","templated":true}]}}