{"id":325,"date":"2024-11-26T08:14:24","date_gmt":"2024-11-26T06:14:24","guid":{"rendered":"https:\/\/cerveau.ee\/?page_id=325"},"modified":"2025-12-30T10:13:57","modified_gmt":"2025-12-30T08:13:57","slug":"psuhholoogi-noustaja-konsultatsioon","status":"publish","type":"page","link":"https:\/\/cerveau.ee\/en\/psuhholoogi-noustaja-konsultatsioon\/","title":{"rendered":"Psychological counseling &#8211; fast and professional mental health support"},"content":{"rendered":"<div class=\"wpb-content-wrapper\"><p>[vc_row css_animation=&#8221;&#8221; row_type=&#8221;row&#8221; use_row_as_full_screen_section=&#8221;no&#8221; type=&#8221;grid&#8221; angled_section=&#8221;no&#8221; text_align=&#8221;left&#8221; background_image_as_pattern=&#8221;without_pattern&#8221; z_index=&#8221;&#8221; padding_top=&#8221;80&#8243; padding_bottom=&#8221;80&#8243;][vc_column width=&#8221;1\/2&#8243;][vc_column_text css=&#8221;&#8221;]<\/p>\n<h3>What is psychological counseling?<\/h3>\n<p>&nbsp;<\/p>\n<p>Psychological counseling is designed for people who are experiencing emotional difficulties, stress, anxiety, or other problems that need a quick solution but do not require long-term therapy. It is a practical and result-oriented method that focuses on a specific problem and offers support and guidance on how to overcome it.<\/p>\n<p>&nbsp;<\/p>\n<h3>When to choose a psychological consultation?<\/h3>\n<p>&nbsp;<\/p>\n<p><strong>Psychological counseling is suitable if:<\/strong><\/p>\n<p>1. You are in a crisis situation \u2013 for example, after a loss, a breakup, or an unexpected change in life.<br \/>\n2. You feel stressed and anxious that interfere with your daily life and work.<br \/>\n3. You have difficulty making decisions and need an objective view and clarity.<br \/>\n4. You feel lonely and don&#8217;t know who to turn to.<br \/>\n5. You want self-development, such as better self-control, better relationships, or better coping with emotions.<\/p>\n<p>&nbsp;<\/p>\n<h3>What does a counseling psychologist do?<\/h3>\n<p>&nbsp;<\/p>\n<p><strong>A counseling psychologist helps:<\/strong><\/p>\n<p>\u2714 Make a map of the current situation and identify the main problems.<br \/>\n\u2714 Provide practical instructions and coping techniques.<br \/>\n\u2714 If necessary, further steps such as therapy or additional diagnostics will be recommended.<br \/>\n\u2714 It provides support and understanding, helps to find balance and solutions.<\/p>\n<p>&nbsp;<\/p>\n<h3>Psychological counseling and therapy &#8211; what is the difference?<\/h3>\n<p>&nbsp;<\/p>\n<p>1. Psychological counseling is short-term in nature and is aimed at solving a specific problem. It can be limited to one or several sessions.<br \/>\n2. Psychotherapy is a longer-term and more thorough process that focuses on deeper psychological patterns and traumas.<\/p>\n<p>&nbsp;<\/p>\n<h3>How to prepare for psychological counseling?<\/h3>\n<p>&nbsp;<\/p>\n<p>\u2022 Think in advance about what worries you most and what you want to get from the consultation.<br \/>\n\u2022 Be open and honest \u2013 the more information you give to the specialist, the more effective the help will be.<br \/>\n\u2022 If possible, take notes or previous diagnoses with you to help you better understand the situation.<\/p>\n<p>&nbsp;<\/p>\n<h3>How to sign up for a psychological consultation?<\/h3>\n<p>If you feel that you need urgent psychological support or counseling, contact us <a href=\"https:\/\/cerveau.ee\/en\/kontakt\/\">HERE<\/a> or make an appointment online.[\/vc_column_text][vc_separator type=&#8221;transparent&#8221; thickness=&#8221;0&#8243; up=&#8221;41&#8243; down=&#8221;0&#8243;]<a  itemprop=\"url\" href=\"https:\/\/connectedserver.eu\/ConnectedOnlineX\/default.aspx?key=h2Dj7Ukg&#038;lang=et\" target=\"_blank\"  class=\"qbutton  medium default\" style=\"\">BOOKING<\/a>[vc_separator type=&#8221;transparent&#8221; thickness=&#8221;0&#8243; up=&#8221;61&#8243; down=&#8221;0&#8243;][\/vc_column][vc_column width=&#8221;1\/2&#8243;][vc_video link=&#8221;https:\/\/www.youtube.com\/watch?v=YJypjKnHGFQ&#8221; css=&#8221;&#8221;][\/vc_column][\/vc_row][vc_row css_animation=&#8221;&#8221; row_type=&#8221;row&#8221; use_row_as_full_screen_section=&#8221;no&#8221; type=&#8221;grid&#8221; angled_section=&#8221;no&#8221; text_align=&#8221;left&#8221; background_image_as_pattern=&#8221;without_pattern&#8221; css=&#8221;.vc_custom_1467646641143{padding-top: 51px !important;padding-bottom: 51px !important;background-color: #4c87ca !important;}&#8221;][vc_column]<div class='qode_carousels_holder clearfix'><div class='qode_carousels' data-number-of-visible-items=''><ul class='slides'><li class='item'><div class=\"carousel_item_holder\"><span class='first_image_holder '><img decoding=\"async\" itemprop=\"image\" src=\"https:\/\/cerveau.ee\/wp-content\/uploads\/2024\/12\/terviseamet1-1.png\" alt=\"carousel image\" \/><\/span><\/div><\/li><li class='item'><div class=\"carousel_item_holder\"><span class='first_image_holder '><img decoding=\"async\" itemprop=\"image\" src=\"https:\/\/cerveau.ee\/wp-content\/uploads\/2025\/01\/pzu.png\" alt=\"carousel image\" \/><\/span><\/div><\/li><li class='item'><div class=\"carousel_item_holder\"><span class='first_image_holder '><img decoding=\"async\" itemprop=\"image\" src=\"https:\/\/cerveau.ee\/wp-content\/uploads\/2024\/12\/1.png\" alt=\"carousel image\" \/><\/span><\/div><\/li><li class='item'><div class=\"carousel_item_holder\"><span class='first_image_holder '><img decoding=\"async\" itemprop=\"image\" src=\"https:\/\/cerveau.ee\/wp-content\/uploads\/2025\/02\/ohvriabi-logo_varviline-kirjaga3.png\" alt=\"carousel image\" \/><\/span><\/div><\/li><\/ul><\/div><\/div>[\/vc_column][\/vc_row]<\/p>\n<\/div>","protected":false},"excerpt":{"rendered":"<p>[vc_row css_animation=&#8221;&#8221; row_type=&#8221;row&#8221; use_row_as_full_screen_section=&#8221;no&#8221; type=&#8221;grid&#8221; angled_section=&#8221;no&#8221; text_align=&#8221;left&#8221; background_image_as_pattern=&#8221;without_pattern&#8221; z_index=&#8221;&#8221; padding_top=&#8221;80&#8243; padding_bottom=&#8221;80&#8243;][vc_column width=&#8221;1\/2&#8243;][vc_column_text css=&#8221;&#8221;] What is psychological counseling? &nbsp; Psychological counseling is designed for people who are experiencing emotional difficulties, stress, anxiety, or other problems that need a quick solution but do not require long-term therapy&#8230;.<\/p>\n","protected":false},"author":1,"featured_media":0,"parent":0,"menu_order":0,"comment_status":"closed","ping_status":"closed","template":"full_width.php","meta":{"footnotes":""},"class_list":["post-325","page","type-page","status-publish","hentry"],"yoast_head":"<!-- This site is optimized with the Yoast SEO plugin v27.5 - https:\/\/yoast.com\/product\/yoast-seo-wordpress\/ -->\n<title>Ps\u00fchholoogiline n\u00f5ustamine Tallinnas<\/title>\n<meta name=\"description\" content=\"Ps\u00fchholoogiline n\u00f5ustamine on suunatud inimestele, kes kogevad emotsionaalseid raskusi, stressi, \u00e4revust jne, mis vajavad kiiret lahendust.\" \/>\n<meta name=\"robots\" content=\"index, follow, max-snippet:-1, max-image-preview:large, max-video-preview:-1\" \/>\n<link rel=\"canonical\" href=\"https:\/\/cerveau.ee\/psuhholoogi-noustaja-konsultatsioon\/\" \/>\n<meta property=\"og:locale\" content=\"en_US\" \/>\n<meta property=\"og:type\" content=\"article\" \/>\n<meta property=\"og:title\" content=\"Ps\u00fchholoogiline n\u00f5ustamine Tallinnas\" \/>\n<meta property=\"og:description\" content=\"Ps\u00fchholoogiline n\u00f5ustamine on suunatud inimestele, kes kogevad emotsionaalseid raskusi, stressi, \u00e4revust jne, mis vajavad kiiret lahendust.\" \/>\n<meta property=\"og:url\" content=\"https:\/\/cerveau.ee\/psuhholoogi-noustaja-konsultatsioon\/\" \/>\n<meta property=\"og:site_name\" content=\"[:et]Cerveau ps\u00fchholoogiakliinik[:ru]\u041f\u0441\u0438\u0445\u043e\u043b\u043e\u0433\u0438\u0447\u0435\u0441\u043a\u0430\u044f \u043a\u043b\u0438\u043d\u0438\u043a\u0430 Cerveau[:en]Cerveau Psychological Clinic[:]\" \/>\n<meta property=\"article:modified_time\" content=\"2025-12-30T08:13:57+00:00\" \/>\n<meta name=\"twitter:card\" content=\"summary_large_image\" \/>\n<meta name=\"twitter:label1\" content=\"Est. reading time\" \/>\n\t<meta name=\"twitter:data1\" content=\"2 minutes\" \/>\n<script type=\"application\/ld+json\" class=\"yoast-schema-graph\">{\"@context\":\"https:\\\/\\\/schema.org\",\"@graph\":[{\"@type\":\"WebPage\",\"@id\":\"https:\\\/\\\/cerveau.ee\\\/psuhholoogi-noustaja-konsultatsioon\\\/\",\"url\":\"https:\\\/\\\/cerveau.ee\\\/psuhholoogi-noustaja-konsultatsioon\\\/\",\"name\":\"Ps\u00fchholoogiline n\u00f5ustamine Tallinnas\",\"isPartOf\":{\"@id\":\"https:\\\/\\\/cerveau.ee\\\/en\\\/#website\"},\"datePublished\":\"2024-11-26T06:14:24+00:00\",\"dateModified\":\"2025-12-30T08:13:57+00:00\",\"description\":\"Ps\u00fchholoogiline n\u00f5ustamine on suunatud inimestele, kes kogevad emotsionaalseid raskusi, stressi, \u00e4revust jne, mis vajavad kiiret lahendust.\",\"breadcrumb\":{\"@id\":\"https:\\\/\\\/cerveau.ee\\\/psuhholoogi-noustaja-konsultatsioon\\\/#breadcrumb\"},\"inLanguage\":\"en-US\",\"potentialAction\":[{\"@type\":\"ReadAction\",\"target\":[\"https:\\\/\\\/cerveau.ee\\\/psuhholoogi-noustaja-konsultatsioon\\\/\"]}]},{\"@type\":\"BreadcrumbList\",\"@id\":\"https:\\\/\\\/cerveau.ee\\\/psuhholoogi-noustaja-konsultatsioon\\\/#breadcrumb\",\"itemListElement\":[{\"@type\":\"ListItem\",\"position\":1,\"name\":\"Home\",\"item\":\"https:\\\/\\\/cerveau.ee\\\/\"},{\"@type\":\"ListItem\",\"position\":2,\"name\":\"Ps\u00fchholoogiline n\u00f5ustamine &#8211; kiire ja professionaalne vaimse tervise tugi\"}]},{\"@type\":\"WebSite\",\"@id\":\"https:\\\/\\\/cerveau.ee\\\/en\\\/#website\",\"url\":\"https:\\\/\\\/cerveau.ee\\\/en\\\/\",\"name\":\"Cerveau\",\"description\":\"\",\"publisher\":{\"@id\":\"https:\\\/\\\/cerveau.ee\\\/en\\\/#organization\"},\"potentialAction\":[{\"@type\":\"SearchAction\",\"target\":{\"@type\":\"EntryPoint\",\"urlTemplate\":\"https:\\\/\\\/cerveau.ee\\\/en\\\/?s={search_term_string}\"},\"query-input\":{\"@type\":\"PropertyValueSpecification\",\"valueRequired\":true,\"valueName\":\"search_term_string\"}}],\"inLanguage\":\"en-US\"},{\"@type\":\"Organization\",\"@id\":\"https:\\\/\\\/cerveau.ee\\\/en\\\/#organization\",\"name\":\"Cerveau\",\"url\":\"https:\\\/\\\/cerveau.ee\\\/en\\\/\",\"logo\":{\"@type\":\"ImageObject\",\"inLanguage\":\"en-US\",\"@id\":\"https:\\\/\\\/cerveau.ee\\\/en\\\/#\\\/schema\\\/logo\\\/image\\\/\",\"url\":\"https:\\\/\\\/cerveau.ee\\\/wp-content\\\/uploads\\\/2024\\\/11\\\/logo2.png\",\"contentUrl\":\"https:\\\/\\\/cerveau.ee\\\/wp-content\\\/uploads\\\/2024\\\/11\\\/logo2.png\",\"width\":319,\"height\":70,\"caption\":\"Cerveau\"},\"image\":{\"@id\":\"https:\\\/\\\/cerveau.ee\\\/en\\\/#\\\/schema\\\/logo\\\/image\\\/\"}}]}<\/script>\n<!-- \/ Yoast SEO plugin. -->","yoast_head_json":{"title":"Ps\u00fchholoogiline n\u00f5ustamine Tallinnas","description":"Ps\u00fchholoogiline n\u00f5ustamine on suunatud inimestele, kes kogevad emotsionaalseid raskusi, stressi, \u00e4revust jne, mis vajavad kiiret lahendust.","robots":{"index":"index","follow":"follow","max-snippet":"max-snippet:-1","max-image-preview":"max-image-preview:large","max-video-preview":"max-video-preview:-1"},"canonical":"https:\/\/cerveau.ee\/psuhholoogi-noustaja-konsultatsioon\/","og_locale":"en_US","og_type":"article","og_title":"Ps\u00fchholoogiline n\u00f5ustamine Tallinnas","og_description":"Ps\u00fchholoogiline n\u00f5ustamine on suunatud inimestele, kes kogevad emotsionaalseid raskusi, stressi, \u00e4revust jne, mis vajavad kiiret lahendust.","og_url":"https:\/\/cerveau.ee\/psuhholoogi-noustaja-konsultatsioon\/","og_site_name":"[:et]Cerveau ps\u00fchholoogiakliinik[:ru]\u041f\u0441\u0438\u0445\u043e\u043b\u043e\u0433\u0438\u0447\u0435\u0441\u043a\u0430\u044f \u043a\u043b\u0438\u043d\u0438\u043a\u0430 Cerveau[:en]Cerveau Psychological Clinic[:]","article_modified_time":"2025-12-30T08:13:57+00:00","twitter_card":"summary_large_image","twitter_misc":{"Est. reading time":"2 minutes"},"schema":{"@context":"https:\/\/schema.org","@graph":[{"@type":"WebPage","@id":"https:\/\/cerveau.ee\/psuhholoogi-noustaja-konsultatsioon\/","url":"https:\/\/cerveau.ee\/psuhholoogi-noustaja-konsultatsioon\/","name":"Ps\u00fchholoogiline n\u00f5ustamine Tallinnas","isPartOf":{"@id":"https:\/\/cerveau.ee\/en\/#website"},"datePublished":"2024-11-26T06:14:24+00:00","dateModified":"2025-12-30T08:13:57+00:00","description":"Ps\u00fchholoogiline n\u00f5ustamine on suunatud inimestele, kes kogevad emotsionaalseid raskusi, stressi, \u00e4revust jne, mis vajavad kiiret lahendust.","breadcrumb":{"@id":"https:\/\/cerveau.ee\/psuhholoogi-noustaja-konsultatsioon\/#breadcrumb"},"inLanguage":"en-US","potentialAction":[{"@type":"ReadAction","target":["https:\/\/cerveau.ee\/psuhholoogi-noustaja-konsultatsioon\/"]}]},{"@type":"BreadcrumbList","@id":"https:\/\/cerveau.ee\/psuhholoogi-noustaja-konsultatsioon\/#breadcrumb","itemListElement":[{"@type":"ListItem","position":1,"name":"Home","item":"https:\/\/cerveau.ee\/"},{"@type":"ListItem","position":2,"name":"Ps\u00fchholoogiline n\u00f5ustamine &#8211; kiire ja professionaalne vaimse tervise tugi"}]},{"@type":"WebSite","@id":"https:\/\/cerveau.ee\/en\/#website","url":"https:\/\/cerveau.ee\/en\/","name":"Cerveau","description":"","publisher":{"@id":"https:\/\/cerveau.ee\/en\/#organization"},"potentialAction":[{"@type":"SearchAction","target":{"@type":"EntryPoint","urlTemplate":"https:\/\/cerveau.ee\/en\/?s={search_term_string}"},"query-input":{"@type":"PropertyValueSpecification","valueRequired":true,"valueName":"search_term_string"}}],"inLanguage":"en-US"},{"@type":"Organization","@id":"https:\/\/cerveau.ee\/en\/#organization","name":"Cerveau","url":"https:\/\/cerveau.ee\/en\/","logo":{"@type":"ImageObject","inLanguage":"en-US","@id":"https:\/\/cerveau.ee\/en\/#\/schema\/logo\/image\/","url":"https:\/\/cerveau.ee\/wp-content\/uploads\/2024\/11\/logo2.png","contentUrl":"https:\/\/cerveau.ee\/wp-content\/uploads\/2024\/11\/logo2.png","width":319,"height":70,"caption":"Cerveau"},"image":{"@id":"https:\/\/cerveau.ee\/en\/#\/schema\/logo\/image\/"}}]}},"_links":{"self":[{"href":"https:\/\/cerveau.ee\/en\/wp-json\/wp\/v2\/pages\/325","targetHints":{"allow":["GET"]}}],"collection":[{"href":"https:\/\/cerveau.ee\/en\/wp-json\/wp\/v2\/pages"}],"about":[{"href":"https:\/\/cerveau.ee\/en\/wp-json\/wp\/v2\/types\/page"}],"author":[{"embeddable":true,"href":"https:\/\/cerveau.ee\/en\/wp-json\/wp\/v2\/users\/1"}],"replies":[{"embeddable":true,"href":"https:\/\/cerveau.ee\/en\/wp-json\/wp\/v2\/comments?post=325"}],"version-history":[{"count":5,"href":"https:\/\/cerveau.ee\/en\/wp-json\/wp\/v2\/pages\/325\/revisions"}],"predecessor-version":[{"id":1409,"href":"https:\/\/cerveau.ee\/en\/wp-json\/wp\/v2\/pages\/325\/revisions\/1409"}],"wp:attachment":[{"href":"https:\/\/cerveau.ee\/en\/wp-json\/wp\/v2\/media?parent=325"}],"curies":[{"name":"wp","href":"https:\/\/api.w.org\/{rel}","templated":true}]}}