{"id":372,"date":"2024-11-29T13:50:04","date_gmt":"2024-11-29T11:50:04","guid":{"rendered":"https:\/\/cerveau.ee\/?page_id=372"},"modified":"2025-10-13T09:20:14","modified_gmt":"2025-10-13T06:20:14","slug":"meie-organisatsiooni-eesmark","status":"publish","type":"page","link":"https:\/\/cerveau.ee\/en\/meie-organisatsiooni-eesmark\/","title":{"rendered":"The purpose of our organization"},"content":{"rendered":"<div class=\"wpb-content-wrapper\"><p>[vc_row css_animation=&#8221;&#8221; row_type=&#8221;row&#8221; use_row_as_full_screen_section=&#8221;no&#8221; type=&#8221;grid&#8221; angled_section=&#8221;no&#8221; text_align=&#8221;left&#8221; background_image_as_pattern=&#8221;without_pattern&#8221; z_index=&#8221;&#8221; padding_top=&#8221;80&#8243; padding_bottom=&#8221;80&#8243;][vc_column width=&#8221;2\/3&#8243;][vc_column_text css=&#8221;&#8221;]<\/p>\n<h3 style=\"margin: 14.0pt 0in 4.0pt 0in;\"><span lang=\"ET\" style=\"font-size: 13.0pt; line-height: 107%; font-family: 'Arial',sans-serif; color: black;\">Cerveau psychologists in Tallinn &#8211; evidence-based support for all ages<\/span><\/h3>\n<p>&nbsp;<\/p>\n<p>Psychologists at the Cerveau Psychology Clinic in Tallinn offer high-quality and evidence-based psychological support to people of all ages \u2013 children, adults, families and couples. Our goal is to help address mental health issues by focusing on both the symptoms and their root causes.<\/p>\n<p>&nbsp;<\/p>\n<h3>Individual and family therapy &#8211; the right approach for you<\/h3>\n<p>&nbsp;<\/p>\n<p>Our clinic uses cognitive behavioral therapy and family therapy to offer personalized solutions for each client. If necessary, we also involve family members in therapy to support systematic recovery. We also conduct psychological research that helps to better understand the client&#8217;s personality and thought patterns.<\/p>\n<p>&nbsp;<\/p>\n<h3>LGBTQIA+ Community Support and Gender Dysphoria Issues<\/h3>\n<p>&nbsp;<\/p>\n<p>Cerveau is an LGBTQIA+ friendly psychological clinic in Tallinn. Our psychologists welcome transgender, gender neutral, fluid genders and all people under the umbrella of LGBTQIA+. We offer support on the topics of body and gender dysphoria and help create an emotional support network for both clients and their families.<\/p>\n<p>We also support those who are on the path to disclosing their identity and sexuality or want to apply to a gender reassignment committee. If necessary, we will help you find the right tests and therapy.<\/p>\n<p>&nbsp;<\/p>\n<h3>Sexuality and relationships<\/h3>\n<p>&nbsp;<\/p>\n<p>We help both in maintaining relationships and in the process of parting, ensuring smooth adaptation and the least traumatization of children. We also work with mixed families and help in cases where there is psychological violence in the relationship.<\/p>\n<p>With the help of individual therapy, we analyze existing patterns and family dynamics at the level of several generations, helping to prevent domestic violence and supporting victims of violence and their children.[\/vc_column_text][vc_empty_space][\/vc_column][vc_column width=&#8221;1\/3&#8243;][vc_single_image image=&#8221;532&#8243; img_size=&#8221;full&#8221; css=&#8221;&#8221; qode_css_animation=&#8221;&#8221;][vc_empty_space][vc_single_image image=&#8221;1242&#8243; img_size=&#8221;full&#8221; css=&#8221;&#8221; qode_css_animation=&#8221;&#8221;][\/vc_column][\/vc_row][vc_row css_animation=&#8221;&#8221; row_type=&#8221;row&#8221; use_row_as_full_screen_section=&#8221;no&#8221; type=&#8221;grid&#8221; angled_section=&#8221;no&#8221; text_align=&#8221;left&#8221; background_image_as_pattern=&#8221;without_pattern&#8221; z_index=&#8221;&#8221; padding_top=&#8221;80&#8243; padding_bottom=&#8221;80&#8243; css=&#8221;.vc_custom_1732881152683{background-color: #F5F5F5 !important;}&#8221;][vc_column width=&#8221;2\/3&#8243;][vc_column_text css=&#8221;&#8221;]<\/p>\n<h3>Long-term support and prevention<\/h3>\n<p>&nbsp;<\/p>\n<p>Therapy is not just a quick fix to crises, but the goal is to promote long-term mental health. We help our clients see the bigger picture, be patient and engage in daily self-development. Customer input is key \u2013 we expect psychological and physical presence and a willingness to cooperate.<\/p>\n<p>&nbsp;<\/p>\n<h3>Balance between mind and soul<\/h3>\n<p>&nbsp;<\/p>\n<p>Our thoughts and decisions affect our mental health. Negative patterns of behavior and self-blame can cause depression, sleep disturbances, and physical complaints. Our specialists help to find out what thoughts, beliefs and family patterns may be behind the problems, and guide the client to consciously change their behavioral patterns.<\/p>\n<p>&nbsp;<\/p>\n<p>The goal of therapy is to provide the client with a set of knowledge and skills that they can use even after the therapy ends. We believe that each person has a unique brain potential that helps to achieve a balance between mind and soul.<\/p>\n<p>&nbsp;<\/p>\n<p>It is on this principle that our clinic is <strong>called Cerveau (French for &#8220;brain&#8221;) and our slogan: Holistic Balance of Mind and Soul.<\/strong><\/p>\n<p>&nbsp;<\/p>\n<h4>Contact us and take a step towards a more balanced life<\/h4>\n<p>&nbsp;<\/p>\n<p>If you are looking for professional psychological support based on scientific research, the psychologists at Cerveau in Tallinn are ready to help you. <a href=\"https:\/\/cerveau.ee\/en\/kontakt\/\">Contact us<\/a> or book an appointment <a href=\"https:\/\/connectedserver.eu\/ConnectedOnlineX\/default.aspx?key=Tv1z70hf&amp;lang=et\">online<\/a> and start your journey to better mental health![\/vc_column_text][vc_empty_space][\/vc_column][vc_column width=&#8221;1\/3&#8243;][vc_single_image image=&#8221;1243&#8243; img_size=&#8221;full&#8221; css=&#8221;&#8221; qode_css_animation=&#8221;&#8221;][vc_empty_space][vc_single_image image=&#8221;1244&#8243; img_size=&#8221;full&#8221; css=&#8221;&#8221; qode_css_animation=&#8221;&#8221;][\/vc_column][\/vc_row][vc_row css_animation=&#8221;&#8221; row_type=&#8221;row&#8221; use_row_as_full_screen_section=&#8221;no&#8221; type=&#8221;grid&#8221; angled_section=&#8221;no&#8221; text_align=&#8221;left&#8221; background_image_as_pattern=&#8221;without_pattern&#8221; css=&#8221;.vc_custom_1467646641143{padding-top: 51px !important;padding-bottom: 51px !important;background-color: #4c87ca !important;}&#8221;][vc_column]<div class='qode_carousels_holder clearfix'><div class='qode_carousels' data-number-of-visible-items=''><ul class='slides'><li class='item'><div class=\"carousel_item_holder\"><span class='first_image_holder '><img decoding=\"async\" itemprop=\"image\" src=\"https:\/\/cerveau.ee\/wp-content\/uploads\/2024\/12\/terviseamet1-1.png\" alt=\"carousel image\" \/><\/span><\/div><\/li><li class='item'><div class=\"carousel_item_holder\"><span class='first_image_holder '><img decoding=\"async\" itemprop=\"image\" src=\"https:\/\/cerveau.ee\/wp-content\/uploads\/2025\/01\/pzu.png\" alt=\"carousel image\" \/><\/span><\/div><\/li><li class='item'><div class=\"carousel_item_holder\"><span class='first_image_holder '><img decoding=\"async\" itemprop=\"image\" src=\"https:\/\/cerveau.ee\/wp-content\/uploads\/2024\/12\/1.png\" alt=\"carousel image\" \/><\/span><\/div><\/li><li class='item'><div class=\"carousel_item_holder\"><span class='first_image_holder '><img decoding=\"async\" itemprop=\"image\" src=\"https:\/\/cerveau.ee\/wp-content\/uploads\/2025\/02\/ohvriabi-logo_varviline-kirjaga3.png\" alt=\"carousel image\" \/><\/span><\/div><\/li><\/ul><\/div><\/div>[\/vc_column][\/vc_row]<\/p>\n<\/div>","protected":false},"excerpt":{"rendered":"<p>[vc_row css_animation=&#8221;&#8221; row_type=&#8221;row&#8221; use_row_as_full_screen_section=&#8221;no&#8221; type=&#8221;grid&#8221; angled_section=&#8221;no&#8221; text_align=&#8221;left&#8221; background_image_as_pattern=&#8221;without_pattern&#8221; z_index=&#8221;&#8221; padding_top=&#8221;80&#8243; padding_bottom=&#8221;80&#8243;][vc_column width=&#8221;2\/3&#8243;][vc_column_text css=&#8221;&#8221;] Cerveau psychologists in Tallinn &#8211; evidence-based support for all ages &nbsp; Psychologists at the Cerveau Psychology Clinic in Tallinn offer high-quality and evidence-based psychological support to people of all ages \u2013 children,&#8230;<\/p>\n","protected":false},"author":1,"featured_media":0,"parent":0,"menu_order":0,"comment_status":"closed","ping_status":"closed","template":"full_width.php","meta":{"footnotes":""},"class_list":["post-372","page","type-page","status-publish","hentry"],"yoast_head":"<!-- This site is optimized with the Yoast SEO plugin v27.5 - https:\/\/yoast.com\/product\/yoast-seo-wordpress\/ -->\n<title>Ps\u00fchholoogid Tallinnas \u2013 teadusp\u00f5hine tugi igas vanuses<\/title>\n<meta name=\"description\" content=\"Cerveau ps\u00fchholoogid Tallinnas pakuvad teadusp\u00f5hist n\u00f5ustamist ja teraapiat lastele, t\u00e4iskasvanutele ning peredele. Aitame leida lahendusi vaimse tervise v\u00e4ljakutsetele.\" \/>\n<meta name=\"robots\" content=\"index, follow, max-snippet:-1, max-image-preview:large, max-video-preview:-1\" \/>\n<link rel=\"canonical\" href=\"https:\/\/cerveau.ee\/meie-organisatsiooni-eesmark\/\" \/>\n<meta property=\"og:locale\" content=\"en_US\" \/>\n<meta property=\"og:type\" content=\"article\" \/>\n<meta property=\"og:title\" content=\"Ps\u00fchholoogid Tallinnas \u2013 teadusp\u00f5hine tugi igas vanuses\" \/>\n<meta property=\"og:description\" content=\"Cerveau ps\u00fchholoogid Tallinnas pakuvad teadusp\u00f5hist n\u00f5ustamist ja teraapiat lastele, t\u00e4iskasvanutele ning peredele. Aitame leida lahendusi vaimse tervise v\u00e4ljakutsetele.\" \/>\n<meta property=\"og:url\" content=\"https:\/\/cerveau.ee\/meie-organisatsiooni-eesmark\/\" \/>\n<meta property=\"og:site_name\" content=\"[:et]Cerveau ps\u00fchholoogiakliinik[:ru]\u041f\u0441\u0438\u0445\u043e\u043b\u043e\u0433\u0438\u0447\u0435\u0441\u043a\u0430\u044f \u043a\u043b\u0438\u043d\u0438\u043a\u0430 Cerveau[:en]Cerveau Psychological Clinic[:]\" \/>\n<meta property=\"article:modified_time\" content=\"2025-10-13T06:20:14+00:00\" \/>\n<meta name=\"twitter:card\" content=\"summary_large_image\" \/>\n<meta name=\"twitter:label1\" content=\"Est. reading time\" \/>\n\t<meta name=\"twitter:data1\" content=\"6 minutes\" \/>\n<script type=\"application\/ld+json\" class=\"yoast-schema-graph\">{\"@context\":\"https:\\\/\\\/schema.org\",\"@graph\":[{\"@type\":\"WebPage\",\"@id\":\"https:\\\/\\\/cerveau.ee\\\/meie-organisatsiooni-eesmark\\\/\",\"url\":\"https:\\\/\\\/cerveau.ee\\\/meie-organisatsiooni-eesmark\\\/\",\"name\":\"Ps\u00fchholoogid Tallinnas \u2013 teadusp\u00f5hine tugi igas vanuses\",\"isPartOf\":{\"@id\":\"https:\\\/\\\/cerveau.ee\\\/en\\\/#website\"},\"datePublished\":\"2024-11-29T11:50:04+00:00\",\"dateModified\":\"2025-10-13T06:20:14+00:00\",\"description\":\"Cerveau ps\u00fchholoogid Tallinnas pakuvad teadusp\u00f5hist n\u00f5ustamist ja teraapiat lastele, t\u00e4iskasvanutele ning peredele. Aitame leida lahendusi vaimse tervise v\u00e4ljakutsetele.\",\"breadcrumb\":{\"@id\":\"https:\\\/\\\/cerveau.ee\\\/meie-organisatsiooni-eesmark\\\/#breadcrumb\"},\"inLanguage\":\"en-US\",\"potentialAction\":[{\"@type\":\"ReadAction\",\"target\":[\"https:\\\/\\\/cerveau.ee\\\/meie-organisatsiooni-eesmark\\\/\"]}]},{\"@type\":\"BreadcrumbList\",\"@id\":\"https:\\\/\\\/cerveau.ee\\\/meie-organisatsiooni-eesmark\\\/#breadcrumb\",\"itemListElement\":[{\"@type\":\"ListItem\",\"position\":1,\"name\":\"Home\",\"item\":\"https:\\\/\\\/cerveau.ee\\\/\"},{\"@type\":\"ListItem\",\"position\":2,\"name\":\"Meie ps\u00fchholoogiakliiniku eesm\u00e4rk\"}]},{\"@type\":\"WebSite\",\"@id\":\"https:\\\/\\\/cerveau.ee\\\/en\\\/#website\",\"url\":\"https:\\\/\\\/cerveau.ee\\\/en\\\/\",\"name\":\"Cerveau\",\"description\":\"\",\"publisher\":{\"@id\":\"https:\\\/\\\/cerveau.ee\\\/en\\\/#organization\"},\"potentialAction\":[{\"@type\":\"SearchAction\",\"target\":{\"@type\":\"EntryPoint\",\"urlTemplate\":\"https:\\\/\\\/cerveau.ee\\\/en\\\/?s={search_term_string}\"},\"query-input\":{\"@type\":\"PropertyValueSpecification\",\"valueRequired\":true,\"valueName\":\"search_term_string\"}}],\"inLanguage\":\"en-US\"},{\"@type\":\"Organization\",\"@id\":\"https:\\\/\\\/cerveau.ee\\\/en\\\/#organization\",\"name\":\"Cerveau\",\"url\":\"https:\\\/\\\/cerveau.ee\\\/en\\\/\",\"logo\":{\"@type\":\"ImageObject\",\"inLanguage\":\"en-US\",\"@id\":\"https:\\\/\\\/cerveau.ee\\\/en\\\/#\\\/schema\\\/logo\\\/image\\\/\",\"url\":\"https:\\\/\\\/cerveau.ee\\\/wp-content\\\/uploads\\\/2024\\\/11\\\/logo2.png\",\"contentUrl\":\"https:\\\/\\\/cerveau.ee\\\/wp-content\\\/uploads\\\/2024\\\/11\\\/logo2.png\",\"width\":319,\"height\":70,\"caption\":\"Cerveau\"},\"image\":{\"@id\":\"https:\\\/\\\/cerveau.ee\\\/en\\\/#\\\/schema\\\/logo\\\/image\\\/\"}}]}<\/script>\n<!-- \/ Yoast SEO plugin. -->","yoast_head_json":{"title":"Ps\u00fchholoogid Tallinnas \u2013 teadusp\u00f5hine tugi igas vanuses","description":"Cerveau ps\u00fchholoogid Tallinnas pakuvad teadusp\u00f5hist n\u00f5ustamist ja teraapiat lastele, t\u00e4iskasvanutele ning peredele. Aitame leida lahendusi vaimse tervise v\u00e4ljakutsetele.","robots":{"index":"index","follow":"follow","max-snippet":"max-snippet:-1","max-image-preview":"max-image-preview:large","max-video-preview":"max-video-preview:-1"},"canonical":"https:\/\/cerveau.ee\/meie-organisatsiooni-eesmark\/","og_locale":"en_US","og_type":"article","og_title":"Ps\u00fchholoogid Tallinnas \u2013 teadusp\u00f5hine tugi igas vanuses","og_description":"Cerveau ps\u00fchholoogid Tallinnas pakuvad teadusp\u00f5hist n\u00f5ustamist ja teraapiat lastele, t\u00e4iskasvanutele ning peredele. Aitame leida lahendusi vaimse tervise v\u00e4ljakutsetele.","og_url":"https:\/\/cerveau.ee\/meie-organisatsiooni-eesmark\/","og_site_name":"[:et]Cerveau ps\u00fchholoogiakliinik[:ru]\u041f\u0441\u0438\u0445\u043e\u043b\u043e\u0433\u0438\u0447\u0435\u0441\u043a\u0430\u044f \u043a\u043b\u0438\u043d\u0438\u043a\u0430 Cerveau[:en]Cerveau Psychological Clinic[:]","article_modified_time":"2025-10-13T06:20:14+00:00","twitter_card":"summary_large_image","twitter_misc":{"Est. reading time":"6 minutes"},"schema":{"@context":"https:\/\/schema.org","@graph":[{"@type":"WebPage","@id":"https:\/\/cerveau.ee\/meie-organisatsiooni-eesmark\/","url":"https:\/\/cerveau.ee\/meie-organisatsiooni-eesmark\/","name":"Ps\u00fchholoogid Tallinnas \u2013 teadusp\u00f5hine tugi igas vanuses","isPartOf":{"@id":"https:\/\/cerveau.ee\/en\/#website"},"datePublished":"2024-11-29T11:50:04+00:00","dateModified":"2025-10-13T06:20:14+00:00","description":"Cerveau ps\u00fchholoogid Tallinnas pakuvad teadusp\u00f5hist n\u00f5ustamist ja teraapiat lastele, t\u00e4iskasvanutele ning peredele. Aitame leida lahendusi vaimse tervise v\u00e4ljakutsetele.","breadcrumb":{"@id":"https:\/\/cerveau.ee\/meie-organisatsiooni-eesmark\/#breadcrumb"},"inLanguage":"en-US","potentialAction":[{"@type":"ReadAction","target":["https:\/\/cerveau.ee\/meie-organisatsiooni-eesmark\/"]}]},{"@type":"BreadcrumbList","@id":"https:\/\/cerveau.ee\/meie-organisatsiooni-eesmark\/#breadcrumb","itemListElement":[{"@type":"ListItem","position":1,"name":"Home","item":"https:\/\/cerveau.ee\/"},{"@type":"ListItem","position":2,"name":"Meie ps\u00fchholoogiakliiniku eesm\u00e4rk"}]},{"@type":"WebSite","@id":"https:\/\/cerveau.ee\/en\/#website","url":"https:\/\/cerveau.ee\/en\/","name":"Cerveau","description":"","publisher":{"@id":"https:\/\/cerveau.ee\/en\/#organization"},"potentialAction":[{"@type":"SearchAction","target":{"@type":"EntryPoint","urlTemplate":"https:\/\/cerveau.ee\/en\/?s={search_term_string}"},"query-input":{"@type":"PropertyValueSpecification","valueRequired":true,"valueName":"search_term_string"}}],"inLanguage":"en-US"},{"@type":"Organization","@id":"https:\/\/cerveau.ee\/en\/#organization","name":"Cerveau","url":"https:\/\/cerveau.ee\/en\/","logo":{"@type":"ImageObject","inLanguage":"en-US","@id":"https:\/\/cerveau.ee\/en\/#\/schema\/logo\/image\/","url":"https:\/\/cerveau.ee\/wp-content\/uploads\/2024\/11\/logo2.png","contentUrl":"https:\/\/cerveau.ee\/wp-content\/uploads\/2024\/11\/logo2.png","width":319,"height":70,"caption":"Cerveau"},"image":{"@id":"https:\/\/cerveau.ee\/en\/#\/schema\/logo\/image\/"}}]}},"_links":{"self":[{"href":"https:\/\/cerveau.ee\/en\/wp-json\/wp\/v2\/pages\/372","targetHints":{"allow":["GET"]}}],"collection":[{"href":"https:\/\/cerveau.ee\/en\/wp-json\/wp\/v2\/pages"}],"about":[{"href":"https:\/\/cerveau.ee\/en\/wp-json\/wp\/v2\/types\/page"}],"author":[{"embeddable":true,"href":"https:\/\/cerveau.ee\/en\/wp-json\/wp\/v2\/users\/1"}],"replies":[{"embeddable":true,"href":"https:\/\/cerveau.ee\/en\/wp-json\/wp\/v2\/comments?post=372"}],"version-history":[{"count":5,"href":"https:\/\/cerveau.ee\/en\/wp-json\/wp\/v2\/pages\/372\/revisions"}],"predecessor-version":[{"id":1245,"href":"https:\/\/cerveau.ee\/en\/wp-json\/wp\/v2\/pages\/372\/revisions\/1245"}],"wp:attachment":[{"href":"https:\/\/cerveau.ee\/en\/wp-json\/wp\/v2\/media?parent=372"}],"curies":[{"name":"wp","href":"https:\/\/api.w.org\/{rel}","templated":true}]}}