{"id":283,"date":"2024-11-21T18:15:22","date_gmt":"2024-11-21T16:15:22","guid":{"rendered":"https:\/\/cerveau.ee\/?page_id=283"},"modified":"2025-12-30T10:14:57","modified_gmt":"2025-12-30T08:14:57","slug":"psuhhoteraapia","status":"publish","type":"page","link":"https:\/\/cerveau.ee\/ru\/psuhhoteraapia\/","title":{"rendered":"\u041f\u0441\u0438\u0445\u043e\u0442\u0435\u0440\u0430\u043f\u0438\u044f \u0432 \u0422\u0430\u043b\u043b\u0438\u043d\u043d\u0435 &#8212; \u043d\u0430\u0439\u0434\u0438\u0442\u0435 \u043f\u043e\u0434\u0445\u043e\u0434\u044f\u0449\u0443\u044e \u0442\u0435\u0440\u0430\u043f\u0438\u044e \u0434\u043b\u044f \u0432\u0430\u0441"},"content":{"rendered":"<div class=\"wpb-content-wrapper\"><p>[vc_row css_animation=&#187;&#187; row_type=&#187;row&#187; use_row_as_full_screen_section=&#187;no&#187; type=&#187;grid&#187; angled_section=&#187;no&#187; text_align=&#187;left&#187; background_image_as_pattern=&#187;without_pattern&#187; z_index=&#187;&#187; padding_top=&#187;80&#8243; padding_bottom=&#187;80&#8243;][vc_column width=&#187;1\/2&#8243;][vc_column_text css=&#187;&#187;]\u0412 \u043d\u0430\u0448\u0435\u043c \u0446\u0435\u043d\u0442\u0440\u0435 \u043c\u044b \u043f\u0440\u0435\u0434\u043b\u0430\u0433\u0430\u0435\u043c \u0448\u0438\u0440\u043e\u043a\u0438\u0439 \u0441\u043f\u0435\u043a\u0442\u0440 \u043f\u0441\u0438\u0445\u043e\u0442\u0435\u0440\u0430\u043f\u0435\u0432\u0442\u0438\u0447\u0435\u0441\u043a\u0438\u0445 \u0443\u0441\u043b\u0443\u0433 \u0434\u043b\u044f \u0438\u043d\u0434\u0438\u0432\u0438\u0434\u0443\u0430\u043b\u044c\u043d\u044b\u0445 \u043a\u043b\u0438\u0435\u043d\u0442\u043e\u0432, \u0441\u0435\u043c\u0435\u0439 \u0438 \u043f\u0430\u0440. \u041a\u0430\u0436\u0434\u044b\u0439 \u0447\u0435\u043b\u043e\u0432\u0435\u043a \u0443\u043d\u0438\u043a\u0430\u043b\u0435\u043d, \u043f\u043e\u044d\u0442\u043e\u043c\u0443 \u0432\u0430\u0436\u043d\u043e \u043d\u0430\u0439\u0442\u0438 \u043f\u0441\u0438\u0445\u043e\u0442\u0435\u0440\u0430\u043f\u0435\u0432\u0442\u0438\u0447\u0435\u0441\u043a\u0438\u0439 \u043f\u043e\u0434\u0445\u043e\u0434, \u043a\u043e\u0442\u043e\u0440\u044b\u0439 \u0441\u043e\u043e\u0442\u0432\u0435\u0442\u0441\u0442\u0432\u0443\u0435\u0442 \u0432\u0430\u0448\u0438\u043c \u043f\u043e\u0442\u0440\u0435\u0431\u043d\u043e\u0441\u0442\u044f\u043c.<\/p>\n<p>\u0415\u0441\u043b\u0438 \u0432\u044b \u0438\u0449\u0435\u0442\u0435 \u043f\u0440\u043e\u0444\u0435\u0441\u0441\u0438\u043e\u043d\u0430\u043b\u044c\u043d\u0443\u044e \u043f\u0441\u0438\u0445\u043e\u0442\u0435\u0440\u0430\u043f\u0438\u044e \u0432 \u0422\u0430\u043b\u043b\u0438\u043d\u043d\u0435, \u0432\u044b \u043c\u043e\u0436\u0435\u0442\u0435 \u0432\u044b\u0431\u0440\u0430\u0442\u044c \u043e\u0434\u0438\u043d \u0438\u0437 \u0440\u0430\u0437\u043b\u0438\u0447\u043d\u044b\u0445 \u043c\u0435\u0442\u043e\u0434\u043e\u0432 \u0442\u0435\u0440\u0430\u043f\u0438\u0438.<\/p>\n<p>&nbsp;<\/p>\n<h3>\u041d\u0430\u0448\u0438 \u0432\u043e\u0437\u043c\u043e\u0436\u043d\u043e\u0441\u0442\u0438 \u043f\u0441\u0438\u0445\u043e\u0442\u0435\u0440\u0430\u043f\u0438\u0438:<\/h3>\n<p>&nbsp;<\/p>\n<p>1. <strong>\u041a\u0440\u0438\u0437\u0438\u0441\u043d\u043e\u0435 \u043a\u043e\u043d\u0441\u0443\u043b\u044c\u0442\u0438\u0440\u043e\u0432\u0430\u043d\u0438\u0435<\/strong> &#8212; \u0431\u044b\u0441\u0442\u0440\u0430\u044f \u0438 \u043f\u0440\u0430\u043a\u0442\u0438\u0447\u0435\u0441\u043a\u0430\u044f \u043f\u043e\u043c\u043e\u0449\u044c \u0432 \u043d\u0435\u043e\u0436\u0438\u0434\u0430\u043d\u043d\u044b\u0445 \u043a\u0440\u0438\u0437\u0438\u0441\u043d\u044b\u0445 \u0441\u0438\u0442\u0443\u0430\u0446\u0438\u044f\u0445, \u0442\u0430\u043a\u0438\u0445 \u043a\u0430\u043a \u043f\u043e\u0442\u0435\u0440\u044f, \u0440\u0430\u0437\u043b\u0443\u043a\u0430 \u0438\u043b\u0438 \u0442\u0440\u0430\u0432\u043c\u0430.<br \/>\n2. <strong>\u0422\u0435\u0440\u0430\u043f\u0438\u044f, \u043e\u0440\u0438\u0435\u043d\u0442\u0438\u0440\u043e\u0432\u0430\u043d\u043d\u0430\u044f \u043d\u0430 \u0440\u0435\u0448\u0435\u043d\u0438\u0435<\/strong> \u2013 \u044d\u0442\u043e \u043c\u0435\u0442\u043e\u0434, \u043e\u0440\u0438\u0435\u043d\u0442\u0438\u0440\u043e\u0432\u0430\u043d\u043d\u044b\u0439 \u043d\u0430 \u0431\u0443\u0434\u0443\u0449\u0435\u0435, \u043a\u043e\u0442\u043e\u0440\u044b\u0439 \u043f\u043e\u043c\u043e\u0433\u0430\u0435\u0442 \u043d\u0430\u0439\u0442\u0438 \u043f\u0440\u0430\u043a\u0442\u0438\u0447\u0435\u0441\u043a\u0438\u0435 \u0440\u0435\u0448\u0435\u043d\u0438\u044f \u043a\u043e\u043d\u043a\u0440\u0435\u0442\u043d\u044b\u0445 \u043f\u0440\u043e\u0431\u043b\u0435\u043c.<br \/>\n3. <strong>\u0414\u0438\u0430\u043b\u0435\u043a\u0442\u0438\u0447\u0435\u0441\u043a\u0430\u044f \u043f\u043e\u0432\u0435\u0434\u0435\u043d\u0447\u0435\u0441\u043a\u0430\u044f \u0442\u0435\u0440\u0430\u043f\u0438\u044f (\u0414\u041a\u0422)<\/strong> \u0434\u043b\u044f \u043b\u044e\u0434\u0435\u0439, \u043f\u0435\u0440\u0435\u0436\u0438\u0432\u0448\u0438\u0445 \u0442\u0440\u0430\u0432\u043c\u0443, \u044f\u0432\u043b\u044f\u0435\u0442\u0441\u044f \u044d\u0444\u0444\u0435\u043a\u0442\u0438\u0432\u043d\u044b\u043c \u043c\u0435\u0442\u043e\u0434\u043e\u043c \u0442\u0435\u0440\u0430\u043f\u0438\u0438, \u043a\u043e\u0442\u043e\u0440\u044b\u0439 \u043f\u043e\u043c\u043e\u0433\u0430\u0435\u0442 \u0440\u0435\u0433\u0443\u043b\u0438\u0440\u043e\u0432\u0430\u0442\u044c \u044d\u043c\u043e\u0446\u0438\u0438 \u0438 \u0441\u043f\u0440\u0430\u0432\u043b\u044f\u0442\u044c\u0441\u044f \u0441\u043e \u0441\u043b\u043e\u0436\u043d\u044b\u043c\u0438 \u0447\u0443\u0432\u0441\u0442\u0432\u0430\u043c\u0438.<br \/>\n4. <strong>\u0422\u0435\u0440\u0430\u043f\u0438\u044f \u0434\u043b\u044f \u0442\u0435\u0445, \u043a\u0442\u043e \u043f\u0435\u0440\u0435\u0436\u0438\u043b \u0442\u0440\u0430\u0432\u043c\u0443<\/strong> \u2013 \u043a\u043e\u043d\u043a\u0440\u0435\u0442\u043d\u043e \u0434\u043b\u044f \u0442\u0435\u0445, \u043a\u0442\u043e \u043f\u0435\u0440\u0435\u0436\u0438\u043b \u043f\u0441\u0438\u0445\u043e\u043b\u043e\u0433\u0438\u0447\u0435\u0441\u043a\u0443\u044e \u0442\u0440\u0430\u0432\u043c\u0443 \u0438 \u043d\u0443\u0436\u0434\u0430\u0435\u0442\u0441\u044f \u0432 \u043f\u043e\u0434\u0434\u0435\u0440\u0436\u043a\u0435 \u0434\u043b\u044f \u0432\u044b\u0437\u0434\u043e\u0440\u043e\u0432\u043b\u0435\u043d\u0438\u044f.<br \/>\n5. <strong>\u0421\u0435\u043c\u0435\u0439\u043d\u0430\u044f \u0442\u0435\u0440\u0430\u043f\u0438\u044f \u0434\u043b\u044f \u0442\u0440\u0430\u043d\u0441\u0433\u0435\u043d\u0434\u0435\u0440\u043d\u044b\u0445 \u043b\u044e\u0434\u0435\u0439<\/strong> &#8212; \u043f\u043e\u043c\u043e\u0433\u0430\u0435\u0442 \u0441\u0435\u043c\u044c\u044f\u043c \u043f\u043e\u043d\u044f\u0442\u044c \u0438 \u043f\u043e\u0434\u0434\u0435\u0440\u0436\u0430\u0442\u044c \u043f\u0443\u0442\u044c \u0442\u0440\u0430\u043d\u0441\u0433\u0435\u043d\u0434\u0435\u0440\u043d\u043e\u0433\u043e \u0447\u043b\u0435\u043d\u0430 \u0441\u0435\u043c\u044c\u0438.<br \/>\n6. <strong>\u0422\u0435\u0440\u0430\u043f\u0438\u044f \u0434\u043b\u044f \u043b\u044e\u0434\u0435\u0439 \u0441 \u0441\u0435\u043a\u0441\u0443\u0430\u043b\u044c\u043d\u044b\u043c\u0438 \u0442\u0440\u0443\u0434\u043d\u043e\u0441\u0442\u044f\u043c\u0438<\/strong> &#8212; \u043d\u0430\u043f\u0440\u0430\u0432\u043b\u0435\u043d\u0430 \u043d\u0430 \u0442\u0435\u0445, \u043a\u0442\u043e \u0438\u0441\u043f\u044b\u0442\u044b\u0432\u0430\u0435\u0442 \u043f\u0440\u043e\u0431\u043b\u0435\u043c\u044b, \u0441\u0432\u044f\u0437\u0430\u043d\u043d\u044b\u0435 \u0441 \u0441\u0435\u043a\u0441\u0443\u0430\u043b\u044c\u043d\u043e\u0441\u0442\u044c\u044e, \u0438 \u0445\u043e\u0447\u0435\u0442 \u0447\u0443\u0432\u0441\u0442\u0432\u043e\u0432\u0430\u0442\u044c \u0441\u0435\u0431\u044f \u043b\u0443\u0447\u0448\u0435.<br \/>\n7. <strong>\u041f\u0441\u0438\u0445\u043e\u0434\u0438\u043d\u0430\u043c\u0438\u0447\u0435\u0441\u043a\u0430\u044f \u0433\u0440\u0443\u043f\u043f\u043e\u0432\u0430\u044f \u0442\u0435\u0440\u0430\u043f\u0438\u044f \u0438 \u0433\u0440\u0443\u043f\u043f\u043e\u0432\u043e\u0439 \u0430\u043d\u0430\u043b\u0438\u0437<\/strong> \u2013 \u044d\u0442\u043e \u0432\u043e\u0437\u043c\u043e\u0436\u043d\u043e\u0441\u0442\u044c \u0431\u043e\u043b\u0435\u0435 \u0433\u043b\u0443\u0431\u043e\u043a\u043e\u0433\u043e \u0441\u0430\u043c\u043e\u0430\u043d\u0430\u043b\u0438\u0437\u0430 \u0432 \u0433\u0440\u0443\u043f\u043f\u0435, \u0433\u0434\u0435 \u0443\u0447\u0430\u0441\u0442\u043d\u0438\u043a\u0438 \u043e\u0431\u043c\u0435\u043d\u0438\u0432\u0430\u044e\u0442\u0441\u044f \u043e\u043f\u044b\u0442\u043e\u043c \u0438 \u043f\u043e\u043b\u0443\u0447\u0430\u044e\u0442 \u043f\u043e\u0434\u0434\u0435\u0440\u0436\u043a\u0443 \u043f\u043e\u0434 \u0440\u0443\u043a\u043e\u0432\u043e\u0434\u0441\u0442\u0432\u043e\u043c \u0441\u043f\u0435\u0446\u0438\u0430\u043b\u0438\u0441\u0442\u0430.<br \/>\n8. <strong>\u0412\u043e\u0441\u0441\u0442\u0430\u043d\u043e\u0432\u043b\u0435\u043d\u0438\u0435 \u0438 \u043f\u043e\u0434\u0434\u0435\u0440\u0436\u0430\u043d\u0438\u0435 \u043e\u0442\u043d\u043e\u0448\u0435\u043d\u0438\u0439<\/strong> &#8212; \u043f\u0440\u0435\u0434\u043d\u0430\u0437\u043d\u0430\u0447\u0435\u043d\u043e \u0434\u043b\u044f \u0432\u0437\u0440\u043e\u0441\u043b\u044b\u0445, \u043a\u043e\u0442\u043e\u0440\u044b\u0435 \u0445\u043e\u0442\u044f\u0442 \u0443\u043a\u0440\u0435\u043f\u0438\u0442\u044c \u0441\u0432\u043e\u0438 \u043e\u0442\u043d\u043e\u0448\u0435\u043d\u0438\u044f \u0438\u043b\u0438 \u043d\u0430\u0439\u0442\u0438 \u0440\u0435\u0448\u0435\u043d\u0438\u044f \u043a\u043e\u043d\u0444\u043b\u0438\u043a\u0442\u043e\u0432.<br \/>\n9. <strong>\u041a\u043e\u0433\u043d\u0438\u0442\u0438\u0432\u043d\u043e-\u043f\u043e\u0432\u0435\u0434\u0435\u043d\u0447\u0435\u0441\u043a\u0430\u044f \u0442\u0435\u0440\u0430\u043f\u0438\u044f (\u043a\u0443\u0440\u0441 \u0434\u043b\u044f \u043d\u0430\u0447\u0438\u043d\u0430\u044e\u0449\u0438\u0445)<\/strong> &#8212; \u044d\u0442\u043e \u043d\u0430\u0443\u0447\u043d\u043e \u043e\u0431\u043e\u0441\u043d\u043e\u0432\u0430\u043d\u043d\u0430\u044f \u0444\u043e\u0440\u043c\u0430 \u0442\u0435\u0440\u0430\u043f\u0438\u0438, \u043a\u043e\u0442\u043e\u0440\u0430\u044f \u0444\u043e\u043a\u0443\u0441\u0438\u0440\u0443\u0435\u0442\u0441\u044f \u043d\u0430 \u0438\u0437\u043c\u0435\u043d\u0435\u043d\u0438\u0438 \u043c\u043e\u0434\u0435\u043b\u0435\u0439 \u043c\u044b\u0448\u043b\u0435\u043d\u0438\u044f \u0438 \u043f\u043e\u0432\u0435\u0434\u0435\u043d\u0438\u044f.<br \/>\n10. <strong>\u0423\u043b\u0443\u0447\u0448\u0435\u043d\u0438\u0435 \u043e\u0442\u043d\u043e\u0448\u0435\u043d\u0438\u0439 \u043c\u0435\u0436\u0434\u0443 \u0440\u0435\u0431\u0435\u043d\u043a\u043e\u043c \u0438 \u0440\u043e\u0434\u0438\u0442\u0435\u043b\u0435\u043c<\/strong> &#8212; \u043f\u043e\u043c\u043e\u0433\u0430\u0435\u0442 \u0443\u043a\u0440\u0435\u043f\u0438\u0442\u044c \u0441\u0432\u044f\u0437\u044c \u043c\u0435\u0436\u0434\u0443 \u0440\u0435\u0431\u0435\u043d\u043a\u043e\u043c \u0438 \u0440\u043e\u0434\u0438\u0442\u0435\u043b\u0435\u043c \u0438 \u0443\u043b\u0443\u0447\u0448\u0438\u0442\u044c \u043a\u043e\u043c\u043c\u0443\u043d\u0438\u043a\u0430\u0446\u0438\u044e \u043c\u0435\u0436\u0434\u0443 \u043d\u0438\u043c\u0438.<\/p>\n<p>&nbsp;<\/p>\n<h3>\u041a\u0430\u043a \u043d\u0430\u0439\u0442\u0438 \u043f\u043e\u0434\u0445\u043e\u0434\u044f\u0449\u0443\u044e \u0434\u043b\u044f \u0432\u0430\u0441 \u043f\u0441\u0438\u0445\u043e\u0442\u0435\u0440\u0430\u043f\u0438\u044e \u0432 \u0422\u0430\u043b\u043b\u0438\u043d\u043d\u0435?<\/h3>\n<p>&nbsp;<\/p>\n<p>\u0415\u0441\u043b\u0438 \u0432\u044b \u043d\u0435 \u0443\u0432\u0435\u0440\u0435\u043d\u044b, \u043a\u0430\u043a\u0430\u044f \u043f\u0441\u0438\u0445\u043e\u0442\u0435\u0440\u0430\u043f\u0438\u044f \u043f\u043e\u0434\u0445\u043e\u0434\u0438\u0442 \u0438\u043c\u0435\u043d\u043d\u043e \u0432\u0430\u043c, <a href=\"https:\/\/cerveau.ee\/ru\/kontakt\/\">\u0441\u0432\u044f\u0436\u0438\u0442\u0435\u0441\u044c \u0441 \u043d\u0430\u043c\u0438<\/a> \u2013 \u043c\u044b \u043f\u043e\u043c\u043e\u0436\u0435\u043c \u0432\u0430\u043c \u0432\u044b\u0431\u0440\u0430\u0442\u044c \u043e\u043f\u0442\u0438\u043c\u0430\u043b\u044c\u043d\u044b\u0439 \u043c\u0435\u0442\u043e\u0434 \u0442\u0435\u0440\u0430\u043f\u0438\u0438 \u0432 \u0441\u043e\u043e\u0442\u0432\u0435\u0442\u0441\u0442\u0432\u0438\u0438 \u0441 \u0432\u0430\u0448\u0438\u043c\u0438 \u043f\u043e\u0442\u0440\u0435\u0431\u043d\u043e\u0441\u0442\u044f\u043c\u0438.[\/vc_column_text][vc_separator type=&#187;transparent&#187; thickness=&#187;0&#8243; up=&#187;41&#8243; down=&#187;0&#8243;]<a  itemprop=\"url\" href=\"https:\/\/connectedserver.eu\/ConnectedOnlineX\/default.aspx?key=h2Dj7Ukg&#038;lang=et\" target=\"_blank\"  class=\"qbutton  medium default\" style=\"\">\u0411\u0420\u041e\u041d\u0418\u0420\u0423\u0419<\/a>[vc_separator type=&#187;transparent&#187; thickness=&#187;0&#8243; up=&#187;61&#8243; down=&#187;0&#8243;][\/vc_column][vc_column width=&#187;1\/2&#8243;][vc_video link=&#187;https:\/\/youtu.be\/asxjHIHxvNc&#187;][\/vc_column][\/vc_row][vc_row css_animation=&#187;&#187; row_type=&#187;row&#187; use_row_as_full_screen_section=&#187;no&#187; type=&#187;grid&#187; angled_section=&#187;no&#187; text_align=&#187;left&#187; background_image_as_pattern=&#187;without_pattern&#187; css=&#187;.vc_custom_1467646641143{padding-top: 51px !important;padding-bottom: 51px !important;background-color: #4c87ca !important;}&#187;][vc_column]<div class='qode_carousels_holder clearfix'><div class='qode_carousels' data-number-of-visible-items=''><ul class='slides'><li class='item'><div class=\"carousel_item_holder\"><span class='first_image_holder '><img decoding=\"async\" itemprop=\"image\" src=\"https:\/\/cerveau.ee\/wp-content\/uploads\/2024\/12\/terviseamet1-1.png\" alt=\"carousel image\" \/><\/span><\/div><\/li><li class='item'><div class=\"carousel_item_holder\"><span class='first_image_holder '><img decoding=\"async\" itemprop=\"image\" src=\"https:\/\/cerveau.ee\/wp-content\/uploads\/2025\/01\/pzu.png\" alt=\"carousel image\" \/><\/span><\/div><\/li><li class='item'><div class=\"carousel_item_holder\"><span class='first_image_holder '><img decoding=\"async\" itemprop=\"image\" src=\"https:\/\/cerveau.ee\/wp-content\/uploads\/2024\/12\/1.png\" alt=\"carousel image\" \/><\/span><\/div><\/li><li class='item'><div class=\"carousel_item_holder\"><span class='first_image_holder '><img decoding=\"async\" itemprop=\"image\" src=\"https:\/\/cerveau.ee\/wp-content\/uploads\/2025\/02\/ohvriabi-logo_varviline-kirjaga3.png\" alt=\"carousel image\" \/><\/span><\/div><\/li><\/ul><\/div><\/div>[\/vc_column][\/vc_row]<\/p>\n<\/div>","protected":false},"excerpt":{"rendered":"<p>[vc_row css_animation=&#187;&#187; row_type=&#187;row&#187; use_row_as_full_screen_section=&#187;no&#187; type=&#187;grid&#187; angled_section=&#187;no&#187; text_align=&#187;left&#187; background_image_as_pattern=&#187;without_pattern&#187; z_index=&#187;&#187; padding_top=&#187;80&#8243; padding_bottom=&#187;80&#8243;][vc_column width=&#187;1\/2&#8243;][vc_column_text css=&#187;&#187;]\u0412 \u043d\u0430\u0448\u0435\u043c \u0446\u0435\u043d\u0442\u0440\u0435 \u043c\u044b \u043f\u0440\u0435\u0434\u043b\u0430\u0433\u0430\u0435\u043c \u0448\u0438\u0440\u043e\u043a\u0438\u0439 \u0441\u043f\u0435\u043a\u0442\u0440 \u043f\u0441\u0438\u0445\u043e\u0442\u0435\u0440\u0430\u043f\u0435\u0432\u0442\u0438\u0447\u0435\u0441\u043a\u0438\u0445 \u0443\u0441\u043b\u0443\u0433 \u0434\u043b\u044f \u0438\u043d\u0434\u0438\u0432\u0438\u0434\u0443\u0430\u043b\u044c\u043d\u044b\u0445 \u043a\u043b\u0438\u0435\u043d\u0442\u043e\u0432, \u0441\u0435\u043c\u0435\u0439 \u0438 \u043f\u0430\u0440. \u041a\u0430\u0436\u0434\u044b\u0439 \u0447\u0435\u043b\u043e\u0432\u0435\u043a \u0443\u043d\u0438\u043a\u0430\u043b\u0435\u043d, \u043f\u043e\u044d\u0442\u043e\u043c\u0443 \u0432\u0430\u0436\u043d\u043e \u043d\u0430\u0439\u0442\u0438 \u043f\u0441\u0438\u0445\u043e\u0442\u0435\u0440\u0430\u043f\u0435\u0432\u0442\u0438\u0447\u0435\u0441\u043a\u0438\u0439 \u043f\u043e\u0434\u0445\u043e\u0434, \u043a\u043e\u0442\u043e\u0440\u044b\u0439 \u0441\u043e\u043e\u0442\u0432\u0435\u0442\u0441\u0442\u0432\u0443\u0435\u0442 \u0432\u0430\u0448\u0438\u043c \u043f\u043e\u0442\u0440\u0435\u0431\u043d\u043e\u0441\u0442\u044f\u043c. \u0415\u0441\u043b\u0438 \u0432\u044b \u0438\u0449\u0435\u0442\u0435 \u043f\u0440\u043e\u0444\u0435\u0441\u0441\u0438\u043e\u043d\u0430\u043b\u044c\u043d\u0443\u044e \u043f\u0441\u0438\u0445\u043e\u0442\u0435\u0440\u0430\u043f\u0438\u044e \u0432&#8230;<\/p>\n","protected":false},"author":1,"featured_media":0,"parent":0,"menu_order":0,"comment_status":"closed","ping_status":"closed","template":"full_width.php","meta":{"footnotes":""},"class_list":["post-283","page","type-page","status-publish","hentry"],"yoast_head":"<!-- This site is optimized with the Yoast SEO plugin v27.5 - https:\/\/yoast.com\/product\/yoast-seo-wordpress\/ -->\n<title>Ps\u00fchhoteraapia Tallinnas - leia endale sobiv teraapia<\/title>\n<meta name=\"description\" content=\"Cerveau ps\u00fchholoogiakeskuses Tallinnas pakume ps\u00fchhoteraapia teenuseid nii individuaalsetele klientidele, peredele kui ka paaridele.\" \/>\n<meta name=\"robots\" content=\"index, follow, max-snippet:-1, max-image-preview:large, max-video-preview:-1\" \/>\n<link rel=\"canonical\" href=\"https:\/\/cerveau.ee\/psuhhoteraapia\/\" \/>\n<meta property=\"og:locale\" content=\"ru_RU\" \/>\n<meta property=\"og:type\" content=\"article\" \/>\n<meta property=\"og:title\" content=\"Ps\u00fchhoteraapia Tallinnas - leia endale sobiv teraapia\" \/>\n<meta property=\"og:description\" content=\"Cerveau ps\u00fchholoogiakeskuses Tallinnas pakume ps\u00fchhoteraapia teenuseid nii individuaalsetele klientidele, peredele kui ka paaridele.\" \/>\n<meta property=\"og:url\" content=\"https:\/\/cerveau.ee\/psuhhoteraapia\/\" \/>\n<meta property=\"og:site_name\" content=\"[:et]Cerveau ps\u00fchholoogiakliinik[:ru]\u041f\u0441\u0438\u0445\u043e\u043b\u043e\u0433\u0438\u0447\u0435\u0441\u043a\u0430\u044f \u043a\u043b\u0438\u043d\u0438\u043a\u0430 Cerveau[:en]Cerveau Psychological Clinic[:]\" \/>\n<meta property=\"article:modified_time\" content=\"2025-12-30T08:14:57+00:00\" \/>\n<meta name=\"twitter:card\" content=\"summary_large_image\" \/>\n<meta name=\"twitter:label1\" content=\"\u041f\u0440\u0438\u043c\u0435\u0440\u043d\u043e\u0435 \u0432\u0440\u0435\u043c\u044f \u0434\u043b\u044f \u0447\u0442\u0435\u043d\u0438\u044f\" \/>\n\t<meta name=\"twitter:data1\" content=\"2 \u043c\u0438\u043d\u0443\u0442\u044b\" \/>\n<script type=\"application\/ld+json\" class=\"yoast-schema-graph\">{\"@context\":\"https:\\\/\\\/schema.org\",\"@graph\":[{\"@type\":\"WebPage\",\"@id\":\"https:\\\/\\\/cerveau.ee\\\/psuhhoteraapia\\\/\",\"url\":\"https:\\\/\\\/cerveau.ee\\\/psuhhoteraapia\\\/\",\"name\":\"Ps\u00fchhoteraapia Tallinnas - leia endale sobiv teraapia\",\"isPartOf\":{\"@id\":\"https:\\\/\\\/cerveau.ee\\\/en\\\/#website\"},\"datePublished\":\"2024-11-21T16:15:22+00:00\",\"dateModified\":\"2025-12-30T08:14:57+00:00\",\"description\":\"Cerveau ps\u00fchholoogiakeskuses Tallinnas pakume ps\u00fchhoteraapia teenuseid nii individuaalsetele klientidele, peredele kui ka paaridele.\",\"breadcrumb\":{\"@id\":\"https:\\\/\\\/cerveau.ee\\\/psuhhoteraapia\\\/#breadcrumb\"},\"inLanguage\":\"ru-RU\",\"potentialAction\":[{\"@type\":\"ReadAction\",\"target\":[\"https:\\\/\\\/cerveau.ee\\\/psuhhoteraapia\\\/\"]}]},{\"@type\":\"BreadcrumbList\",\"@id\":\"https:\\\/\\\/cerveau.ee\\\/psuhhoteraapia\\\/#breadcrumb\",\"itemListElement\":[{\"@type\":\"ListItem\",\"position\":1,\"name\":\"Home\",\"item\":\"https:\\\/\\\/cerveau.ee\\\/\"},{\"@type\":\"ListItem\",\"position\":2,\"name\":\"Ps\u00fchhoteraapia Tallinnas &#8211; leia endale sobiv teraapia\"}]},{\"@type\":\"WebSite\",\"@id\":\"https:\\\/\\\/cerveau.ee\\\/en\\\/#website\",\"url\":\"https:\\\/\\\/cerveau.ee\\\/en\\\/\",\"name\":\"Cerveau\",\"description\":\"\",\"publisher\":{\"@id\":\"https:\\\/\\\/cerveau.ee\\\/en\\\/#organization\"},\"potentialAction\":[{\"@type\":\"SearchAction\",\"target\":{\"@type\":\"EntryPoint\",\"urlTemplate\":\"https:\\\/\\\/cerveau.ee\\\/en\\\/?s={search_term_string}\"},\"query-input\":{\"@type\":\"PropertyValueSpecification\",\"valueRequired\":true,\"valueName\":\"search_term_string\"}}],\"inLanguage\":\"ru-RU\"},{\"@type\":\"Organization\",\"@id\":\"https:\\\/\\\/cerveau.ee\\\/en\\\/#organization\",\"name\":\"Cerveau\",\"url\":\"https:\\\/\\\/cerveau.ee\\\/en\\\/\",\"logo\":{\"@type\":\"ImageObject\",\"inLanguage\":\"ru-RU\",\"@id\":\"https:\\\/\\\/cerveau.ee\\\/en\\\/#\\\/schema\\\/logo\\\/image\\\/\",\"url\":\"https:\\\/\\\/cerveau.ee\\\/wp-content\\\/uploads\\\/2024\\\/11\\\/logo2.png\",\"contentUrl\":\"https:\\\/\\\/cerveau.ee\\\/wp-content\\\/uploads\\\/2024\\\/11\\\/logo2.png\",\"width\":319,\"height\":70,\"caption\":\"Cerveau\"},\"image\":{\"@id\":\"https:\\\/\\\/cerveau.ee\\\/en\\\/#\\\/schema\\\/logo\\\/image\\\/\"}}]}<\/script>\n<!-- \/ Yoast SEO plugin. -->","yoast_head_json":{"title":"Ps\u00fchhoteraapia Tallinnas - leia endale sobiv teraapia","description":"Cerveau ps\u00fchholoogiakeskuses Tallinnas pakume ps\u00fchhoteraapia teenuseid nii individuaalsetele klientidele, peredele kui ka paaridele.","robots":{"index":"index","follow":"follow","max-snippet":"max-snippet:-1","max-image-preview":"max-image-preview:large","max-video-preview":"max-video-preview:-1"},"canonical":"https:\/\/cerveau.ee\/psuhhoteraapia\/","og_locale":"ru_RU","og_type":"article","og_title":"Ps\u00fchhoteraapia Tallinnas - leia endale sobiv teraapia","og_description":"Cerveau ps\u00fchholoogiakeskuses Tallinnas pakume ps\u00fchhoteraapia teenuseid nii individuaalsetele klientidele, peredele kui ka paaridele.","og_url":"https:\/\/cerveau.ee\/psuhhoteraapia\/","og_site_name":"[:et]Cerveau ps\u00fchholoogiakliinik[:ru]\u041f\u0441\u0438\u0445\u043e\u043b\u043e\u0433\u0438\u0447\u0435\u0441\u043a\u0430\u044f \u043a\u043b\u0438\u043d\u0438\u043a\u0430 Cerveau[:en]Cerveau Psychological Clinic[:]","article_modified_time":"2025-12-30T08:14:57+00:00","twitter_card":"summary_large_image","twitter_misc":{"\u041f\u0440\u0438\u043c\u0435\u0440\u043d\u043e\u0435 \u0432\u0440\u0435\u043c\u044f \u0434\u043b\u044f \u0447\u0442\u0435\u043d\u0438\u044f":"2 \u043c\u0438\u043d\u0443\u0442\u044b"},"schema":{"@context":"https:\/\/schema.org","@graph":[{"@type":"WebPage","@id":"https:\/\/cerveau.ee\/psuhhoteraapia\/","url":"https:\/\/cerveau.ee\/psuhhoteraapia\/","name":"Ps\u00fchhoteraapia Tallinnas - leia endale sobiv teraapia","isPartOf":{"@id":"https:\/\/cerveau.ee\/en\/#website"},"datePublished":"2024-11-21T16:15:22+00:00","dateModified":"2025-12-30T08:14:57+00:00","description":"Cerveau ps\u00fchholoogiakeskuses Tallinnas pakume ps\u00fchhoteraapia teenuseid nii individuaalsetele klientidele, peredele kui ka paaridele.","breadcrumb":{"@id":"https:\/\/cerveau.ee\/psuhhoteraapia\/#breadcrumb"},"inLanguage":"ru-RU","potentialAction":[{"@type":"ReadAction","target":["https:\/\/cerveau.ee\/psuhhoteraapia\/"]}]},{"@type":"BreadcrumbList","@id":"https:\/\/cerveau.ee\/psuhhoteraapia\/#breadcrumb","itemListElement":[{"@type":"ListItem","position":1,"name":"Home","item":"https:\/\/cerveau.ee\/"},{"@type":"ListItem","position":2,"name":"Ps\u00fchhoteraapia Tallinnas &#8211; leia endale sobiv teraapia"}]},{"@type":"WebSite","@id":"https:\/\/cerveau.ee\/en\/#website","url":"https:\/\/cerveau.ee\/en\/","name":"Cerveau","description":"","publisher":{"@id":"https:\/\/cerveau.ee\/en\/#organization"},"potentialAction":[{"@type":"SearchAction","target":{"@type":"EntryPoint","urlTemplate":"https:\/\/cerveau.ee\/en\/?s={search_term_string}"},"query-input":{"@type":"PropertyValueSpecification","valueRequired":true,"valueName":"search_term_string"}}],"inLanguage":"ru-RU"},{"@type":"Organization","@id":"https:\/\/cerveau.ee\/en\/#organization","name":"Cerveau","url":"https:\/\/cerveau.ee\/en\/","logo":{"@type":"ImageObject","inLanguage":"ru-RU","@id":"https:\/\/cerveau.ee\/en\/#\/schema\/logo\/image\/","url":"https:\/\/cerveau.ee\/wp-content\/uploads\/2024\/11\/logo2.png","contentUrl":"https:\/\/cerveau.ee\/wp-content\/uploads\/2024\/11\/logo2.png","width":319,"height":70,"caption":"Cerveau"},"image":{"@id":"https:\/\/cerveau.ee\/en\/#\/schema\/logo\/image\/"}}]}},"_links":{"self":[{"href":"https:\/\/cerveau.ee\/ru\/wp-json\/wp\/v2\/pages\/283","targetHints":{"allow":["GET"]}}],"collection":[{"href":"https:\/\/cerveau.ee\/ru\/wp-json\/wp\/v2\/pages"}],"about":[{"href":"https:\/\/cerveau.ee\/ru\/wp-json\/wp\/v2\/types\/page"}],"author":[{"embeddable":true,"href":"https:\/\/cerveau.ee\/ru\/wp-json\/wp\/v2\/users\/1"}],"replies":[{"embeddable":true,"href":"https:\/\/cerveau.ee\/ru\/wp-json\/wp\/v2\/comments?post=283"}],"version-history":[{"count":5,"href":"https:\/\/cerveau.ee\/ru\/wp-json\/wp\/v2\/pages\/283\/revisions"}],"predecessor-version":[{"id":1410,"href":"https:\/\/cerveau.ee\/ru\/wp-json\/wp\/v2\/pages\/283\/revisions\/1410"}],"wp:attachment":[{"href":"https:\/\/cerveau.ee\/ru\/wp-json\/wp\/v2\/media?parent=283"}],"curies":[{"name":"wp","href":"https:\/\/api.w.org\/{rel}","templated":true}]}}