{"id":302,"date":"2024-11-24T18:37:43","date_gmt":"2024-11-24T16:37:43","guid":{"rendered":"https:\/\/cerveau.ee\/?page_id=302"},"modified":"2026-03-03T22:15:41","modified_gmt":"2026-03-03T20:15:41","slug":"hinnakiri","status":"publish","type":"page","link":"https:\/\/cerveau.ee\/ru\/hinnakiri\/","title":{"rendered":"\u0426\u0435\u043d\u044b"},"content":{"rendered":"<div class=\"wpb-content-wrapper\"><p>[vc_row css_animation=&#187;&#187; row_type=&#187;row&#187; use_row_as_full_screen_section=&#187;no&#187; type=&#187;grid&#187; angled_section=&#187;no&#187; text_align=&#187;left&#187; background_image_as_pattern=&#187;without_pattern&#187; z_index=&#187;&#187; padding_top=&#187;80&#8243; padding_bottom=&#187;80&#8243;][vc_column][vc_column_text css=&#187;&#187;]<strong>\u0415\u0441\u043b\u0438 \u043d\u0435 \u043c\u043e\u0436\u0435\u0442\u0435 \u043f\u0440\u0438\u0439\u0442\u0438 \u043d\u0430 \u043f\u0440\u0438\u0451\u043c, \u0441\u043e\u043e\u0431\u0449\u0438\u0442\u0435 \u043d\u0430\u043c \u043e\u0431 \u044d\u0442\u043e\u043c \u043d\u0435 \u043c\u0435\u043d\u0435\u0435, \u0447\u0435\u043c \u0437\u0430 24 \u0447\u0430\u0441\u0430;<\/strong><\/p>\n<p><strong>\u0435\u0441\u043b\u0438 \u0432\u044b \u0441\u043e\u043e\u0431\u0449\u0438\u043b\u0438 \u043f\u043e\u0437\u0436\u0435, \u0432\u0437\u0438\u043c\u0430\u0435\u0442\u0441\u044f \u043f\u043b\u0430\u0442\u0430 60% \u043e\u0442 \u0443\u0441\u043b\u0443\u0433\u0438; e\u0441\u043b\u0438 \u0432\u044b \u043d\u0435 \u0441\u043e\u043e\u0431\u0449\u0438\u043b\u0438 \u043e\u0431 \u043e\u0442\u043c\u0435\u043d\u0435, \u0441\u0443\u043c\u043c\u0430 \u043d\u0435 \u0432\u043e\u0437\u0432\u0440\u0430\u0449\u0430\u0435\u0442\u0441\u044f. \u041f\u0440\u0438 \u0437\u0430\u043f\u0438\u0441\u0438 \u043d\u0430 \u043f\u0435\u0440\u0432\u0443\u044e \u0432\u0441\u0442\u0440\u0435\u0447\u0443 \u043e\u043f\u043b\u0430\u0442\u0430 \u0442\u043e\u043b\u044c\u043a\u043e \u0431\u0430\u043d\u043a\u043e\u0432\u0441\u043a\u0438\u043c \u043f\u0435\u0440\u0435\u0432\u043e\u0434\u043e\u043c, \u043d\u0430 \u043d\u043e\u0432\u0443\u044e \u0431\u0430\u043d\u043a\u043e\u0432\u0441\u043a\u0438\u043c \u043f\u0435\u0440\u0435\u0432\u043e\u0434\u043e\u043c \u0438\u043b\u0438 \u043a\u0430\u0440\u0442\u043e\u0447\u043a\u043e\u0439 \u043d\u0430 \u043c\u0435\u0441\u0442\u0435 (\u0443 \u0432\u0430\u0441 \u0434\u043e\u043b\u0436\u0435\u043d \u0431\u044b\u0442\u044c \u0430\u043a\u0442\u0438\u0432\u0438\u0440\u043e\u0432\u0430\u043d \u0431\u0435\u0441\u043a\u043e\u043d\u0442\u0430\u043a\u0442\u043d\u044b\u0439 \u043f\u043b\u0430\u0442\u0451\u0436). \u0417\u0430 \u0431\u0440\u043e\u043d\u0438\u0440\u043e\u0432\u0430\u043d\u0438\u0435 \u043d\u0435 \u043f\u043e\u0434\u0445\u043e\u0434\u044f\u0449\u0435\u0439 \u0443\u0441\u043b\u0443\u0433\u0438 \u043a\u043b\u0438\u0435\u043d\u0442 \u043e\u0442\u0432\u0435\u0447\u0430\u0435\u0442 \u0441\u0430\u043c. \u0421 \u0432\u043e\u043f\u0440\u043e\u0441\u0430\u043c\u0438 \u0438\u043b\u0438 \u0447\u0442\u043e\u0431\u044b \u043e\u0442\u043c\u0435\u043d\u0438\u0442\u044c \u0432\u0440\u0435\u043c\u044f: <\/strong><a href=\"mailto:info@cerveau.ee\"><strong>info@cerveau.ee<\/strong><\/a>[\/vc_column_text][vc_empty_space]<a  itemprop=\"url\" href=\"https:\/\/connectedserver.eu\/ConnectedOnlineX\/default.aspx?key=h2Dj7Ukg&#038;lang=et\" target=\"_blank\"  class=\"qbutton  default\" style=\"\">\u0411\u0420\u041e\u041d\u0418\u0420\u0423\u0419<\/a>[vc_empty_space][vc_column_text css=&#187;&#187;][\/vc_column_text][vc_empty_space][vc_column_text css=&#187;&#187;]\n<table id=\"tablepress-2\" class=\"tablepress tablepress-id-2\">\n<thead>\n<tr class=\"row-1\">\n\t<th class=\"column-1\">Teenus<\/th><th class=\"column-2\">Hind  (alates 02.03.26)<\/th>\n<\/tr>\n<\/thead>\n<tbody class=\"row-striping row-hover\">\n<tr class=\"row-2\">\n\t<td class=\"column-1\">T\u00f6\u00f6alane ps\u00fchholoogiline n\u00f5ustamine 45 min<\/td><td class=\"column-2\">70 euro<\/td>\n<\/tr>\n<tr class=\"row-3\">\n\t<td class=\"column-1\">Ps\u00fchholoogi n\u00f5ustamine 60 min<\/td><td class=\"column-2\">100 euro<\/td>\n<\/tr>\n<tr class=\"row-4\">\n\t<td class=\"column-1\">Kliinilise ps\u00fchholoogi esmane vastuv\u00f5tt 1 tund<\/td><td class=\"column-2\">120 euro<\/td>\n<\/tr>\n<tr class=\"row-5\">\n\t<td class=\"column-1\">Kliinilise ps\u00fchholoogi korduv vastuv\u00f5tt 45 min<\/td><td class=\"column-2\">110 euro<\/td>\n<\/tr>\n<tr class=\"row-6\">\n\t<td class=\"column-1\">Laste kliinilise ps\u00fchholoogi esmane vastuv\u00f5tt 1 tund<\/td><td class=\"column-2\">120 euro<\/td>\n<\/tr>\n<tr class=\"row-7\">\n\t<td class=\"column-1\">Laste kliinilise ps\u00fchholoogi korduv vastuv\u00f5tt  45 min<\/td><td class=\"column-2\">110 euro<\/td>\n<\/tr>\n<tr class=\"row-8\">\n\t<td class=\"column-1\">Ps\u00fchhoteraapia 1 tund<\/td><td class=\"column-2\">130 euro<\/td>\n<\/tr>\n<tr class=\"row-9\">\n\t<td class=\"column-1\">Pere- ja paariteraapia, 1 tund 30 min<\/td><td class=\"column-2\">160 euro<\/td>\n<\/tr>\n<tr class=\"row-10\">\n\t<td class=\"column-1\">Kognitiivsete funkstioonide uuring 2 tundi<\/td><td class=\"column-2\">290 euro<\/td>\n<\/tr>\n<tr class=\"row-11\">\n\t<td class=\"column-1\">Isiksuse uuring 2 tundi<\/td><td class=\"column-2\">300 euro<\/td>\n<\/tr>\n<tr class=\"row-12\">\n\t<td class=\"column-1\">Toitumisn\u00f5ustaja 1 tund<\/td><td class=\"column-2\">110 euro<\/td>\n<\/tr>\n<tr class=\"row-13\">\n\t<td class=\"column-1\">Kompleksuuring (kognitiivsete funktsioonide ja isiksuse uuring) 4 tundi<br \/>\n(soovitame uuringu teha eri p\u00e4evadel: 2+2 tundi)<\/td><td class=\"column-2\">580 euro<\/td>\n<\/tr>\n<tr class=\"row-14\">\n\t<td class=\"column-1\">Ps\u00fchhiaatria eriala arst-residendi vastuv\u00f5tt (kuni 1 tund)<\/td><td class=\"column-2\">200 euro<\/td>\n<\/tr>\n<\/tbody>\n<\/table>\n<!-- #tablepress-2 from cache -->[\/vc_column_text][\/vc_column][\/vc_row]<\/p>\n<\/div>","protected":false},"excerpt":{"rendered":"<p>[vc_row css_animation=&#187;&#187; row_type=&#187;row&#187; use_row_as_full_screen_section=&#187;no&#187; type=&#187;grid&#187; angled_section=&#187;no&#187; text_align=&#187;left&#187; background_image_as_pattern=&#187;without_pattern&#187; z_index=&#187;&#187; padding_top=&#187;80&#8243; padding_bottom=&#187;80&#8243;][vc_column][vc_column_text css=&#187;&#187;]\u0415\u0441\u043b\u0438 \u043d\u0435 \u043c\u043e\u0436\u0435\u0442\u0435 \u043f\u0440\u0438\u0439\u0442\u0438 \u043d\u0430 \u043f\u0440\u0438\u0451\u043c, \u0441\u043e\u043e\u0431\u0449\u0438\u0442\u0435 \u043d\u0430\u043c \u043e\u0431 \u044d\u0442\u043e\u043c \u043d\u0435 \u043c\u0435\u043d\u0435\u0435, \u0447\u0435\u043c \u0437\u0430 24 \u0447\u0430\u0441\u0430; \u0435\u0441\u043b\u0438 \u0432\u044b \u0441\u043e\u043e\u0431\u0449\u0438\u043b\u0438 \u043f\u043e\u0437\u0436\u0435, \u0432\u0437\u0438\u043c\u0430\u0435\u0442\u0441\u044f \u043f\u043b\u0430\u0442\u0430 60% \u043e\u0442 \u0443\u0441\u043b\u0443\u0433\u0438; e\u0441\u043b\u0438 \u0432\u044b \u043d\u0435 \u0441\u043e\u043e\u0431\u0449\u0438\u043b\u0438 \u043e\u0431 \u043e\u0442\u043c\u0435\u043d\u0435, \u0441\u0443\u043c\u043c\u0430 \u043d\u0435 \u0432\u043e\u0437\u0432\u0440\u0430\u0449\u0430\u0435\u0442\u0441\u044f&#8230;.<\/p>\n","protected":false},"author":1,"featured_media":0,"parent":0,"menu_order":0,"comment_status":"closed","ping_status":"closed","template":"full_width.php","meta":{"footnotes":""},"class_list":["post-302","page","type-page","status-publish","hentry"],"yoast_head":"<!-- This site is optimized with the Yoast SEO plugin v27.5 - https:\/\/yoast.com\/product\/yoast-seo-wordpress\/ -->\n<title>\u0426\u0435\u043d\u044b - \u041f\u0441\u0438\u0445\u043e\u043b\u043e\u0433\u0438\u0447\u0435\u0441\u043a\u0430\u044f \u043a\u043b\u0438\u043d\u0438\u043a\u0430 Cerveau<\/title>\n<meta name=\"robots\" content=\"index, follow, max-snippet:-1, max-image-preview:large, max-video-preview:-1\" \/>\n<link rel=\"canonical\" href=\"https:\/\/cerveau.ee\/hinnakiri\/\" \/>\n<meta property=\"og:locale\" content=\"ru_RU\" \/>\n<meta property=\"og:type\" content=\"article\" \/>\n<meta property=\"og:title\" content=\"\u0426\u0435\u043d\u044b - [:et]Cerveau ps\u00fchholoogiakliinik[:ru]\u041f\u0441\u0438\u0445\u043e\u043b\u043e\u0433\u0438\u0447\u0435\u0441\u043a\u0430\u044f \u043a\u043b\u0438\u043d\u0438\u043a\u0430 Cerveau[:en]Cerveau Psychological Clinic[:]\" \/>\n<meta property=\"og:description\" content=\"[vc_row css_animation=&#187;&#187; row_type=&#187;row&#187; use_row_as_full_screen_section=&#187;no&#187; type=&#187;grid&#187; angled_section=&#187;no&#187; text_align=&#187;left&#187; background_image_as_pattern=&#187;without_pattern&#187; z_index=&#187;&#187; padding_top=&#187;80&#8243; padding_bottom=&#187;80&#8243;][vc_column][vc_column_text css=&#187;&#187;]\u0415\u0441\u043b\u0438 \u043d\u0435 \u043c\u043e\u0436\u0435\u0442\u0435 \u043f\u0440\u0438\u0439\u0442\u0438 \u043d\u0430 \u043f\u0440\u0438\u0451\u043c, \u0441\u043e\u043e\u0431\u0449\u0438\u0442\u0435 \u043d\u0430\u043c \u043e\u0431 \u044d\u0442\u043e\u043c \u043d\u0435 \u043c\u0435\u043d\u0435\u0435, \u0447\u0435\u043c \u0437\u0430 24 \u0447\u0430\u0441\u0430; \u0435\u0441\u043b\u0438 \u0432\u044b \u0441\u043e\u043e\u0431\u0449\u0438\u043b\u0438 \u043f\u043e\u0437\u0436\u0435, \u0432\u0437\u0438\u043c\u0430\u0435\u0442\u0441\u044f \u043f\u043b\u0430\u0442\u0430 60% \u043e\u0442 \u0443\u0441\u043b\u0443\u0433\u0438; e\u0441\u043b\u0438 \u0432\u044b \u043d\u0435 \u0441\u043e\u043e\u0431\u0449\u0438\u043b\u0438 \u043e\u0431 \u043e\u0442\u043c\u0435\u043d\u0435, \u0441\u0443\u043c\u043c\u0430 \u043d\u0435 \u0432\u043e\u0437\u0432\u0440\u0430\u0449\u0430\u0435\u0442\u0441\u044f....\" \/>\n<meta property=\"og:url\" content=\"https:\/\/cerveau.ee\/hinnakiri\/\" \/>\n<meta property=\"og:site_name\" content=\"[:et]Cerveau ps\u00fchholoogiakliinik[:ru]\u041f\u0441\u0438\u0445\u043e\u043b\u043e\u0433\u0438\u0447\u0435\u0441\u043a\u0430\u044f \u043a\u043b\u0438\u043d\u0438\u043a\u0430 Cerveau[:en]Cerveau Psychological Clinic[:]\" \/>\n<meta property=\"article:modified_time\" content=\"2026-03-03T20:15:41+00:00\" \/>\n<meta name=\"twitter:card\" content=\"summary_large_image\" \/>\n<meta name=\"twitter:label1\" content=\"\u041f\u0440\u0438\u043c\u0435\u0440\u043d\u043e\u0435 \u0432\u0440\u0435\u043c\u044f \u0434\u043b\u044f \u0447\u0442\u0435\u043d\u0438\u044f\" \/>\n\t<meta name=\"twitter:data1\" content=\"1 \u043c\u0438\u043d\u0443\u0442\u0430\" \/>\n<script type=\"application\/ld+json\" class=\"yoast-schema-graph\">{\"@context\":\"https:\\\/\\\/schema.org\",\"@graph\":[{\"@type\":\"WebPage\",\"@id\":\"https:\\\/\\\/cerveau.ee\\\/hinnakiri\\\/\",\"url\":\"https:\\\/\\\/cerveau.ee\\\/hinnakiri\\\/\",\"name\":\"\u0426\u0435\u043d\u044b - [:et]Cerveau ps\u00fchholoogiakliinik[:ru]\u041f\u0441\u0438\u0445\u043e\u043b\u043e\u0433\u0438\u0447\u0435\u0441\u043a\u0430\u044f \u043a\u043b\u0438\u043d\u0438\u043a\u0430 Cerveau[:en]Cerveau Psychological Clinic[:]\",\"isPartOf\":{\"@id\":\"https:\\\/\\\/cerveau.ee\\\/en\\\/#website\"},\"datePublished\":\"2024-11-24T16:37:43+00:00\",\"dateModified\":\"2026-03-03T20:15:41+00:00\",\"breadcrumb\":{\"@id\":\"https:\\\/\\\/cerveau.ee\\\/hinnakiri\\\/#breadcrumb\"},\"inLanguage\":\"ru-RU\",\"potentialAction\":[{\"@type\":\"ReadAction\",\"target\":[\"https:\\\/\\\/cerveau.ee\\\/hinnakiri\\\/\"]}]},{\"@type\":\"BreadcrumbList\",\"@id\":\"https:\\\/\\\/cerveau.ee\\\/hinnakiri\\\/#breadcrumb\",\"itemListElement\":[{\"@type\":\"ListItem\",\"position\":1,\"name\":\"Home\",\"item\":\"https:\\\/\\\/cerveau.ee\\\/\"},{\"@type\":\"ListItem\",\"position\":2,\"name\":\"Hinnakiri\"}]},{\"@type\":\"WebSite\",\"@id\":\"https:\\\/\\\/cerveau.ee\\\/en\\\/#website\",\"url\":\"https:\\\/\\\/cerveau.ee\\\/en\\\/\",\"name\":\"Cerveau\",\"description\":\"\",\"publisher\":{\"@id\":\"https:\\\/\\\/cerveau.ee\\\/en\\\/#organization\"},\"potentialAction\":[{\"@type\":\"SearchAction\",\"target\":{\"@type\":\"EntryPoint\",\"urlTemplate\":\"https:\\\/\\\/cerveau.ee\\\/en\\\/?s={search_term_string}\"},\"query-input\":{\"@type\":\"PropertyValueSpecification\",\"valueRequired\":true,\"valueName\":\"search_term_string\"}}],\"inLanguage\":\"ru-RU\"},{\"@type\":\"Organization\",\"@id\":\"https:\\\/\\\/cerveau.ee\\\/en\\\/#organization\",\"name\":\"Cerveau\",\"url\":\"https:\\\/\\\/cerveau.ee\\\/en\\\/\",\"logo\":{\"@type\":\"ImageObject\",\"inLanguage\":\"ru-RU\",\"@id\":\"https:\\\/\\\/cerveau.ee\\\/en\\\/#\\\/schema\\\/logo\\\/image\\\/\",\"url\":\"https:\\\/\\\/cerveau.ee\\\/wp-content\\\/uploads\\\/2024\\\/11\\\/logo2.png\",\"contentUrl\":\"https:\\\/\\\/cerveau.ee\\\/wp-content\\\/uploads\\\/2024\\\/11\\\/logo2.png\",\"width\":319,\"height\":70,\"caption\":\"Cerveau\"},\"image\":{\"@id\":\"https:\\\/\\\/cerveau.ee\\\/en\\\/#\\\/schema\\\/logo\\\/image\\\/\"}}]}<\/script>\n<!-- \/ Yoast SEO plugin. -->","yoast_head_json":{"title":"\u0426\u0435\u043d\u044b - [:et]Cerveau ps\u00fchholoogiakliinik[:ru]\u041f\u0441\u0438\u0445\u043e\u043b\u043e\u0433\u0438\u0447\u0435\u0441\u043a\u0430\u044f \u043a\u043b\u0438\u043d\u0438\u043a\u0430 Cerveau[:en]Cerveau Psychological Clinic[:]","robots":{"index":"index","follow":"follow","max-snippet":"max-snippet:-1","max-image-preview":"max-image-preview:large","max-video-preview":"max-video-preview:-1"},"canonical":"https:\/\/cerveau.ee\/hinnakiri\/","og_locale":"ru_RU","og_type":"article","og_title":"\u0426\u0435\u043d\u044b - [:et]Cerveau ps\u00fchholoogiakliinik[:ru]\u041f\u0441\u0438\u0445\u043e\u043b\u043e\u0433\u0438\u0447\u0435\u0441\u043a\u0430\u044f \u043a\u043b\u0438\u043d\u0438\u043a\u0430 Cerveau[:en]Cerveau Psychological Clinic[:]","og_description":"[vc_row css_animation=&#187;&#187; row_type=&#187;row&#187; use_row_as_full_screen_section=&#187;no&#187; type=&#187;grid&#187; angled_section=&#187;no&#187; text_align=&#187;left&#187; background_image_as_pattern=&#187;without_pattern&#187; z_index=&#187;&#187; padding_top=&#187;80&#8243; padding_bottom=&#187;80&#8243;][vc_column][vc_column_text css=&#187;&#187;]\u0415\u0441\u043b\u0438 \u043d\u0435 \u043c\u043e\u0436\u0435\u0442\u0435 \u043f\u0440\u0438\u0439\u0442\u0438 \u043d\u0430 \u043f\u0440\u0438\u0451\u043c, \u0441\u043e\u043e\u0431\u0449\u0438\u0442\u0435 \u043d\u0430\u043c \u043e\u0431 \u044d\u0442\u043e\u043c \u043d\u0435 \u043c\u0435\u043d\u0435\u0435, \u0447\u0435\u043c \u0437\u0430 24 \u0447\u0430\u0441\u0430; \u0435\u0441\u043b\u0438 \u0432\u044b \u0441\u043e\u043e\u0431\u0449\u0438\u043b\u0438 \u043f\u043e\u0437\u0436\u0435, \u0432\u0437\u0438\u043c\u0430\u0435\u0442\u0441\u044f \u043f\u043b\u0430\u0442\u0430 60% \u043e\u0442 \u0443\u0441\u043b\u0443\u0433\u0438; e\u0441\u043b\u0438 \u0432\u044b \u043d\u0435 \u0441\u043e\u043e\u0431\u0449\u0438\u043b\u0438 \u043e\u0431 \u043e\u0442\u043c\u0435\u043d\u0435, \u0441\u0443\u043c\u043c\u0430 \u043d\u0435 \u0432\u043e\u0437\u0432\u0440\u0430\u0449\u0430\u0435\u0442\u0441\u044f....","og_url":"https:\/\/cerveau.ee\/hinnakiri\/","og_site_name":"[:et]Cerveau ps\u00fchholoogiakliinik[:ru]\u041f\u0441\u0438\u0445\u043e\u043b\u043e\u0433\u0438\u0447\u0435\u0441\u043a\u0430\u044f \u043a\u043b\u0438\u043d\u0438\u043a\u0430 Cerveau[:en]Cerveau Psychological Clinic[:]","article_modified_time":"2026-03-03T20:15:41+00:00","twitter_card":"summary_large_image","twitter_misc":{"\u041f\u0440\u0438\u043c\u0435\u0440\u043d\u043e\u0435 \u0432\u0440\u0435\u043c\u044f \u0434\u043b\u044f \u0447\u0442\u0435\u043d\u0438\u044f":"1 \u043c\u0438\u043d\u0443\u0442\u0430"},"schema":{"@context":"https:\/\/schema.org","@graph":[{"@type":"WebPage","@id":"https:\/\/cerveau.ee\/hinnakiri\/","url":"https:\/\/cerveau.ee\/hinnakiri\/","name":"\u0426\u0435\u043d\u044b - [:et]Cerveau ps\u00fchholoogiakliinik[:ru]\u041f\u0441\u0438\u0445\u043e\u043b\u043e\u0433\u0438\u0447\u0435\u0441\u043a\u0430\u044f \u043a\u043b\u0438\u043d\u0438\u043a\u0430 Cerveau[:en]Cerveau Psychological Clinic[:]","isPartOf":{"@id":"https:\/\/cerveau.ee\/en\/#website"},"datePublished":"2024-11-24T16:37:43+00:00","dateModified":"2026-03-03T20:15:41+00:00","breadcrumb":{"@id":"https:\/\/cerveau.ee\/hinnakiri\/#breadcrumb"},"inLanguage":"ru-RU","potentialAction":[{"@type":"ReadAction","target":["https:\/\/cerveau.ee\/hinnakiri\/"]}]},{"@type":"BreadcrumbList","@id":"https:\/\/cerveau.ee\/hinnakiri\/#breadcrumb","itemListElement":[{"@type":"ListItem","position":1,"name":"Home","item":"https:\/\/cerveau.ee\/"},{"@type":"ListItem","position":2,"name":"Hinnakiri"}]},{"@type":"WebSite","@id":"https:\/\/cerveau.ee\/en\/#website","url":"https:\/\/cerveau.ee\/en\/","name":"Cerveau","description":"","publisher":{"@id":"https:\/\/cerveau.ee\/en\/#organization"},"potentialAction":[{"@type":"SearchAction","target":{"@type":"EntryPoint","urlTemplate":"https:\/\/cerveau.ee\/en\/?s={search_term_string}"},"query-input":{"@type":"PropertyValueSpecification","valueRequired":true,"valueName":"search_term_string"}}],"inLanguage":"ru-RU"},{"@type":"Organization","@id":"https:\/\/cerveau.ee\/en\/#organization","name":"Cerveau","url":"https:\/\/cerveau.ee\/en\/","logo":{"@type":"ImageObject","inLanguage":"ru-RU","@id":"https:\/\/cerveau.ee\/en\/#\/schema\/logo\/image\/","url":"https:\/\/cerveau.ee\/wp-content\/uploads\/2024\/11\/logo2.png","contentUrl":"https:\/\/cerveau.ee\/wp-content\/uploads\/2024\/11\/logo2.png","width":319,"height":70,"caption":"Cerveau"},"image":{"@id":"https:\/\/cerveau.ee\/en\/#\/schema\/logo\/image\/"}}]}},"_links":{"self":[{"href":"https:\/\/cerveau.ee\/ru\/wp-json\/wp\/v2\/pages\/302","targetHints":{"allow":["GET"]}}],"collection":[{"href":"https:\/\/cerveau.ee\/ru\/wp-json\/wp\/v2\/pages"}],"about":[{"href":"https:\/\/cerveau.ee\/ru\/wp-json\/wp\/v2\/types\/page"}],"author":[{"embeddable":true,"href":"https:\/\/cerveau.ee\/ru\/wp-json\/wp\/v2\/users\/1"}],"replies":[{"embeddable":true,"href":"https:\/\/cerveau.ee\/ru\/wp-json\/wp\/v2\/comments?post=302"}],"version-history":[{"count":5,"href":"https:\/\/cerveau.ee\/ru\/wp-json\/wp\/v2\/pages\/302\/revisions"}],"predecessor-version":[{"id":1616,"href":"https:\/\/cerveau.ee\/ru\/wp-json\/wp\/v2\/pages\/302\/revisions\/1616"}],"wp:attachment":[{"href":"https:\/\/cerveau.ee\/ru\/wp-json\/wp\/v2\/media?parent=302"}],"curies":[{"name":"wp","href":"https:\/\/api.w.org\/{rel}","templated":true}]}}