{"id":325,"date":"2024-11-26T08:14:24","date_gmt":"2024-11-26T06:14:24","guid":{"rendered":"https:\/\/cerveau.ee\/?page_id=325"},"modified":"2025-12-30T10:13:57","modified_gmt":"2025-12-30T08:13:57","slug":"psuhholoogi-noustaja-konsultatsioon","status":"publish","type":"page","link":"https:\/\/cerveau.ee\/ru\/psuhholoogi-noustaja-konsultatsioon\/","title":{"rendered":"\u041f\u0441\u0438\u0445\u043e\u043b\u043e\u0433\u0438\u0447\u0435\u0441\u043a\u043e\u0435 \u043a\u043e\u043d\u0441\u0443\u043b\u044c\u0442\u0438\u0440\u043e\u0432\u0430\u043d\u0438\u0435 &#8212; \u0431\u044b\u0441\u0442\u0440\u0430\u044f \u0438 \u043f\u0440\u043e\u0444\u0435\u0441\u0441\u0438\u043e\u043d\u0430\u043b\u044c\u043d\u0430\u044f \u043f\u043e\u0434\u0434\u0435\u0440\u0436\u043a\u0430"},"content":{"rendered":"<div class=\"wpb-content-wrapper\"><p>[vc_row css_animation=&#187;&#187; row_type=&#187;row&#187; use_row_as_full_screen_section=&#187;no&#187; type=&#187;grid&#187; angled_section=&#187;no&#187; text_align=&#187;left&#187; background_image_as_pattern=&#187;without_pattern&#187; z_index=&#187;&#187; padding_top=&#187;80&#8243; padding_bottom=&#187;80&#8243;][vc_column width=&#187;1\/2&#8243;][vc_column_text css=&#187;&#187;]<\/p>\n<h3>\u0427\u0442\u043e \u0442\u0430\u043a\u043e\u0435 \u043f\u0441\u0438\u0445\u043e\u043b\u043e\u0433\u0438\u0447\u0435\u0441\u043a\u043e\u0435 \u043a\u043e\u043d\u0441\u0443\u043b\u044c\u0442\u0438\u0440\u043e\u0432\u0430\u043d\u0438\u0435?<\/h3>\n<p>&nbsp;<\/p>\n<p>\u041f\u0441\u0438\u0445\u043e\u043b\u043e\u0433\u0438\u0447\u0435\u0441\u043a\u043e\u0435 \u043a\u043e\u043d\u0441\u0443\u043b\u044c\u0442\u0438\u0440\u043e\u0432\u0430\u043d\u0438\u0435 \u043f\u0440\u0435\u0434\u043d\u0430\u0437\u043d\u0430\u0447\u0435\u043d\u043e \u0434\u043b\u044f \u043b\u044e\u0434\u0435\u0439, \u043a\u043e\u0442\u043e\u0440\u044b\u0435 \u0438\u0441\u043f\u044b\u0442\u044b\u0432\u0430\u044e\u0442 \u044d\u043c\u043e\u0446\u0438\u043e\u043d\u0430\u043b\u044c\u043d\u044b\u0435 \u0442\u0440\u0443\u0434\u043d\u043e\u0441\u0442\u0438, \u0441\u0442\u0440\u0435\u0441\u0441, \u0442\u0440\u0435\u0432\u043e\u0433\u0443 \u0438\u043b\u0438 \u0434\u0440\u0443\u0433\u0438\u0435 \u043f\u0440\u043e\u0431\u043b\u0435\u043c\u044b, \u043a\u043e\u0442\u043e\u0440\u044b\u0435 \u043d\u0443\u0436\u0434\u0430\u044e\u0442\u0441\u044f \u0432 \u0431\u044b\u0441\u0442\u0440\u043e\u043c \u0440\u0435\u0448\u0435\u043d\u0438\u0438, \u043d\u043e \u043d\u0435 \u0442\u0440\u0435\u0431\u0443\u044e\u0442 \u0434\u043b\u0438\u0442\u0435\u043b\u044c\u043d\u043e\u0439 \u0442\u0435\u0440\u0430\u043f\u0438\u0438. \u042d\u0442\u043e \u043f\u0440\u0430\u043a\u0442\u0438\u0447\u043d\u044b\u0439 \u0438 \u043e\u0440\u0438\u0435\u043d\u0442\u0438\u0440\u043e\u0432\u0430\u043d\u043d\u044b\u0439 \u043d\u0430 \u0440\u0435\u0437\u0443\u043b\u044c\u0442\u0430\u0442 \u043c\u0435\u0442\u043e\u0434, \u043a\u043e\u0442\u043e\u0440\u044b\u0439 \u0444\u043e\u043a\u0443\u0441\u0438\u0440\u0443\u0435\u0442\u0441\u044f \u043d\u0430 \u043a\u043e\u043d\u043a\u0440\u0435\u0442\u043d\u043e\u0439 \u043f\u0440\u043e\u0431\u043b\u0435\u043c\u0435 \u0438 \u043f\u0440\u0435\u0434\u043b\u0430\u0433\u0430\u0435\u0442 \u043f\u043e\u0434\u0434\u0435\u0440\u0436\u043a\u0443 \u0438 \u0440\u0443\u043a\u043e\u0432\u043e\u0434\u0441\u0442\u0432\u043e \u043f\u043e \u0435\u0435 \u043f\u0440\u0435\u043e\u0434\u043e\u043b\u0435\u043d\u0438\u044e.<\/p>\n<p>&nbsp;<\/p>\n<h3>\u041a\u043e\u0433\u0434\u0430 \u0432\u044b\u0431\u0438\u0440\u0430\u0442\u044c \u043f\u0441\u0438\u0445\u043e\u043b\u043e\u0433\u0438\u0447\u0435\u0441\u043a\u0443\u044e \u043a\u043e\u043d\u0441\u0443\u043b\u044c\u0442\u0430\u0446\u0438\u044e?<\/h3>\n<p>&nbsp;<\/p>\n<p><strong>\u041f\u0441\u0438\u0445\u043e\u043b\u043e\u0433\u0438\u0447\u0435\u0441\u043a\u0430\u044f \u043a\u043e\u043d\u0441\u0443\u043b\u044c\u0442\u0430\u0446\u0438\u044f \u043f\u043e\u0434\u0445\u043e\u0434\u0438\u0442, \u0435\u0441\u043b\u0438:<\/strong><\/p>\n<p>&nbsp;<\/p>\n<p>1. \u0412\u044b \u043d\u0430\u0445\u043e\u0434\u0438\u0442\u0435\u0441\u044c \u0432 \u043a\u0440\u0438\u0437\u0438\u0441\u043d\u043e\u0439 \u0441\u0438\u0442\u0443\u0430\u0446\u0438\u0438 \u2013 \u043d\u0430\u043f\u0440\u0438\u043c\u0435\u0440, \u043f\u043e\u0441\u043b\u0435 \u043f\u043e\u0442\u0435\u0440\u0438, \u0440\u0430\u0441\u0441\u0442\u0430\u0432\u0430\u043d\u0438\u044f \u0438\u043b\u0438 \u043d\u0435\u043e\u0436\u0438\u0434\u0430\u043d\u043d\u043e\u0439 \u043f\u0435\u0440\u0435\u043c\u0435\u043d\u044b \u0432 \u0436\u0438\u0437\u043d\u0438.<br \/>\n2. \u0412\u044b \u0447\u0443\u0432\u0441\u0442\u0432\u0443\u0435\u0442\u0435 \u0441\u0442\u0440\u0435\u0441\u0441 \u0438 \u0442\u0440\u0435\u0432\u043e\u0433\u0443, \u043a\u043e\u0442\u043e\u0440\u044b\u0435 \u043c\u0435\u0448\u0430\u044e\u0442 \u043f\u043e\u0432\u0441\u0435\u0434\u043d\u0435\u0432\u043d\u043e\u0439 \u0436\u0438\u0437\u043d\u0438 \u0438 \u0432\u044b\u043f\u043e\u043b\u043d\u0435\u043d\u0438\u044e \u0440\u0430\u0431\u043e\u0442\u044b.<br \/>\n3. \u0412\u044b \u0438\u0441\u043f\u044b\u0442\u044b\u0432\u0430\u0435\u0442\u0435 \u0442\u0440\u0443\u0434\u043d\u043e\u0441\u0442\u0438 \u0441 \u043f\u0440\u0438\u043d\u044f\u0442\u0438\u0435\u043c \u0440\u0435\u0448\u0435\u043d\u0438\u0439 \u0438 \u043d\u0443\u0436\u0434\u0430\u0435\u0442\u0435\u0441\u044c \u0432 \u043e\u0431\u044a\u0435\u043a\u0442\u0438\u0432\u043d\u043e\u043c \u0432\u0437\u0433\u043b\u044f\u0434\u0435 \u0438 \u044f\u0441\u043d\u043e\u0441\u0442\u0438.<br \/>\n4. \u0412\u044b \u0447\u0443\u0432\u0441\u0442\u0432\u0443\u0435\u0442\u0435 \u0441\u0435\u0431\u044f \u043e\u0434\u0438\u043d\u043e\u043a\u0438\u043c \u0438 \u043d\u0435 \u0437\u043d\u0430\u0435\u0442\u0435, \u043a \u043a\u043e\u043c\u0443 \u043e\u0431\u0440\u0430\u0442\u0438\u0442\u044c\u0441\u044f.<br \/>\n5. \u0412\u044b \u0445\u043e\u0442\u0438\u0442\u0435 \u0441\u0430\u043c\u043e\u0440\u0430\u0437\u0432\u0438\u0442\u0438\u044f, \u043d\u0430\u043f\u0440\u0438\u043c\u0435\u0440, \u043b\u0443\u0447\u0448\u0435\u0433\u043e \u0441\u0430\u043c\u043e\u043a\u043e\u043d\u0442\u0440\u043e\u043b\u044f, \u0443\u043b\u0443\u0447\u0448\u0435\u043d\u0438\u044f \u043e\u0442\u043d\u043e\u0448\u0435\u043d\u0438\u0439 \u0438\u043b\u0438 \u043b\u0443\u0447\u0448\u0435\u0433\u043e \u043f\u0440\u0435\u043e\u0434\u043e\u043b\u0435\u043d\u0438\u044f \u044d\u043c\u043e\u0446\u0438\u0439.<\/p>\n<p>&nbsp;<\/p>\n<h3>\u0427\u0435\u043c \u0437\u0430\u043d\u0438\u043c\u0430\u0435\u0442\u0441\u044f \u043f\u0441\u0438\u0445\u043e\u043b\u043e\u0433-\u043a\u043e\u043d\u0441\u0443\u043b\u044c\u0442\u0430\u043d\u0442?<\/h3>\n<p>&nbsp;<\/p>\n<p><strong>\u041f\u0441\u0438\u0445\u043e\u043b\u043e\u0433-\u043a\u043e\u043d\u0441\u0443\u043b\u044c\u0442\u0430\u043d\u0442 \u043f\u043e\u043c\u043e\u0433\u0430\u0435\u0442:<\/strong><\/p>\n<p>&nbsp;<\/p>\n<p>\u2714 \u0421\u043e\u0441\u0442\u0430\u0432\u0438\u0442\u044c \u043a\u0430\u0440\u0442\u0443 \u0442\u0435\u043a\u0443\u0449\u0435\u0439 \u0441\u0438\u0442\u0443\u0430\u0446\u0438\u0438 \u0438 \u0432\u044b\u044f\u0432\u0438\u0442\u044c \u043e\u0441\u043d\u043e\u0432\u043d\u044b\u0435 \u043f\u0440\u043e\u0431\u043b\u0435\u043c\u044b.<br \/>\n\u2714 \u041f\u0440\u0435\u0434\u043e\u0441\u0442\u0430\u0432\u0438\u0442\u044c \u043f\u0440\u0430\u043a\u0442\u0438\u0447\u0435\u0441\u043a\u0438\u0435 \u0438\u043d\u0441\u0442\u0440\u0443\u043a\u0446\u0438\u0438 \u0438 \u043c\u0435\u0442\u043e\u0434\u044b \u043f\u0440\u0435\u043e\u0434\u043e\u043b\u0435\u043d\u0438\u044f \u0441\u0438\u0442\u0443\u0430\u0446\u0438\u0438.<br \/>\n\u2714 \u041f\u0440\u0438 \u043d\u0435\u043e\u0431\u0445\u043e\u0434\u0438\u043c\u043e\u0441\u0442\u0438 \u0431\u0443\u0434\u0443\u0442 \u0440\u0435\u043a\u043e\u043c\u0435\u043d\u0434\u043e\u0432\u0430\u043d\u044b \u0434\u0430\u043b\u044c\u043d\u0435\u0439\u0448\u0438\u0435 \u0448\u0430\u0433\u0438, \u0442\u0430\u043a\u0438\u0435 \u043a\u0430\u043a \u0442\u0435\u0440\u0430\u043f\u0438\u044f \u0438\u043b\u0438 \u0434\u043e\u043f\u043e\u043b\u043d\u0438\u0442\u0435\u043b\u044c\u043d\u0430\u044f \u0434\u0438\u0430\u0433\u043d\u043e\u0441\u0442\u0438\u043a\u0430.<br \/>\n\u2714 \u041e\u043a\u0430\u0437\u044b\u0432\u0430\u0435\u0442 \u043f\u043e\u0434\u0434\u0435\u0440\u0436\u043a\u0443 \u0438 \u043f\u043e\u043d\u0438\u043c\u0430\u043d\u0438\u0435, \u043f\u043e\u043c\u043e\u0433\u0430\u0435\u0442 \u043d\u0430\u0445\u043e\u0434\u0438\u0442\u044c \u0431\u0430\u043b\u0430\u043d\u0441 \u0438 \u0440\u0435\u0448\u0435\u043d\u0438\u044f.<\/p>\n<p>&nbsp;<\/p>\n<h3>\u041f\u0441\u0438\u0445\u043e\u043b\u043e\u0433\u0438\u0447\u0435\u0441\u043a\u043e\u0435 \u043a\u043e\u043d\u0441\u0443\u043b\u044c\u0442\u0438\u0440\u043e\u0432\u0430\u043d\u0438\u0435 \u0438 \u0442\u0435\u0440\u0430\u043f\u0438\u044f &#8212; \u0432 \u0447\u0435\u043c \u0440\u0430\u0437\u043d\u0438\u0446\u0430?<\/h3>\n<p>&nbsp;<\/p>\n<p>1. \u041f\u0441\u0438\u0445\u043e\u043b\u043e\u0433\u0438\u0447\u0435\u0441\u043a\u043e\u0435 \u043a\u043e\u043d\u0441\u0443\u043b\u044c\u0442\u0438\u0440\u043e\u0432\u0430\u043d\u0438\u0435 \u043d\u043e\u0441\u0438\u0442 \u043a\u0440\u0430\u0442\u043a\u043e\u0441\u0440\u043e\u0447\u043d\u044b\u0439 \u0445\u0430\u0440\u0430\u043a\u0442\u0435\u0440 \u0438 \u043d\u0430\u043f\u0440\u0430\u0432\u043b\u0435\u043d\u043e \u043d\u0430 \u0440\u0435\u0448\u0435\u043d\u0438\u0435 \u043a\u043e\u043d\u043a\u0440\u0435\u0442\u043d\u043e\u0439 \u043f\u0440\u043e\u0431\u043b\u0435\u043c\u044b. \u041e\u043d \u043c\u043e\u0436\u0435\u0442 \u0431\u044b\u0442\u044c \u043e\u0433\u0440\u0430\u043d\u0438\u0447\u0435\u043d \u043e\u0434\u043d\u0438\u043c \u0438\u043b\u0438 \u043d\u0435\u0441\u043a\u043e\u043b\u044c\u043a\u0438\u043c\u0438 \u0441\u0435\u0430\u043d\u0441\u0430\u043c\u0438.<br \/>\n2. \u041f\u0441\u0438\u0445\u043e\u0442\u0435\u0440\u0430\u043f\u0438\u044f \u2013 \u044d\u0442\u043e \u0431\u043e\u043b\u0435\u0435 \u0434\u043e\u043b\u0433\u043e\u0441\u0440\u043e\u0447\u043d\u044b\u0439 \u0438 \u0442\u0449\u0430\u0442\u0435\u043b\u044c\u043d\u044b\u0439 \u043f\u0440\u043e\u0446\u0435\u0441\u0441, \u043a\u043e\u0442\u043e\u0440\u044b\u0439 \u0444\u043e\u043a\u0443\u0441\u0438\u0440\u0443\u0435\u0442\u0441\u044f \u043d\u0430 \u0431\u043e\u043b\u0435\u0435 \u0433\u043b\u0443\u0431\u043e\u043a\u0438\u0445 \u043f\u0441\u0438\u0445\u043e\u043b\u043e\u0433\u0438\u0447\u0435\u0441\u043a\u0438\u0445 \u043f\u0430\u0442\u0442\u0435\u0440\u043d\u0430\u0445 \u0438 \u0442\u0440\u0430\u0432\u043c\u0430\u0445.<\/p>\n<p>&nbsp;<\/p>\n<h3>\u041a\u0430\u043a \u043f\u043e\u0434\u0433\u043e\u0442\u043e\u0432\u0438\u0442\u044c\u0441\u044f \u043a \u043f\u0441\u0438\u0445\u043e\u043b\u043e\u0433\u0438\u0447\u0435\u0441\u043a\u043e\u043c\u0443 \u043a\u043e\u043d\u0441\u0443\u043b\u044c\u0442\u0438\u0440\u043e\u0432\u0430\u043d\u0438\u044e?<\/h3>\n<p>&nbsp;<\/p>\n<p>1. \u0417\u0430\u0440\u0430\u043d\u0435\u0435 \u043f\u043e\u0434\u0443\u043c\u0430\u0439\u0442\u0435 \u043e \u0442\u043e\u043c, \u0447\u0442\u043e \u0432\u0430\u0441 \u0431\u043e\u043b\u044c\u0448\u0435 \u0432\u0441\u0435\u0433\u043e \u0431\u0435\u0441\u043f\u043e\u043a\u043e\u0438\u0442 \u0438 \u0447\u0442\u043e \u0432\u044b \u0445\u043e\u0442\u0438\u0442\u0435 \u043f\u043e\u043b\u0443\u0447\u0438\u0442\u044c \u043e\u0442 \u043a\u043e\u043d\u0441\u0443\u043b\u044c\u0442\u0430\u0446\u0438\u0438.<br \/>\n2. \u0411\u0443\u0434\u044c\u0442\u0435 \u043e\u0442\u043a\u0440\u044b\u0442\u044b \u0438 \u0447\u0435\u0441\u0442\u043d\u044b \u2013 \u0447\u0435\u043c \u0431\u043e\u043b\u044c\u0448\u0435 \u0438\u043d\u0444\u043e\u0440\u043c\u0430\u0446\u0438\u0438 \u0432\u044b \u0434\u0430\u0434\u0438\u0442\u0435 \u0441\u043f\u0435\u0446\u0438\u0430\u043b\u0438\u0441\u0442\u0443, \u0442\u0435\u043c \u044d\u0444\u0444\u0435\u043a\u0442\u0438\u0432\u043d\u0435\u0435 \u0431\u0443\u0434\u0435\u0442 \u043f\u043e\u043c\u043e\u0449\u044c.<br \/>\n3. \u0415\u0441\u043b\u0438 \u0432\u043e\u0437\u043c\u043e\u0436\u043d\u043e, \u0432\u043e\u0437\u044c\u043c\u0438\u0442\u0435 \u0441 \u0441\u043e\u0431\u043e\u0439 \u0437\u0430\u043c\u0435\u0442\u043a\u0438 \u0438\u043b\u0438 \u043f\u0440\u0435\u0434\u044b\u0434\u0443\u0449\u0438\u0435 \u0434\u0438\u0430\u0433\u043d\u043e\u0437\u044b, \u043a\u043e\u0442\u043e\u0440\u044b\u0435 \u043f\u043e\u043c\u043e\u0433\u0443\u0442 \u0432\u0430\u043c \u043b\u0443\u0447\u0448\u0435 \u043f\u043e\u043d\u044f\u0442\u044c \u0441\u0438\u0442\u0443\u0430\u0446\u0438\u044e.<\/p>\n<p>&nbsp;<\/p>\n<h3>\u041a\u0430\u043a \u0437\u0430\u043f\u0438\u0441\u0430\u0442\u044c\u0441\u044f \u043d\u0430 \u043f\u0441\u0438\u0445\u043e\u043b\u043e\u0433\u0438\u0447\u0435\u0441\u043a\u0443\u044e \u043a\u043e\u043d\u0441\u0443\u043b\u044c\u0442\u0430\u0446\u0438\u044e?<\/h3>\n<p>&nbsp;<\/p>\n<p>\u0415\u0441\u043b\u0438 \u0432\u044b \u0447\u0443\u0432\u0441\u0442\u0432\u0443\u0435\u0442\u0435, \u0447\u0442\u043e \u0432\u0430\u043c \u043d\u0443\u0436\u043d\u0430 \u0441\u0440\u043e\u0447\u043d\u0430\u044f \u043f\u0441\u0438\u0445\u043e\u043b\u043e\u0433\u0438\u0447\u0435\u0441\u043a\u0430\u044f \u043f\u043e\u0434\u0434\u0435\u0440\u0436\u043a\u0430 \u0438\u043b\u0438 \u043a\u043e\u043d\u0441\u0443\u043b\u044c\u0442\u0430\u0446\u0438\u044f, \u0441\u0432\u044f\u0436\u0438\u0442\u0435\u0441\u044c \u0441 \u043d\u0430\u043c\u0438 <a href=\"https:\/\/cerveau.ee\/ru\/kontakt\/\">\u0417\u0414\u0415\u0421\u042c<\/a> \u0438\u043b\u0438 \u0437\u0430\u043f\u0438\u0448\u0438\u0442\u0435\u0441\u044c \u043d\u0430 \u043f\u0440\u0438\u0435\u043c \u043e\u043d\u043b\u0430\u0439\u043d.<\/p>\n<p>[\/vc_column_text][vc_separator type=&#187;transparent&#187; thickness=&#187;0&#8243; up=&#187;41&#8243; down=&#187;0&#8243;]<a  itemprop=\"url\" href=\"https:\/\/connectedserver.eu\/ConnectedOnlineX\/default.aspx?key=h2Dj7Ukg&#038;lang=et\" target=\"_blank\"  class=\"qbutton  medium default\" style=\"\">\u0411\u0420\u041e\u041d\u0418\u0420\u0423\u0419<\/a>[vc_separator type=&#187;transparent&#187; thickness=&#187;0&#8243; up=&#187;61&#8243; down=&#187;0&#8243;][\/vc_column][vc_column width=&#187;1\/2&#8243;][vc_video link=&#187;https:\/\/www.youtube.com\/watch?v=YJypjKnHGFQ&#187; css=&#187;&#187;][\/vc_column][\/vc_row][vc_row css_animation=&#187;&#187; row_type=&#187;row&#187; use_row_as_full_screen_section=&#187;no&#187; type=&#187;grid&#187; angled_section=&#187;no&#187; text_align=&#187;left&#187; background_image_as_pattern=&#187;without_pattern&#187; css=&#187;.vc_custom_1467646641143{padding-top: 51px !important;padding-bottom: 51px !important;background-color: #4c87ca !important;}&#187;][vc_column]<div class='qode_carousels_holder clearfix'><div class='qode_carousels' data-number-of-visible-items=''><ul class='slides'><li class='item'><div class=\"carousel_item_holder\"><span class='first_image_holder '><img decoding=\"async\" itemprop=\"image\" src=\"https:\/\/cerveau.ee\/wp-content\/uploads\/2024\/12\/terviseamet1-1.png\" alt=\"carousel image\" \/><\/span><\/div><\/li><li class='item'><div class=\"carousel_item_holder\"><span class='first_image_holder '><img decoding=\"async\" itemprop=\"image\" src=\"https:\/\/cerveau.ee\/wp-content\/uploads\/2025\/01\/pzu.png\" alt=\"carousel image\" \/><\/span><\/div><\/li><li class='item'><div class=\"carousel_item_holder\"><span class='first_image_holder '><img decoding=\"async\" itemprop=\"image\" src=\"https:\/\/cerveau.ee\/wp-content\/uploads\/2024\/12\/1.png\" alt=\"carousel image\" \/><\/span><\/div><\/li><li class='item'><div class=\"carousel_item_holder\"><span class='first_image_holder '><img decoding=\"async\" itemprop=\"image\" src=\"https:\/\/cerveau.ee\/wp-content\/uploads\/2025\/02\/ohvriabi-logo_varviline-kirjaga3.png\" alt=\"carousel image\" \/><\/span><\/div><\/li><\/ul><\/div><\/div>[\/vc_column][\/vc_row]<\/p>\n<\/div>","protected":false},"excerpt":{"rendered":"<p>[vc_row css_animation=&#187;&#187; row_type=&#187;row&#187; use_row_as_full_screen_section=&#187;no&#187; type=&#187;grid&#187; angled_section=&#187;no&#187; text_align=&#187;left&#187; background_image_as_pattern=&#187;without_pattern&#187; z_index=&#187;&#187; padding_top=&#187;80&#8243; padding_bottom=&#187;80&#8243;][vc_column width=&#187;1\/2&#8243;][vc_column_text css=&#187;&#187;] \u0427\u0442\u043e \u0442\u0430\u043a\u043e\u0435 \u043f\u0441\u0438\u0445\u043e\u043b\u043e\u0433\u0438\u0447\u0435\u0441\u043a\u043e\u0435 \u043a\u043e\u043d\u0441\u0443\u043b\u044c\u0442\u0438\u0440\u043e\u0432\u0430\u043d\u0438\u0435? &nbsp; \u041f\u0441\u0438\u0445\u043e\u043b\u043e\u0433\u0438\u0447\u0435\u0441\u043a\u043e\u0435 \u043a\u043e\u043d\u0441\u0443\u043b\u044c\u0442\u0438\u0440\u043e\u0432\u0430\u043d\u0438\u0435 \u043f\u0440\u0435\u0434\u043d\u0430\u0437\u043d\u0430\u0447\u0435\u043d\u043e \u0434\u043b\u044f \u043b\u044e\u0434\u0435\u0439, \u043a\u043e\u0442\u043e\u0440\u044b\u0435 \u0438\u0441\u043f\u044b\u0442\u044b\u0432\u0430\u044e\u0442 \u044d\u043c\u043e\u0446\u0438\u043e\u043d\u0430\u043b\u044c\u043d\u044b\u0435 \u0442\u0440\u0443\u0434\u043d\u043e\u0441\u0442\u0438, \u0441\u0442\u0440\u0435\u0441\u0441, \u0442\u0440\u0435\u0432\u043e\u0433\u0443 \u0438\u043b\u0438 \u0434\u0440\u0443\u0433\u0438\u0435 \u043f\u0440\u043e\u0431\u043b\u0435\u043c\u044b, \u043a\u043e\u0442\u043e\u0440\u044b\u0435 \u043d\u0443\u0436\u0434\u0430\u044e\u0442\u0441\u044f \u0432 \u0431\u044b\u0441\u0442\u0440\u043e\u043c \u0440\u0435\u0448\u0435\u043d\u0438\u0438, \u043d\u043e \u043d\u0435 \u0442\u0440\u0435\u0431\u0443\u044e\u0442 \u0434\u043b\u0438\u0442\u0435\u043b\u044c\u043d\u043e\u0439 \u0442\u0435\u0440\u0430\u043f\u0438\u0438. \u042d\u0442\u043e \u043f\u0440\u0430\u043a\u0442\u0438\u0447\u043d\u044b\u0439 \u0438&#8230;<\/p>\n","protected":false},"author":1,"featured_media":0,"parent":0,"menu_order":0,"comment_status":"closed","ping_status":"closed","template":"full_width.php","meta":{"footnotes":""},"class_list":["post-325","page","type-page","status-publish","hentry"],"yoast_head":"<!-- This site is optimized with the Yoast SEO plugin v27.5 - https:\/\/yoast.com\/product\/yoast-seo-wordpress\/ -->\n<title>Ps\u00fchholoogiline n\u00f5ustamine Tallinnas<\/title>\n<meta name=\"description\" content=\"Ps\u00fchholoogiline n\u00f5ustamine on suunatud inimestele, kes kogevad emotsionaalseid raskusi, stressi, \u00e4revust jne, mis vajavad kiiret lahendust.\" \/>\n<meta name=\"robots\" content=\"index, follow, max-snippet:-1, max-image-preview:large, max-video-preview:-1\" \/>\n<link rel=\"canonical\" href=\"https:\/\/cerveau.ee\/psuhholoogi-noustaja-konsultatsioon\/\" \/>\n<meta property=\"og:locale\" content=\"ru_RU\" \/>\n<meta property=\"og:type\" content=\"article\" \/>\n<meta property=\"og:title\" content=\"Ps\u00fchholoogiline n\u00f5ustamine Tallinnas\" \/>\n<meta property=\"og:description\" content=\"Ps\u00fchholoogiline n\u00f5ustamine on suunatud inimestele, kes kogevad emotsionaalseid raskusi, stressi, \u00e4revust jne, mis vajavad kiiret lahendust.\" \/>\n<meta property=\"og:url\" content=\"https:\/\/cerveau.ee\/psuhholoogi-noustaja-konsultatsioon\/\" \/>\n<meta property=\"og:site_name\" content=\"[:et]Cerveau ps\u00fchholoogiakliinik[:ru]\u041f\u0441\u0438\u0445\u043e\u043b\u043e\u0433\u0438\u0447\u0435\u0441\u043a\u0430\u044f \u043a\u043b\u0438\u043d\u0438\u043a\u0430 Cerveau[:en]Cerveau Psychological Clinic[:]\" \/>\n<meta property=\"article:modified_time\" content=\"2025-12-30T08:13:57+00:00\" \/>\n<meta name=\"twitter:card\" content=\"summary_large_image\" \/>\n<meta name=\"twitter:label1\" content=\"\u041f\u0440\u0438\u043c\u0435\u0440\u043d\u043e\u0435 \u0432\u0440\u0435\u043c\u044f \u0434\u043b\u044f \u0447\u0442\u0435\u043d\u0438\u044f\" \/>\n\t<meta name=\"twitter:data1\" content=\"2 \u043c\u0438\u043d\u0443\u0442\u044b\" \/>\n<script type=\"application\/ld+json\" class=\"yoast-schema-graph\">{\"@context\":\"https:\\\/\\\/schema.org\",\"@graph\":[{\"@type\":\"WebPage\",\"@id\":\"https:\\\/\\\/cerveau.ee\\\/psuhholoogi-noustaja-konsultatsioon\\\/\",\"url\":\"https:\\\/\\\/cerveau.ee\\\/psuhholoogi-noustaja-konsultatsioon\\\/\",\"name\":\"Ps\u00fchholoogiline n\u00f5ustamine Tallinnas\",\"isPartOf\":{\"@id\":\"https:\\\/\\\/cerveau.ee\\\/en\\\/#website\"},\"datePublished\":\"2024-11-26T06:14:24+00:00\",\"dateModified\":\"2025-12-30T08:13:57+00:00\",\"description\":\"Ps\u00fchholoogiline n\u00f5ustamine on suunatud inimestele, kes kogevad emotsionaalseid raskusi, stressi, \u00e4revust jne, mis vajavad kiiret lahendust.\",\"breadcrumb\":{\"@id\":\"https:\\\/\\\/cerveau.ee\\\/psuhholoogi-noustaja-konsultatsioon\\\/#breadcrumb\"},\"inLanguage\":\"ru-RU\",\"potentialAction\":[{\"@type\":\"ReadAction\",\"target\":[\"https:\\\/\\\/cerveau.ee\\\/psuhholoogi-noustaja-konsultatsioon\\\/\"]}]},{\"@type\":\"BreadcrumbList\",\"@id\":\"https:\\\/\\\/cerveau.ee\\\/psuhholoogi-noustaja-konsultatsioon\\\/#breadcrumb\",\"itemListElement\":[{\"@type\":\"ListItem\",\"position\":1,\"name\":\"Home\",\"item\":\"https:\\\/\\\/cerveau.ee\\\/\"},{\"@type\":\"ListItem\",\"position\":2,\"name\":\"Ps\u00fchholoogiline n\u00f5ustamine &#8211; kiire ja professionaalne vaimse tervise tugi\"}]},{\"@type\":\"WebSite\",\"@id\":\"https:\\\/\\\/cerveau.ee\\\/en\\\/#website\",\"url\":\"https:\\\/\\\/cerveau.ee\\\/en\\\/\",\"name\":\"Cerveau\",\"description\":\"\",\"publisher\":{\"@id\":\"https:\\\/\\\/cerveau.ee\\\/en\\\/#organization\"},\"potentialAction\":[{\"@type\":\"SearchAction\",\"target\":{\"@type\":\"EntryPoint\",\"urlTemplate\":\"https:\\\/\\\/cerveau.ee\\\/en\\\/?s={search_term_string}\"},\"query-input\":{\"@type\":\"PropertyValueSpecification\",\"valueRequired\":true,\"valueName\":\"search_term_string\"}}],\"inLanguage\":\"ru-RU\"},{\"@type\":\"Organization\",\"@id\":\"https:\\\/\\\/cerveau.ee\\\/en\\\/#organization\",\"name\":\"Cerveau\",\"url\":\"https:\\\/\\\/cerveau.ee\\\/en\\\/\",\"logo\":{\"@type\":\"ImageObject\",\"inLanguage\":\"ru-RU\",\"@id\":\"https:\\\/\\\/cerveau.ee\\\/en\\\/#\\\/schema\\\/logo\\\/image\\\/\",\"url\":\"https:\\\/\\\/cerveau.ee\\\/wp-content\\\/uploads\\\/2024\\\/11\\\/logo2.png\",\"contentUrl\":\"https:\\\/\\\/cerveau.ee\\\/wp-content\\\/uploads\\\/2024\\\/11\\\/logo2.png\",\"width\":319,\"height\":70,\"caption\":\"Cerveau\"},\"image\":{\"@id\":\"https:\\\/\\\/cerveau.ee\\\/en\\\/#\\\/schema\\\/logo\\\/image\\\/\"}}]}<\/script>\n<!-- \/ Yoast SEO plugin. -->","yoast_head_json":{"title":"Ps\u00fchholoogiline n\u00f5ustamine Tallinnas","description":"Ps\u00fchholoogiline n\u00f5ustamine on suunatud inimestele, kes kogevad emotsionaalseid raskusi, stressi, \u00e4revust jne, mis vajavad kiiret lahendust.","robots":{"index":"index","follow":"follow","max-snippet":"max-snippet:-1","max-image-preview":"max-image-preview:large","max-video-preview":"max-video-preview:-1"},"canonical":"https:\/\/cerveau.ee\/psuhholoogi-noustaja-konsultatsioon\/","og_locale":"ru_RU","og_type":"article","og_title":"Ps\u00fchholoogiline n\u00f5ustamine Tallinnas","og_description":"Ps\u00fchholoogiline n\u00f5ustamine on suunatud inimestele, kes kogevad emotsionaalseid raskusi, stressi, \u00e4revust jne, mis vajavad kiiret lahendust.","og_url":"https:\/\/cerveau.ee\/psuhholoogi-noustaja-konsultatsioon\/","og_site_name":"[:et]Cerveau ps\u00fchholoogiakliinik[:ru]\u041f\u0441\u0438\u0445\u043e\u043b\u043e\u0433\u0438\u0447\u0435\u0441\u043a\u0430\u044f \u043a\u043b\u0438\u043d\u0438\u043a\u0430 Cerveau[:en]Cerveau Psychological Clinic[:]","article_modified_time":"2025-12-30T08:13:57+00:00","twitter_card":"summary_large_image","twitter_misc":{"\u041f\u0440\u0438\u043c\u0435\u0440\u043d\u043e\u0435 \u0432\u0440\u0435\u043c\u044f \u0434\u043b\u044f \u0447\u0442\u0435\u043d\u0438\u044f":"2 \u043c\u0438\u043d\u0443\u0442\u044b"},"schema":{"@context":"https:\/\/schema.org","@graph":[{"@type":"WebPage","@id":"https:\/\/cerveau.ee\/psuhholoogi-noustaja-konsultatsioon\/","url":"https:\/\/cerveau.ee\/psuhholoogi-noustaja-konsultatsioon\/","name":"Ps\u00fchholoogiline n\u00f5ustamine Tallinnas","isPartOf":{"@id":"https:\/\/cerveau.ee\/en\/#website"},"datePublished":"2024-11-26T06:14:24+00:00","dateModified":"2025-12-30T08:13:57+00:00","description":"Ps\u00fchholoogiline n\u00f5ustamine on suunatud inimestele, kes kogevad emotsionaalseid raskusi, stressi, \u00e4revust jne, mis vajavad kiiret lahendust.","breadcrumb":{"@id":"https:\/\/cerveau.ee\/psuhholoogi-noustaja-konsultatsioon\/#breadcrumb"},"inLanguage":"ru-RU","potentialAction":[{"@type":"ReadAction","target":["https:\/\/cerveau.ee\/psuhholoogi-noustaja-konsultatsioon\/"]}]},{"@type":"BreadcrumbList","@id":"https:\/\/cerveau.ee\/psuhholoogi-noustaja-konsultatsioon\/#breadcrumb","itemListElement":[{"@type":"ListItem","position":1,"name":"Home","item":"https:\/\/cerveau.ee\/"},{"@type":"ListItem","position":2,"name":"Ps\u00fchholoogiline n\u00f5ustamine &#8211; kiire ja professionaalne vaimse tervise tugi"}]},{"@type":"WebSite","@id":"https:\/\/cerveau.ee\/en\/#website","url":"https:\/\/cerveau.ee\/en\/","name":"Cerveau","description":"","publisher":{"@id":"https:\/\/cerveau.ee\/en\/#organization"},"potentialAction":[{"@type":"SearchAction","target":{"@type":"EntryPoint","urlTemplate":"https:\/\/cerveau.ee\/en\/?s={search_term_string}"},"query-input":{"@type":"PropertyValueSpecification","valueRequired":true,"valueName":"search_term_string"}}],"inLanguage":"ru-RU"},{"@type":"Organization","@id":"https:\/\/cerveau.ee\/en\/#organization","name":"Cerveau","url":"https:\/\/cerveau.ee\/en\/","logo":{"@type":"ImageObject","inLanguage":"ru-RU","@id":"https:\/\/cerveau.ee\/en\/#\/schema\/logo\/image\/","url":"https:\/\/cerveau.ee\/wp-content\/uploads\/2024\/11\/logo2.png","contentUrl":"https:\/\/cerveau.ee\/wp-content\/uploads\/2024\/11\/logo2.png","width":319,"height":70,"caption":"Cerveau"},"image":{"@id":"https:\/\/cerveau.ee\/en\/#\/schema\/logo\/image\/"}}]}},"_links":{"self":[{"href":"https:\/\/cerveau.ee\/ru\/wp-json\/wp\/v2\/pages\/325","targetHints":{"allow":["GET"]}}],"collection":[{"href":"https:\/\/cerveau.ee\/ru\/wp-json\/wp\/v2\/pages"}],"about":[{"href":"https:\/\/cerveau.ee\/ru\/wp-json\/wp\/v2\/types\/page"}],"author":[{"embeddable":true,"href":"https:\/\/cerveau.ee\/ru\/wp-json\/wp\/v2\/users\/1"}],"replies":[{"embeddable":true,"href":"https:\/\/cerveau.ee\/ru\/wp-json\/wp\/v2\/comments?post=325"}],"version-history":[{"count":5,"href":"https:\/\/cerveau.ee\/ru\/wp-json\/wp\/v2\/pages\/325\/revisions"}],"predecessor-version":[{"id":1409,"href":"https:\/\/cerveau.ee\/ru\/wp-json\/wp\/v2\/pages\/325\/revisions\/1409"}],"wp:attachment":[{"href":"https:\/\/cerveau.ee\/ru\/wp-json\/wp\/v2\/media?parent=325"}],"curies":[{"name":"wp","href":"https:\/\/api.w.org\/{rel}","templated":true}]}}